{"id":1069,"date":"2018-08-31T13:11:16","date_gmt":"2018-08-31T16:11:16","guid":{"rendered":"https:\/\/ifdbolson-rng.infd.edu.ar\/sitio\/investigacion-y-extension\/"},"modified":"2026-02-24T12:46:20","modified_gmt":"2026-02-24T15:46:20","slug":"investigacion-y-extension","status":"publish","type":"page","link":"https:\/\/ifdbolson-rng.infd.edu.ar\/sitio\/investigacion-y-extension\/","title":{"rendered":"Investigaci\u00f3n y Extensi\u00f3n"},"content":{"rendered":"<p class=\"western\" lang=\"es-AR\" style=\"margin-bottom: 0.28cm; line-height: 108%; text-align: left;\"><strong><span style=\"font-family: verdana,geneva; font-size: 12pt;\"><span style=\"font-family: arial, helvetica, sans-serif;\">Para conocer <b>las propuestas y actividades<\/b> de Investigaci\u00f3n y\/o Extensi\u00f3n por favor <\/span><\/span><span style=\"font-family: verdana,geneva; font-size: 12pt;\"><span style=\"font-family: arial, helvetica, sans-serif;\">visit\u00e1 el Facebook: <a href=\"https:\/\/www.facebook.com\/profile.php?id=100013534870046\">Extensi\u00f3n IFDC<\/a><\/span><\/span><\/strong><\/p>\n<p lang=\"es-AR\">Coordinadora: Prof. Georgina Colombo<\/p>\n<h4 lang=\"es-AR\">Mail de contacto: <strong>investigacionyextensionifdc@gmail.com\u00a0<\/strong><\/h4>\n<hr \/>\n<h5 lang=\"es-AR\"><span style=\"color: #ff9900;\">Espacio Auditorio:<\/span><\/h5>\n<p>\u00a0<\/p>\n<p style=\"text-align: center;\"><div  class=\"lgc-column lgc-grid-parent lgc-grid-100 lgc-tablet-grid-50 lgc-mobile-grid-100 lgc-equal-heights \"><div  class=\"inside-grid-column\">\n<div class=\"wp-block-file\"><object class=\"wp-block-file__embed\" style=\"width: 100%; height: 600px;\" data=\"https:\/\/docs.google.com\/spreadsheets\/d\/1hnct5rvO9GH2HdUftejeS76ZNk-V6jk-\/edit?usp=drive_link&amp;ouid=108341081217619841127&amp;rtpof=true&amp;sd=true\" type=\"application\/pdf\" width=\"300\" height=\"150\" aria-label=\"Calendario Auditorio\"><\/object><a id=\"wp-block-file--media-cf0a77b4-9724-46c1-b0ca-171665308449\" href=\"https:\/\/docs.google.com\/spreadsheets\/d\/1hnct5rvO9GH2HdUftejeS76ZNk-V6jk-\/edit?usp=drive_link&amp;ouid=108341081217619841127&amp;rtpof=true&amp;sd=true\"><\/a><a class=\"wp-block-file__button wp-element-button\" href=\"https:\/\/docs.google.com\/spreadsheets\/d\/1hnct5rvO9GH2HdUftejeS76ZNk-V6jk-\/edit?usp=drive_link&amp;ouid=108341081217619841127&amp;rtpof=true&amp;sd=true\" download=\"\" aria-describedby=\"wp-block-file--media-cf0a77b4-9724-46c1-b0ca-171665308449\">Descarga<\/a><\/div>\n<div>\n<ul>\n<li><a href=\"https:\/\/ifdbolson-rng.infd.edu.ar\/sitio\/wp-content\/uploads\/2023\/06\/condiciones-de-uso-auditorio.pdf\" target=\"_blank\" rel=\"noopener\">Condiciones de uso auditorio<\/a><\/li>\n<li><a href=\"https:\/\/ifdbolson-rng.infd.edu.ar\/sitio\/wp-content\/uploads\/2023\/06\/Convenio-para-prestamos-Auditorio.pdf\" target=\"_blank\" rel=\"noopener\">Convenio para pr\u00e9stamos<\/a><\/li>\n<li>Contacto para solicitud de uso de audtorio: auditorioifdceb@gmail.com<\/li>\n<\/ul>\n<\/div>\n<h5><span style=\"color: #ff9900;\"><strong>Espacio Pasillo:<\/strong><\/span><\/h5>\n<p style=\"text-align: center;\"><div  class=\"lgc-column lgc-grid-parent lgc-grid-100 lgc-tablet-grid-50 lgc-mobile-grid-100 lgc-equal-heights \"><div  class=\"inside-grid-column\"><\/div><\/div><\/p>\n<div class=\"wp-block-file\"><object class=\"wp-block-file__embed\" style=\"width: 100%; height: 600px;\" data=\"https:\/\/docs.google.com\/spreadsheets\/d\/12NE_LQuROr64yevPdc6GYkc0XCybZC6a\/edit?usp=drive_link&amp;ouid=108341081217619841127&amp;rtpof=true&amp;sd=true\" type=\"application\/pdf\" width=\"300\" height=\"150\" aria-label=\"Calendario Pasillo\"><\/object><a id=\"wp-block-file--media-cf0a77b4-9724-46c1-b0ca-171665308449\" href=\"https:\/\/docs.google.com\/spreadsheets\/d\/12NE_LQuROr64yevPdc6GYkc0XCybZC6a\/edit?usp=drive_link&amp;ouid=108341081217619841127&amp;rtpof=true&amp;sd=true\"><\/a><a class=\"wp-block-file__button wp-element-button\" href=\"https:\/\/docs.google.com\/spreadsheets\/d\/12NE_LQuROr64yevPdc6GYkc0XCybZC6a\/edit?usp=drive_link&amp;ouid=108341081217619841127&amp;rtpof=true&amp;sd=true\" download=\"\" aria-describedby=\"wp-block-file--media-cf0a77b4-9724-46c1-b0ca-171665308449\">Descarga<\/a><\/div>\n<div>\n<ul>\n<li>contacto El Pasillo Espacio Cultural:\u00a0<a href=\"mailto:convocatoriaselpasillo@gmail.com\" target=\"_blank\" rel=\"noopener\">convocatoriaselpasillo@gmail.<wbr \/>com<\/a><\/li>\n<\/ul>\n<\/div>\n<h5 lang=\"es-AR\"><span style=\"color: #ff9900;\">Documentaci\u00f3n de I y E para descargar:<\/span><\/h5>\n<ul>\n<li><a href=\"https:\/\/ifdbolson-rng.infd.edu.ar\/sitio\/wp-content\/uploads\/2022\/02\/Disposicion_270-lineas-investigacion-y-extension.pdf\" target=\"_blank\" rel=\"noopener\">Disposici\u00f3n n\u00b0 270 &#8211; L\u00edneas de investigaci\u00f3n y extensi\u00f3n<\/a><\/li>\n<li><a href=\"https:\/\/drive.google.com\/file\/d\/1FbRtakNzuPzGZlKcUvSHCtoAeSq6tDhk\/view?usp=sharing\" target=\"_blank\" rel=\"noopener\">L\u00edneas prioritarias de Investigaci\u00f3n y Extensi\u00f3n 2026<\/a><\/li>\n<li><span style=\"color: #333333;\">Formularios de Investigaci\u00f3n:<\/span>\n<ul>\n<li><a href=\"https:\/\/ifdbolson-rng.infd.edu.ar\/sitio\/wp-content\/uploads\/2023\/02\/Formulario-para-proyectos-de-investigacion-1.pdf\">Formulario para proyectos de investigaci\u00f3n<\/a><\/li>\n<li><a href=\"https:\/\/ifdbolson-rng.infd.edu.ar\/sitio\/wp-content\/uploads\/2023\/02\/Formulario-para-informe-de-avance-proy-de-investigacion.pdf\">Formulario para informe de avance proy de investigaci\u00f3n<\/a><\/li>\n<li><a href=\"https:\/\/ifdbolson-rng.infd.edu.ar\/sitio\/wp-content\/uploads\/2023\/02\/Formulario-para-informe-final-proy-de-investigacion.pdf\">Formulario para informe final proy de investigaci\u00f3n<\/a><\/li>\n<\/ul>\n<\/li>\n<\/ul>\n<ul>\n<li><span style=\"color: #333333;\">Formularios de Extensi\u00f3n:<\/span>\n<ul>\n<li><a href=\"https:\/\/forms.gle\/k2dmVUoHiG56efEaA\" target=\"_blank\" rel=\"noopener\">Formulario para acciones de extensi\u00f3n<\/a><\/li>\n<li><a href=\"https:\/\/forms.gle\/uLneGxZipF2SaiGB6\" target=\"_blank\" rel=\"noopener\">Formulario para Talleres de Extensi\u00f3n<\/a><\/li>\n<\/ul>\n<\/li>\n<\/ul>\n<hr \/>\n<h4 style=\"text-align: center;\"><span style=\"color: #3366ff;\">Particip\u00e1 del dise\u00f1o del Logo del Club de Ciencias Ambientales del IFDC<\/span><\/h4>\n<p><img decoding=\"async\" loading=\"lazy\" class=\" wp-image-6531 aligncenter\" src=\"https:\/\/ifdbolson-rng.infd.edu.ar\/sitio\/wp-content\/uploads\/2023\/11\/logo-club-de-ciencias.jpg\" alt=\"\" width=\"337\" height=\"335\" \/><\/p>\n<p style=\"text-align: center;\"><a href=\"https:\/\/ifdbolson-rng.infd.edu.ar\/sitio\/wp-content\/uploads\/2023\/11\/Bases-final-concurso-de-diseno-de-isologo-del-CCA-El-Bolson-1.docx-2.pdf\" target=\"_blank\" rel=\"noopener\">Bases final concurso de dise\u00f1o de isologo del CCA El Bols\u00f3n<\/a><\/p>\n<hr \/>\n<p style=\"text-align: center;\"><div  class=\"lgc-column lgc-grid-parent lgc-grid-33 lgc-tablet-grid-50 lgc-mobile-grid-100 lgc-equal-heights \"><div  class=\"inside-grid-column\"><\/div><\/div> <a href=\"https:\/\/ifdbolson-rng.infd.edu.ar\/sitio\/equipo-filosofar\/\" target=\"_blank\" rel=\"noopener\"><img decoding=\"async\" loading=\"lazy\" class=\"size-full wp-image-4453 aligncenter\" src=\"https:\/\/ifdbolson-rng.infd.edu.ar\/sitio\/wp-content\/uploads\/2022\/04\/fliosofar-1.png\" alt=\"\" width=\"250\" height=\"250\" \/><\/a><\/p><\/div><\/div>\n<p style=\"text-align: center;\"><div  class=\"lgc-column lgc-grid-parent lgc-grid-33 lgc-tablet-grid-50 lgc-mobile-grid-100 lgc-equal-heights \"><div  class=\"inside-grid-column\"><a href=\"https:\/\/ifdbolson-rng.infd.edu.ar\/sitio\/grupos-de-trabajo\/proyecto-miradas-al-cielo\/\" target=\"_blank\" rel=\"noopener\"><img decoding=\"async\" loading=\"lazy\" class=\"size-full wp-image-4454 aligncenter\" src=\"https:\/\/ifdbolson-rng.infd.edu.ar\/sitio\/wp-content\/uploads\/2022\/04\/logo-osiris-pagina.png\" alt=\"\" width=\"250\" height=\"250\" \/><\/a> <\/div><\/div>\n<p style=\"text-align: center;\"><div  class=\"lgc-column lgc-grid-parent lgc-grid-33 lgc-tablet-grid-50 lgc-mobile-grid-100 lgc-equal-heights \"><div  class=\"inside-grid-column\"> <a href=\"https:\/\/ifdbolson-rng.infd.edu.ar\/sitio\/radio-ies-fm-la-continua-88-3\/\" target=\"_blank\" rel=\"noopener\"><img decoding=\"async\" loading=\"lazy\" class=\"size-full wp-image-4455 aligncenter\" src=\"https:\/\/ifdbolson-rng.infd.edu.ar\/sitio\/wp-content\/uploads\/2022\/04\/logo-la-continua.png\" alt=\"\" width=\"250\" height=\"250\" \/><\/a><\/div><\/div>\n<p>\u00a0<\/p>\n<p style=\"text-align: center;\"><div  class=\"lgc-column lgc-grid-parent lgc-grid-33 lgc-tablet-grid-50 lgc-mobile-grid-100 lgc-equal-heights \"><div  class=\"inside-grid-column\"><a href=\"https:\/\/ifdbolson-rng.infd.edu.ar\/sitio\/equipo-de-interculturalidad\/\" target=\"_blank\" rel=\"noopener\"><img decoding=\"async\" loading=\"lazy\" class=\"size-full wp-image-4459 aligncenter\" src=\"https:\/\/ifdbolson-rng.infd.edu.ar\/sitio\/wp-content\/uploads\/2022\/04\/interculturalidad.png\" alt=\"\" width=\"250\" height=\"250\" \/><\/a><\/div><\/div>\n<p style=\"text-align: center;\"><div  class=\"lgc-column lgc-grid-parent lgc-grid-33 lgc-tablet-grid-50 lgc-mobile-grid-100 lgc-equal-heights \"><div  class=\"inside-grid-column\"><a href=\"https:\/\/ifdbolson-rng.infd.edu.ar\/sitio\/equipo-de-inclusion\/\" target=\"_blank\" rel=\"noopener\"><img decoding=\"async\" loading=\"lazy\" class=\"size-full wp-image-4479 aligncenter\" src=\"https:\/\/ifdbolson-rng.infd.edu.ar\/sitio\/wp-content\/uploads\/2022\/04\/Equipo-de-inclusion-1.png\" alt=\"\" width=\"250\" height=\"250\" \/><\/a>\u00a0<\/div><\/div>\n<p style=\"text-align: center;\"><div  class=\"lgc-column lgc-grid-parent lgc-grid-33 lgc-tablet-grid-50 lgc-mobile-grid-100 lgc-equal-heights \"><div  class=\"inside-grid-column\"> <a href=\"https:\/\/ifdbolson-rng.infd.edu.ar\/sitio\/equipo-de-genero\/\" target=\"_blank\" rel=\"noopener\"><img decoding=\"async\" loading=\"lazy\" class=\"size-full wp-image-4461 aligncenter\" src=\"https:\/\/ifdbolson-rng.infd.edu.ar\/sitio\/wp-content\/uploads\/2022\/04\/Equipo-de-genero1.png\" alt=\"\" width=\"250\" height=\"250\" \/><\/a><\/div><\/div>\n<p style=\"text-align: center;\"><div  class=\"lgc-column lgc-grid-parent lgc-grid-33 lgc-tablet-grid-50 lgc-mobile-grid-100 lgc-equal-heights \"><div  class=\"inside-grid-column\">\n<p style=\"text-align: center;\"><a href=\"https:\/\/ifdbolson-rng.infd.edu.ar\/sitio\/el-pasillo-espacio-cultural\/\" target=\"_blank\" rel=\"noopener\"><img decoding=\"async\" loading=\"lazy\" class=\"alignnone size-full wp-image-4524\" src=\"https:\/\/ifdbolson-rng.infd.edu.ar\/sitio\/wp-content\/uploads\/2022\/04\/logo300rojo.jpg\" alt=\"\" width=\"250\" height=\"239\" \/><\/a><\/p>\n<p style=\"text-align: center;\"><\/p><\/div><\/div>\n<p style=\"text-align: center;\"><div  class=\"lgc-column lgc-grid-parent lgc-grid-33 lgc-tablet-grid-50 lgc-mobile-grid-100 lgc-equal-heights \"><div  class=\"inside-grid-column\">\n<p style=\"text-align: center;\"><a href=\"https:\/\/ifdbolson-rng.infd.edu.ar\/sitio\/publicaciones\/\" target=\"_blank\" rel=\"noopener\"><img decoding=\"async\" loading=\"lazy\" class=\"alignnone size-full wp-image-4987\" src=\"https:\/\/ifdbolson-rng.infd.edu.ar\/sitio\/wp-content\/uploads\/2022\/08\/logo-publicaciones.png\" alt=\"\" width=\"251\" height=\"251\" \/><\/a><\/p>\n<p style=\"text-align: center;\"><\/p><\/div><\/div>\n<p style=\"text-align: center;\"><div  class=\"lgc-column lgc-grid-parent lgc-grid-33 lgc-tablet-grid-50 lgc-mobile-grid-100 lgc-equal-heights \"><div  class=\"inside-grid-column\">\n<p style=\"text-align: center;\"><a href=\"https:\/\/ifdbolson-rng.infd.edu.ar\/sitio\/espacio-cultural-el-auditorio\/\" target=\"_blank\" rel=\"noopener\"><img decoding=\"async\" loading=\"lazy\" class=\"alignnone  wp-image-5010\" src=\"https:\/\/ifdbolson-rng.infd.edu.ar\/sitio\/wp-content\/uploads\/2022\/08\/logo-auditorio.png\" alt=\"\" width=\"305\" height=\"207\" \/><\/a><\/p>\n<p style=\"text-align: center;\"><\/p><\/div><\/div>\n<p style=\"text-align: center;\"><a href=\"https:\/\/mediacionescolarelbolson.blogspot.com\/2023\/02\/un-recorrido-de-varios-anos-por-la.html\" target=\"_blank\" rel=\"noopener\"><img decoding=\"async\" loading=\"lazy\" class=\"alignnone  wp-image-5936\" src=\"https:\/\/ifdbolson-rng.infd.edu.ar\/sitio\/wp-content\/uploads\/2023\/04\/Equipo-de-mediacion.png\" alt=\"\" width=\"281\" height=\"281\" \/><\/a><\/p>\n<p style=\"text-align: center;\"><div  class=\"lgc-column lgc-grid-parent lgc-grid-33 lgc-tablet-grid-50 lgc-mobile-grid-100 lgc-equal-heights \"><div  class=\"inside-grid-column\"><\/div><\/div>\n\n\n<p><\/p>\n","protected":false},"excerpt":{"rendered":"<p>Para conocer las propuestas y actividades de Investigaci\u00f3n y\/o Extensi\u00f3n por favor visit\u00e1 el Facebook: Extensi\u00f3n IFDC Coordinadora: Prof. Georgina Colombo Mail de contacto: investigacionyextensionifdc@gmail.com\u00a0 Espacio Auditorio: \u00a0 \u00a0<\/p>\n","protected":false},"author":666,"featured_media":0,"parent":0,"menu_order":0,"comment_status":"closed","ping_status":"closed","template":"","meta":[],"acf":[],"_links":{"self":[{"href":"https:\/\/ifdbolson-rng.infd.edu.ar\/sitio\/wp-json\/wp\/v2\/pages\/1069"}],"collection":[{"href":"https:\/\/ifdbolson-rng.infd.edu.ar\/sitio\/wp-json\/wp\/v2\/pages"}],"about":[{"href":"https:\/\/ifdbolson-rng.infd.edu.ar\/sitio\/wp-json\/wp\/v2\/types\/page"}],"author":[{"embeddable":true,"href":"https:\/\/ifdbolson-rng.infd.edu.ar\/sitio\/wp-json\/wp\/v2\/users\/666"}],"replies":[{"embeddable":true,"href":"https:\/\/ifdbolson-rng.infd.edu.ar\/sitio\/wp-json\/wp\/v2\/comments?post=1069"}],"version-history":[{"count":48,"href":"https:\/\/ifdbolson-rng.infd.edu.ar\/sitio\/wp-json\/wp\/v2\/pages\/1069\/revisions"}],"predecessor-version":[{"id":8212,"href":"https:\/\/ifdbolson-rng.infd.edu.ar\/sitio\/wp-json\/wp\/v2\/pages\/1069\/revisions\/8212"}],"wp:attachment":[{"href":"https:\/\/ifdbolson-rng.infd.edu.ar\/sitio\/wp-json\/wp\/v2\/media?parent=1069"}],"curies":[{"name":"wp","href":"https:\/\/api.w.org\/{rel}","templated":true}]}}