{"id":1071,"date":"2018-08-31T13:11:16","date_gmt":"2018-08-31T16:11:16","guid":{"rendered":"https:\/\/ifdbolson-rng.infd.edu.ar\/sitio\/formacion-permanente\/"},"modified":"2026-02-19T08:25:50","modified_gmt":"2026-02-19T11:25:50","slug":"formacion-permanente","status":"publish","type":"page","link":"https:\/\/ifdbolson-rng.infd.edu.ar\/sitio\/formacion-permanente\/","title":{"rendered":"Formaci\u00f3n Permanente"},"content":{"rendered":"<p>Coordinadora: Prof. Berta Olatte<\/p>\n<p>Mail de contacto: <a href=\"mailto:capacitacionifdcelbolson@gmail.com\"><em>capacitacionifdcelbolson@gmail.com<\/em><\/a><\/p>\n<h2 style=\"text-align: center;\"><span style=\"color: #333399;\">Propuestas de Formaci\u00f3n Permanente 2026.<\/span><\/h2>\n<p><img decoding=\"async\" loading=\"lazy\" class=\"wp-image-8153 aligncenter\" src=\"https:\/\/ifdbolson-rng.infd.edu.ar\/sitio\/wp-content\/uploads\/2026\/02\/2-707x1000.png\" alt=\"\" width=\"394\" height=\"557\" srcset=\"https:\/\/ifdbolson-rng.infd.edu.ar\/sitio\/wp-content\/uploads\/2026\/02\/2-707x1000.png 707w, https:\/\/ifdbolson-rng.infd.edu.ar\/sitio\/wp-content\/uploads\/2026\/02\/2-1343x1900.png 1343w, https:\/\/ifdbolson-rng.infd.edu.ar\/sitio\/wp-content\/uploads\/2026\/02\/2-768x1086.png 768w, https:\/\/ifdbolson-rng.infd.edu.ar\/sitio\/wp-content\/uploads\/2026\/02\/2-1086x1536.png 1086w, https:\/\/ifdbolson-rng.infd.edu.ar\/sitio\/wp-content\/uploads\/2026\/02\/2.png 1414w\" sizes=\"(max-width: 394px) 100vw, 394px\" \/><\/p>\n<div><\/div>\n<div style=\"text-align: left;\"><b>Ateneo \u00abEnse\u00f1ar en la educaci\u00f3n inicial: pensar la evaluaci\u00f3n en tiempos de smartphonizaci\u00f3n\u00bb<\/b><\/div>\n<div style=\"text-align: left;\">Propuesta de formaci\u00f3n permanente a cargo del Dr. Daniel Brailovsky (Resoluci\u00f3n en tr\u00e1mite &#8211; Ministerio de Educaci\u00f3n y DD.HH de R\u00edo Negro). Para tener la certificaci\u00f3n y puntaje correspondiente se deber\u00e1 participar de los tres encuentros y la elaboraci\u00f3n de un trabajo final. Todos los encuentros se desarrollar\u00e1n en el auditorio del IFDC El Bols\u00f3n.<\/div>\n<p style=\"text-align: left;\"><a href=\"https:\/\/forms.gle\/C9thTRknGqxKoCvT6\" target=\"_blank\" rel=\"noopener\">Formulario para PARTICIPAR EL VIERNES EN EL TURNO MA\u00d1ANA 9 A 12 HS<\/a><br \/>\n<a href=\"https:\/\/forms.gle\/HjnXh7Sk7gmEsQuD7\" target=\"_blank\" rel=\"noopener\">Formulario para PARTICIPAR EL VIERNES EN EL TURNO MA\u00d1ANA 14 A 17 HS<\/a><\/p>\n<p style=\"text-align: center;\">\n<h4 style=\"text-align: center;\"><\/h4>\n<p style=\"text-align: center;\">\n","protected":false},"excerpt":{"rendered":"<p>Coordinadora: Prof. Berta Olatte Mail de contacto: capacitacionifdcelbolson@gmail.com Propuestas de Formaci\u00f3n Permanente 2026. Ateneo \u00abEnse\u00f1ar en la educaci\u00f3n inicial: pensar la evaluaci\u00f3n en tiempos de smartphonizaci\u00f3n\u00bb Propuesta de formaci\u00f3n permanente a cargo del Dr. Daniel Brailovsky (Resoluci\u00f3n en tr\u00e1mite &#8211; Ministerio de Educaci\u00f3n y DD.HH de R\u00edo Negro). Para tener la certificaci\u00f3n y puntaje correspondiente &#8230; <a title=\"Formaci\u00f3n Permanente\" class=\"read-more\" href=\"https:\/\/ifdbolson-rng.infd.edu.ar\/sitio\/formacion-permanente\/\" aria-label=\"More on Formaci\u00f3n Permanente\">[+]<\/a><\/p>\n","protected":false},"author":666,"featured_media":0,"parent":0,"menu_order":0,"comment_status":"closed","ping_status":"closed","template":"","meta":[],"acf":[],"_links":{"self":[{"href":"https:\/\/ifdbolson-rng.infd.edu.ar\/sitio\/wp-json\/wp\/v2\/pages\/1071"}],"collection":[{"href":"https:\/\/ifdbolson-rng.infd.edu.ar\/sitio\/wp-json\/wp\/v2\/pages"}],"about":[{"href":"https:\/\/ifdbolson-rng.infd.edu.ar\/sitio\/wp-json\/wp\/v2\/types\/page"}],"author":[{"embeddable":true,"href":"https:\/\/ifdbolson-rng.infd.edu.ar\/sitio\/wp-json\/wp\/v2\/users\/666"}],"replies":[{"embeddable":true,"href":"https:\/\/ifdbolson-rng.infd.edu.ar\/sitio\/wp-json\/wp\/v2\/comments?post=1071"}],"version-history":[{"count":265,"href":"https:\/\/ifdbolson-rng.infd.edu.ar\/sitio\/wp-json\/wp\/v2\/pages\/1071\/revisions"}],"predecessor-version":[{"id":8156,"href":"https:\/\/ifdbolson-rng.infd.edu.ar\/sitio\/wp-json\/wp\/v2\/pages\/1071\/revisions\/8156"}],"wp:attachment":[{"href":"https:\/\/ifdbolson-rng.infd.edu.ar\/sitio\/wp-json\/wp\/v2\/media?parent=1071"}],"curies":[{"name":"wp","href":"https:\/\/api.w.org\/{rel}","templated":true}]}}