{"id":1077,"date":"2018-08-31T13:11:20","date_gmt":"2018-08-31T16:11:20","guid":{"rendered":"https:\/\/ifdbolson-rng.infd.edu.ar\/sitio\/concursos-docentes\/"},"modified":"2026-04-16T12:36:54","modified_gmt":"2026-04-16T15:36:54","slug":"concursos-docentes","status":"publish","type":"page","link":"https:\/\/ifdbolson-rng.infd.edu.ar\/sitio\/concursos-docentes\/","title":{"rendered":"Concursos docentes"},"content":{"rendered":"<h3 style=\"text-align: center;\"><span style=\"font-size: 14pt; color: #800080;\"><strong>Llamados a concursos 2026<\/strong><\/span><\/h3>\n<p style=\"text-align: left;\">PROFESORADO DE ARTES VISUALES<\/p>\n<p>PROFESORADO DE EDUCACI\u00d3N INICIAL<\/p>\n<p style=\"text-align: left;\">PROFESORADO DE HISTORIA<\/p>\n<p style=\"text-align: left;\">PROFESORADO DE EDUCACI\u00d3N PRIMARIA<\/p>\n<p><a href=\"https:\/\/ifdbolson-rng.infd.edu.ar\/sitio\/wp-content\/uploads\/2026\/04\/Bases-Area-de-Cs.-de-la-Educacion-Psicologi\u0301a-Educacional-Abril-26.pdf\">Bases \u00c1rea de Cs. de la Educaci\u00f3n &#8211; Psicologi\u0301a Educacional &#8211; Cierra el lunes 27 de Abril del 2026 a las 12.00<\/a><\/p>\n<p><a href=\"https:\/\/ifdbolson-rng.infd.edu.ar\/sitio\/wp-content\/uploads\/2026\/04\/bases-del-Area-de-Practica-Docente-abril-2026.pdf\">Bases \u00c1rea de Pr\u00e1ctica Docente &#8211; Cierra el lunes 27 de abril del 2026 a las 12.00<\/a><\/p>\n<h6><strong>N\u00d3MINA DE POSTULANTES Y MIEMBROS DE JURADOS 2026<\/strong><\/h6>\n<p><a href=\"https:\/\/ifdbolson-rng.infd.edu.ar\/sitio\/wp-content\/uploads\/2026\/04\/nomina-de-postulantes-Jurados-y-orden-de-merito-1.pdf\">n\u00f3mina de postulantes, Jurados y orden de m\u00e9rito<\/a><\/p>\n<h1><span style=\"color: #000080;\"><strong><span style=\"font-size: 10pt;\">\u00a0REGLAMENTACI\u00d3N\u00a0<\/span><\/strong><\/span><\/h1>\n<ul>\n<li><a href=\"https:\/\/ifdbolson-rng.infd.edu.ar\/sitio\/wp-content\/uploads\/2023\/02\/ROM.pdf\" target=\"_blank\" rel=\"noopener\">Reglamento Org\u00e1nico Marco Resoluci\u00f3n N\u00b0 2425\/16\u2013 Anexo I\u00a0<\/a><\/li>\n<li><a href=\"https:\/\/ifdbolson-rng.infd.edu.ar\/sitio\/wp-content\/uploads\/2019\/06\/REGLAMENTO-ACADEMICO-MARCO-ANEXO-I-JUNIO-2016.pdf\" target=\"_blank\" rel=\"noopener\">Reglamento Acad\u00e9mico Marco Resoluci\u00f3n N\u00b0 4077\/14<\/a><\/li>\n<li><a href=\"https:\/\/ifdbolson-rng.infd.edu.ar\/sitio\/wp-content\/uploads\/2026\/02\/Res-439_26_Concursos-Interinos-y-Suplentes.pdf\" target=\"_blank\" rel=\"noopener\">Reglamento de Concursos Profesores Interinos y Suplentes \u2013 Anexo I Resoluci\u00f3n N\u00b0 439\/26<\/a><\/li>\n<li><a href=\"https:\/\/ifdbolson-rng.infd.edu.ar\/sitio\/wp-content\/uploads\/2018\/11\/DC-Profesorado-de-Primaria-A%C3%B1o-2015.pdf\" target=\"_blank\" rel=\"noopener\">Dise\u00f1o Curricular Profesorado de Educaci\u00f3n Primaria.<\/a><\/li>\n<li><a href=\"https:\/\/ifdbolson-rng.infd.edu.ar\/sitio\/wp-content\/uploads\/2018\/11\/PROFESORADO-DE-NIVEL-INICIAL-2.12.2015.pdf\" target=\"_blank\" rel=\"noopener\">Dise\u00f1o Curricular Profesorado de Educaci\u00f3n Inicial.<\/a><\/li>\n<li><a href=\"https:\/\/ifdbolson-rng.infd.edu.ar\/sitio\/wp-content\/uploads\/2018\/11\/DC-Historia-A%C3%91O-2015.pdf\" target=\"_blank\" rel=\"noopener\">Dise\u00f1o Curricular Profesorado de Educaci\u00f3n Secundaria en Historia.<\/a><\/li>\n<li><a href=\"https:\/\/ifdbolson-rng.infd.edu.ar\/sitio\/wp-content\/uploads\/2018\/11\/DC-Profesorado-Artes-Visuales-A%C3%B1o-2015.pdf\" target=\"_blank\" rel=\"noopener\">Dise\u00f1o Curricular Profesorado de Artes Visuales.<\/a><\/li>\n<li><a href=\"https:\/\/ifdbolson-rng.infd.edu.ar\/sitio\/wp-content\/uploads\/2026\/02\/02427-16-Anexo-Reglamento-de-Practicas.pdf\" target=\"_blank\" rel=\"noopener\">Reglamento de Pr\u00e1ctica Docente &#8211; Res. Nro. 6006\/24 &#8211; Anexo I<\/a><\/li>\n<li><a href=\"https:\/\/ifdbolson-rng.infd.edu.ar\/sitio\/wp-content\/uploads\/2026\/02\/disp-884-25_DES-FI.pdf\" target=\"_blank\" rel=\"noopener\">Disposici\u00f3n 884\/25 \u2013 DES &#8211; Lineamientos para el desarrollo de las actividades de Formaci\u00f3n Inicial en los IFDC de R\u00edo Negro \u2013 Anexo I.<\/a><\/li>\n<li><a href=\"https:\/\/ifdbolson-rng.infd.edu.ar\/sitio\/wp-content\/uploads\/2026\/02\/disp-1094-24-distribucion-cargas-horarias.pdf\" target=\"_blank\" rel=\"noopener\">Disp. Nro. 1094\/24 DES &#8211; Distribuci\u00f3n de la carga horaria destinada a las funciones de Formaci\u00f3n Permanente y la Investigaci\u00f3n y Extensi\u00f3n.<\/a><\/li>\n<li><a href=\"https:\/\/ifdbolson-rng.infd.edu.ar\/sitio\/wp-content\/uploads\/2026\/02\/res-642-17-lineamientos-y-requisitos-declarar-de-interes-educativo.pdf\" target=\"_blank\" rel=\"noopener\">Res. Nro. 642\/17 &#8211; Lineamientos y Requisitos para Declarar de Inter\u00e9s Educativo las propuestas de Desarrollo Profesional Docente y Formaci\u00f3n Permanente.<\/a><\/li>\n<li><a href=\"https:\/\/ifdbolson-rng.infd.edu.ar\/sitio\/wp-content\/uploads\/2026\/02\/disp-270-19-investigacion-y-extension.pdf\" target=\"_blank\" rel=\"noopener\">Disp. Nro. 270\/19 DES &#8211; Lineamientos Generales para la Investigaci\u00f3n y la Extensi\u00f3n en los Institutos de Formaci\u00f3n Docente Continua de la Provincia de R\u00edo Negro.<\/a><\/li>\n<li><a href=\"https:\/\/ifdbolson-rng.infd.edu.ar\/sitio\/wp-content\/uploads\/2024\/11\/01403-10-Compatibilidad-de-30-hs.pdf\" target=\"_blank\" rel=\"noopener\">Res. Nro. 01403\/10 Compatibilidad de 30 hs<\/a><\/li>\n<li><a href=\"https:\/\/ifdbolson-rng.infd.edu.ar\/sitio\/wp-content\/uploads\/2023\/08\/4940-23-creacion-sala-de-ninos-julio-2023.pdf\">Res. Nro. 4940-23 &#8211; Espacio de Cuidado y Juego para hijas e hijos de estudiantes de los Institutos de Formaci\u00f3n Docente\u00a0 continua de la jurisdicci\u00f3n.<\/a><\/li>\n<li><a href=\"https:\/\/ifdbolson-rng.infd.edu.ar\/sitio\/wp-content\/uploads\/2020\/10\/protocolo-violencia-sexista.pdf\" target=\"_blank\" rel=\"noopener\">Protocolo Institucional para la prevenci\u00f3n y el tratamiento de la violencia sexista<\/a>.<\/li>\n<li><a href=\"https:\/\/ifdbolson-rng.infd.edu.ar\/sitio\/wp-content\/uploads\/2024\/05\/Acuerdos-de-convivencia-institucional-y-abordaje-de-situaciones-conflictivas_Version-Aprobada-por-Consejo-Directivo.pdf\">Acuerdos de convivencia institucional y abordaje de situaciones conflictivas.<\/a><\/li>\n<li><a href=\"https:\/\/ifdbolson-rng.infd.edu.ar\/sitio\/wp-content\/uploads\/2024\/08\/Dsiposicion-N\u00b0-190-23-DES-Validez.pdf\" target=\"_blank\" rel=\"noopener\">Disposici\u00f3n Nro 190\/23 DES -S\/ Validez de Talleres y Seminarios<\/a><\/li>\n<\/ul>\n<p><span style=\"font-size: 10pt;\"><a title=\"his ame\" href=\"upload\/bases_Historia_americana_I_y_II_Profesorado_de_Historia_-_marzo_2017.pdf\" target=\"_blank\" rel=\"noopener\">\u00a0<\/a><\/span><\/p>\n\n\n<p><\/p>\n","protected":false},"excerpt":{"rendered":"<p>Llamados a concursos 2026 PROFESORADO DE ARTES VISUALES PROFESORADO DE EDUCACI\u00d3N INICIAL PROFESORADO DE HISTORIA PROFESORADO DE EDUCACI\u00d3N PRIMARIA Bases \u00c1rea de Cs. de la Educaci\u00f3n &#8211; Psicologi\u0301a Educacional &#8211; Cierra el lunes 27 de Abril del 2026 a las 12.00 Bases \u00c1rea de Pr\u00e1ctica Docente &#8211; Cierra el lunes 27 de abril del 2026 &#8230; <a title=\"Concursos docentes\" class=\"read-more\" href=\"https:\/\/ifdbolson-rng.infd.edu.ar\/sitio\/concursos-docentes\/\" aria-label=\"More on Concursos docentes\">[+]<\/a><\/p>\n","protected":false},"author":3048,"featured_media":0,"parent":0,"menu_order":0,"comment_status":"closed","ping_status":"closed","template":"","meta":[],"acf":[],"_links":{"self":[{"href":"https:\/\/ifdbolson-rng.infd.edu.ar\/sitio\/wp-json\/wp\/v2\/pages\/1077"}],"collection":[{"href":"https:\/\/ifdbolson-rng.infd.edu.ar\/sitio\/wp-json\/wp\/v2\/pages"}],"about":[{"href":"https:\/\/ifdbolson-rng.infd.edu.ar\/sitio\/wp-json\/wp\/v2\/types\/page"}],"author":[{"embeddable":true,"href":"https:\/\/ifdbolson-rng.infd.edu.ar\/sitio\/wp-json\/wp\/v2\/users\/3048"}],"replies":[{"embeddable":true,"href":"https:\/\/ifdbolson-rng.infd.edu.ar\/sitio\/wp-json\/wp\/v2\/comments?post=1077"}],"version-history":[{"count":483,"href":"https:\/\/ifdbolson-rng.infd.edu.ar\/sitio\/wp-json\/wp\/v2\/pages\/1077\/revisions"}],"predecessor-version":[{"id":8337,"href":"https:\/\/ifdbolson-rng.infd.edu.ar\/sitio\/wp-json\/wp\/v2\/pages\/1077\/revisions\/8337"}],"wp:attachment":[{"href":"https:\/\/ifdbolson-rng.infd.edu.ar\/sitio\/wp-json\/wp\/v2\/media?parent=1077"}],"curies":[{"name":"wp","href":"https:\/\/api.w.org\/{rel}","templated":true}]}}