{"id":1096,"date":"2018-08-31T13:11:29","date_gmt":"2018-08-31T16:11:29","guid":{"rendered":"https:\/\/ifdbolson-rng.infd.edu.ar\/sitio\/consejo-directivo\/"},"modified":"2025-08-08T13:37:26","modified_gmt":"2025-08-08T16:37:26","slug":"consejo-directivo","status":"publish","type":"page","link":"https:\/\/ifdbolson-rng.infd.edu.ar\/sitio\/consejo-directivo\/","title":{"rendered":"Consejo Directivo"},"content":{"rendered":"<p style=\"text-align: left;\"><span style=\"color: #003300;\"><span style=\"font-size: 12pt; font-family: arial, helvetica, sans-serif; background-color: #ffffff;\">El gobierno de lo Institutos se organiza bajo la figura del co-gobierno, ejercida por un Consejo Directivo que preside el\/la Director\/a y que integran los representantes de docentes, estudiantes y egresados. Es el \u00f3rgano responsable por el desarrollo del proyecto formativo institucional y de la orientaci\u00f3n, asesoramiento \u00a0supervisi\u00f3n de su gesti\u00f3n, promueve la participaci\u00f3n de los claustros que lo componen a trav\u00e9s de sus representantes, quienes tienen adem\u00e1s la responsabilidad de ser el veh\u00edculo para la informaci\u00f3n y consulta del colectivo al que representan.<\/span><\/span><\/p>\n<p style=\"text-align: left;\"><span style=\"color: #003300;\"><span style=\"font-size: 12pt; font-family: arial, helvetica, sans-serif; background-color: #ffffff;\">Fuente: R.O.M. Cap\u00edtulo 2: \u00c1rea de Gobierno (Art. 33\u00b0)<\/span><\/span><\/p>\n<p>Consejo Directivo: conformado por representantes de los claustros<\/p>\n<p><em>Claustro de docentes<\/em>:<\/p>\n<p><strong>Titulares<\/strong>:<\/p>\n<p>Berta Olatte y Florencia Fern\u00e1ndez<\/p>\n<p>Mart\u00edn Petronacci y Cristian Amela<\/p>\n<p><strong>Suplentes:<\/strong><\/p>\n<p>Ayel\u00e9n Rusterholz y Mar\u00eda Insfran<\/p>\n<p>Mateo L\u00f3pez y Patricia Barreiro<\/p>\n<p><em>Claustro de Estudiantes:\u00a0<\/em><\/p>\n<p><strong>Titulares:<\/strong> Lorena Altamirano e Ignacio Soffiantini<\/p>\n<p><strong>Suplentes<\/strong>: Santiago Campos, Jennifer Sandoval y Bruno Chaparro<\/p>\n<p>Mail de contacto: estudiantesconsejerosifdc@gmail.com<\/p>\n<p><em>Claustro de egresados\/as:<\/em><\/p>\n<p>Titulares: Ana Paula St\u00edmolo \u2013 Roque Garc\u00eda<\/p>\n<p>Suplentes: Roc\u00edo Cerda\u00a0 y Ray\u00e9n S\u00e1ez<\/p>\n<p style=\"text-align: left;\"><strong><span style=\"color: #003300;\"><span style=\"font-size: 12pt; font-family: arial, helvetica, sans-serif; background-color: #ffffff;\">Los Miembros del Consejo Directivo son los siguientes:<\/span><\/span><\/strong><\/p>\n<p><em>Claustro de docentes<\/em><\/p>\n<p><strong>Titulares<\/strong>:<\/p>\n<p>Berta Olatte y Florencia Fern\u00e1ndez<\/p>\n<p>Mart\u00edn Petronacci y Cristian Amela<\/p>\n<p><strong>Suplentes:<\/strong><\/p>\n<p>Mateo L\u00f3pez y Patricia Barreiro<\/p>\n<p><em>Claustro de Estudiantes:\u00a0<\/em><\/p>\n<p><strong>Titulares:<\/strong> Lorena Altamirano<\/p>\n<p><strong>Suplentes<\/strong>: Dana Mercado e Ignacio Soffiantini<\/p>\n<p><em>Claustro de egresados\/as:<\/em><\/p>\n<p>Titulares: Ana Paula St\u00edmolo &#8211; Roque Garc\u00eda<\/p>\n<p>Suplentes: Roc\u00edo Cerda\u00a0 y Ray\u00e9n S\u00e1ez<\/p>\n<p style=\"text-align: left;\">\n<p style=\"text-align: center;\">\n","protected":false},"excerpt":{"rendered":"<p>El gobierno de lo Institutos se organiza bajo la figura del co-gobierno, ejercida por un Consejo Directivo que preside el\/la Director\/a y que integran los representantes de docentes, estudiantes y egresados. Es el \u00f3rgano responsable por el desarrollo del proyecto formativo institucional y de la orientaci\u00f3n, asesoramiento \u00a0supervisi\u00f3n de su gesti\u00f3n, promueve la participaci\u00f3n de &#8230; <a title=\"Consejo Directivo\" class=\"read-more\" href=\"https:\/\/ifdbolson-rng.infd.edu.ar\/sitio\/consejo-directivo\/\" aria-label=\"More on Consejo Directivo\">[+]<\/a><\/p>\n","protected":false},"author":666,"featured_media":0,"parent":0,"menu_order":0,"comment_status":"closed","ping_status":"closed","template":"","meta":[],"acf":[],"_links":{"self":[{"href":"https:\/\/ifdbolson-rng.infd.edu.ar\/sitio\/wp-json\/wp\/v2\/pages\/1096"}],"collection":[{"href":"https:\/\/ifdbolson-rng.infd.edu.ar\/sitio\/wp-json\/wp\/v2\/pages"}],"about":[{"href":"https:\/\/ifdbolson-rng.infd.edu.ar\/sitio\/wp-json\/wp\/v2\/types\/page"}],"author":[{"embeddable":true,"href":"https:\/\/ifdbolson-rng.infd.edu.ar\/sitio\/wp-json\/wp\/v2\/users\/666"}],"replies":[{"embeddable":true,"href":"https:\/\/ifdbolson-rng.infd.edu.ar\/sitio\/wp-json\/wp\/v2\/comments?post=1096"}],"version-history":[{"count":23,"href":"https:\/\/ifdbolson-rng.infd.edu.ar\/sitio\/wp-json\/wp\/v2\/pages\/1096\/revisions"}],"predecessor-version":[{"id":7836,"href":"https:\/\/ifdbolson-rng.infd.edu.ar\/sitio\/wp-json\/wp\/v2\/pages\/1096\/revisions\/7836"}],"wp:attachment":[{"href":"https:\/\/ifdbolson-rng.infd.edu.ar\/sitio\/wp-json\/wp\/v2\/media?parent=1096"}],"curies":[{"name":"wp","href":"https:\/\/api.w.org\/{rel}","templated":true}]}}