{"id":1110,"date":"2018-08-31T13:11:34","date_gmt":"2018-08-31T16:11:34","guid":{"rendered":"https:\/\/ifdbolson-rng.infd.edu.ar\/sitio\/autoridades\/"},"modified":"2025-09-09T10:41:51","modified_gmt":"2025-09-09T13:41:51","slug":"autoridades","status":"publish","type":"page","link":"https:\/\/ifdbolson-rng.infd.edu.ar\/sitio\/autoridades\/","title":{"rendered":"Autoridades"},"content":{"rendered":"<p class=\"Titulo1\" style=\"text-align: center;\"><span style=\"font-size: 14pt; color: #3366ff;\"><span style=\"font-family: arial,helvetica,sans-serif;\">Autoridades del Instituto<\/span><\/span><\/p>\n<p><span style=\"font-size: 12pt;\"><span style=\"font-family: arial,helvetica,sans-serif;\">Directora:\u00a0<\/span><span style=\"font-family: arial,helvetica,sans-serif;\"> Prof. Carla Anah\u00ed Rozas\u00a0<\/span><\/span><\/p>\n<p><span style=\"font-size: 12pt;\"><span style=\"font-family: arial,helvetica,sans-serif;\">Consejo Directivo: conformado por representantes de los claustros <\/span><\/span><\/p>\n<p><em>Claustro de docentes<\/em>:<\/p>\n<p><strong>Titulares<\/strong>:<\/p>\n<p>Berta Olatte y Florencia Fern\u00e1ndez<\/p>\n<p>Mart\u00edn Petronacci y Cristian Amela<\/p>\n<p><strong>Suplentes:<\/strong><\/p>\n<p>Ayel\u00e9n Rusterholz y Mar\u00eda Insfran<\/p>\n<p>Mateo L\u00f3pez y Patricia Barreiro<\/p>\n<p><em>Claustro de Estudiantes:\u00a0<\/em><\/p>\n<p><strong>Titulares:<\/strong> Lorena Altamirano e Ignacio Soffiantini<\/p>\n<p><strong>Suplentes<\/strong>: Santiago Campos, Jennifer Sandoval y Bruno Chaparro<\/p>\n<p>Mail de contacto: estudiantesconsejerosifdc@gmail.com<\/p>\n<p><em>Claustro de egresados\/as:<\/em><\/p>\n<p>Titulares: Ana Paula St\u00edmolo &#8211; Roque Garc\u00eda<\/p>\n<p>Suplentes: Roc\u00edo Cerda\u00a0 y Ray\u00e9n S\u00e1ez<\/p>\n<p><span style=\"font-size: 12pt;\"><span style=\"font-family: arial,helvetica,sans-serif;\"><strong>Coordinadores<\/strong><\/span><\/span><\/p>\n<ul>\n<li><span style=\"font-size: 12pt;\"><span style=\"font-family: arial,helvetica,sans-serif;\"> Coordinador de Formaci\u00f3n Inicial: Prof. Blanco, Andrea (formacionifdcelbolson@gmail.com)\u00a0<\/span><\/span><\/li>\n<li><span style=\"font-size: 10pt;\"><span style=\"font-family: arial,helvetica,sans-serif;\"><span style=\"font-size: 12pt;\"> Coordinador de Investigaci\u00f3n &#8211; Extensi\u00f3n: Prof. Colombo, Georgina (investigacionyextensionifdc@gmail.com)\u00a0<\/span><br \/>\n<\/span><\/span><\/li>\n<li>Coordinadora de Formaci\u00f3n Permanente: Prof. C\u00e1mara,\u00a0 Pamela (<a href=\"mailto:capacitacionifdcelbolson@gmail.com\"><em>capacitacionifdcelbolson@gmail.com<\/em><\/a>)<\/li>\n<\/ul>\n<div><span style=\"font-family: arial, helvetica, sans-serif; font-size: small;\">\u00a0<\/span><\/div>\n<div><span style=\"font-size: 12pt;\"><strong><span style=\"font-family: arial, helvetica, sans-serif;\">Coordinadores de carreras<\/span><\/strong><\/span><\/div>\n<div>\n<ul>\n<li><span style=\"font-family: arial, helvetica, sans-serif; font-size: 12pt;\">Profesorado de Artes Visuales: Prof. Ana Paula Oyhar\u00e7abal ( prof.artesvisuales.ifdceb@gmail.com)<\/span><\/li>\n<li><span style=\"font-family: arial, helvetica, sans-serif; font-size: 12pt;\">Profesorado de Educaci\u00f3n Inicial: Prof. Natacha Vera y Mariana de la Penna\u00a0 (n.inicialbolson@gmail.com)<\/span><\/li>\n<li><span style=\"font-family: arial, helvetica, sans-serif; font-size: 12pt;\">Profesorado de Educaci\u00f3n Primaria Prof. Solange Garc\u00eda (coordinacionprimaria@ifdcelbolson.edu.ar )<\/span><\/li>\n<li><span style=\"font-family: arial, helvetica, sans-serif; font-size: 12pt;\">Profesorado de Historia: Prof. Juliana Guerezta\u00a0 (historiaifdc@gmail.com)<\/span><\/li>\n<\/ul>\n<\/div>\n","protected":false},"excerpt":{"rendered":"<p>Autoridades del Instituto Directora:\u00a0 Prof. Carla Anah\u00ed Rozas\u00a0 Consejo Directivo: conformado por representantes de los claustros Claustro de docentes: Titulares: Berta Olatte y Florencia Fern\u00e1ndez Mart\u00edn Petronacci y Cristian Amela Suplentes: Ayel\u00e9n Rusterholz y Mar\u00eda Insfran Mateo L\u00f3pez y Patricia Barreiro Claustro de Estudiantes:\u00a0 Titulares: Lorena Altamirano e Ignacio Soffiantini Suplentes: Santiago Campos, Jennifer Sandoval &#8230; <a title=\"Autoridades\" class=\"read-more\" href=\"https:\/\/ifdbolson-rng.infd.edu.ar\/sitio\/autoridades\/\" aria-label=\"More on Autoridades\">[+]<\/a><\/p>\n","protected":false},"author":3048,"featured_media":0,"parent":0,"menu_order":0,"comment_status":"closed","ping_status":"closed","template":"","meta":[],"acf":[],"_links":{"self":[{"href":"https:\/\/ifdbolson-rng.infd.edu.ar\/sitio\/wp-json\/wp\/v2\/pages\/1110"}],"collection":[{"href":"https:\/\/ifdbolson-rng.infd.edu.ar\/sitio\/wp-json\/wp\/v2\/pages"}],"about":[{"href":"https:\/\/ifdbolson-rng.infd.edu.ar\/sitio\/wp-json\/wp\/v2\/types\/page"}],"author":[{"embeddable":true,"href":"https:\/\/ifdbolson-rng.infd.edu.ar\/sitio\/wp-json\/wp\/v2\/users\/3048"}],"replies":[{"embeddable":true,"href":"https:\/\/ifdbolson-rng.infd.edu.ar\/sitio\/wp-json\/wp\/v2\/comments?post=1110"}],"version-history":[{"count":23,"href":"https:\/\/ifdbolson-rng.infd.edu.ar\/sitio\/wp-json\/wp\/v2\/pages\/1110\/revisions"}],"predecessor-version":[{"id":7888,"href":"https:\/\/ifdbolson-rng.infd.edu.ar\/sitio\/wp-json\/wp\/v2\/pages\/1110\/revisions\/7888"}],"wp:attachment":[{"href":"https:\/\/ifdbolson-rng.infd.edu.ar\/sitio\/wp-json\/wp\/v2\/media?parent=1110"}],"curies":[{"name":"wp","href":"https:\/\/api.w.org\/{rel}","templated":true}]}}