{"id":1194,"date":"2018-09-05T11:10:56","date_gmt":"2018-09-05T14:10:56","guid":{"rendered":"https:\/\/ifdbolson-rng.infd.edu.ar\/sitio\/?page_id=1194"},"modified":"2023-12-04T12:27:11","modified_gmt":"2023-12-04T15:27:11","slug":"centro-de-estudiantes","status":"publish","type":"page","link":"https:\/\/ifdbolson-rng.infd.edu.ar\/sitio\/centro-de-estudiantes\/","title":{"rendered":"Centro de Estudiantes"},"content":{"rendered":"<ul>\n<li><a href=\"https:\/\/ifdbolson-rng.infd.edu.ar\/sitio\/wp-content\/uploads\/2022\/09\/Padron-estudiantes-Profesorado-de-Historia-2022.docx\">Padr\u00f3n estudiantes Profesorado de Historia -2022<\/a><\/li>\n<li><a href=\"https:\/\/ifdbolson-rng.infd.edu.ar\/sitio\/wp-content\/uploads\/2022\/09\/Padron-estudiantes-Profesorado-de-Educacion-Primaria-2022.docx\">Padr\u00f3n estudiantes Profesorado de Educaci\u00f3n Primaria-2022<\/a><\/li>\n<li><a href=\"https:\/\/ifdbolson-rng.infd.edu.ar\/sitio\/wp-content\/uploads\/2022\/09\/Padron-estudiantes-Profesorado-de-Educacion-Inicial-2022.docx\">Padr\u00f3n estudiantes Profesorado de Educaci\u00f3n Inicial &#8211; 2022<\/a><\/li>\n<li><a href=\"https:\/\/ifdbolson-rng.infd.edu.ar\/sitio\/wp-content\/uploads\/2022\/09\/Padron-estudiantes-Profesorado-de-Artes-Visuales-2022.docx\">Padr\u00f3n estudiantes Profesorado de Artes Visuales- 2022<\/a><\/li>\n<\/ul>\n<hr \/>\n<p><iframe loading=\"lazy\" style=\"border: none; overflow: hidden;\" src=\"https:\/\/www.facebook.com\/plugins\/page.php?href=https%3A%2F%2Fwww.facebook.com%2FEstudiantesIFDC%2F&amp;tabs=timeline&amp;width=500&amp;height=1000&amp;small_header=false&amp;adapt_container_width=true&amp;hide_cover=false&amp;show_facepile=false&amp;appId\" width=\"500\" height=\"1000\" frameborder=\"0\" scrolling=\"no\"><\/iframe><\/p>\n<h4 style=\"text-align: center;\">Novedades<\/h4>\n<p>El d\u00eda de la fecha 26 de octubre 2023 se realiza la primera reuni\u00f3n de estudiantes las diferentes carreras con la intenci\u00f3n de llevar adelante la conformaci\u00f3n del centro de estudiantes.<\/p>\n<p>Luego de leer la informaci\u00f3n adquirida desde secretaria se presentan los roles a cumplir dentro del cuerpo del centro de estudiantes aclarado cu\u00e1les son sus responsabilidades y tareas a cumplir para que quienes est\u00e1n presentes puedan postularse a \u00a0los mismos y ser elegidos por sus compa\u00f1erxs, la lista queda conformada de la siguiente manera.<\/p>\n<p style=\"text-align: center;\"><strong>Presidente<\/strong>: Altamirano Lorena (P. PRIMARIA)<\/p>\n<p style=\"text-align: center;\"><strong>Vicepresidente<\/strong>: Mercado Dana (P. PRIMARIA E HISTORIA)<\/p>\n<p style=\"text-align: center;\"><strong>Secretarix 1<\/strong>: Tatiana Lobos (P.PRIMARIA)<\/p>\n<p style=\"text-align: center;\"><strong>Tesorero\/a:<\/strong> Vanesa Solange Lobos (P.INICIAL)<\/p>\n<p style=\"text-align: center;\"><strong>Vocales:<\/strong><\/p>\n<p style=\"text-align: center;\">1 Brenda Cayunao (P.PRIMARIA)<\/p>\n<p style=\"text-align: center;\">2 Eduardo G. Vido Uthurralt (P. HISTORIA)<\/p>\n<p style=\"text-align: center;\">3 Marina \u00a0Alvarez Nataine (P.HISTORIA)<\/p>\n<p style=\"text-align: center;\">4 Vanesa Solange Lobos (P. INICIAL)<\/p>\n<p style=\"text-align: center;\">5 Carolina mansilla (P. ARTES VIUSALES)<\/p>\n<p style=\"text-align: center;\">6 Santiago Altamirano (P. PRIMARIA)<\/p>\n<p style=\"text-align: center;\">7 Nahuel Fern\u00e1ndez (P. HISTORIA)<\/p>\n<p style=\"text-align: center;\">8 Luciano Speranza (P.HISTORIA)<\/p>\n<p><img decoding=\"async\" loading=\"lazy\" class=\"wp-image-1373 aligncenter\" src=\"https:\/\/ifdbolson-rng.infd.edu.ar\/sitio\/wp-content\/uploads\/2018\/09\/Elecci\u00f3n-de-delegados2Fas-400x1000.jpg\" alt=\"\" width=\"385\" height=\"963\" srcset=\"https:\/\/ifdbolson-rng.infd.edu.ar\/sitio\/wp-content\/uploads\/2018\/09\/Elecci\u00f3n-de-delegados2Fas-400x1000.jpg 400w, https:\/\/ifdbolson-rng.infd.edu.ar\/sitio\/wp-content\/uploads\/2018\/09\/Elecci\u00f3n-de-delegados2Fas-768x1920.jpg 768w, https:\/\/ifdbolson-rng.infd.edu.ar\/sitio\/wp-content\/uploads\/2018\/09\/Elecci\u00f3n-de-delegados2Fas-760x1900.jpg 760w, https:\/\/ifdbolson-rng.infd.edu.ar\/sitio\/wp-content\/uploads\/2018\/09\/Elecci\u00f3n-de-delegados2Fas.jpg 800w\" sizes=\"(max-width: 385px) 100vw, 385px\" \/><\/p>\n","protected":false},"excerpt":{"rendered":"<p>Padr\u00f3n estudiantes Profesorado de Historia -2022 Padr\u00f3n estudiantes Profesorado de Educaci\u00f3n Primaria-2022 Padr\u00f3n estudiantes Profesorado de Educaci\u00f3n Inicial &#8211; 2022 Padr\u00f3n estudiantes Profesorado de Artes Visuales- 2022 Novedades El d\u00eda de la fecha 26 de octubre 2023 se realiza la primera reuni\u00f3n de estudiantes las diferentes carreras con la intenci\u00f3n de llevar adelante la conformaci\u00f3n &#8230; <a title=\"Centro de Estudiantes\" class=\"read-more\" href=\"https:\/\/ifdbolson-rng.infd.edu.ar\/sitio\/centro-de-estudiantes\/\" aria-label=\"More on Centro de Estudiantes\">[+]<\/a><\/p>\n","protected":false},"author":7,"featured_media":0,"parent":0,"menu_order":0,"comment_status":"closed","ping_status":"closed","template":"","meta":[],"acf":[],"_links":{"self":[{"href":"https:\/\/ifdbolson-rng.infd.edu.ar\/sitio\/wp-json\/wp\/v2\/pages\/1194"}],"collection":[{"href":"https:\/\/ifdbolson-rng.infd.edu.ar\/sitio\/wp-json\/wp\/v2\/pages"}],"about":[{"href":"https:\/\/ifdbolson-rng.infd.edu.ar\/sitio\/wp-json\/wp\/v2\/types\/page"}],"author":[{"embeddable":true,"href":"https:\/\/ifdbolson-rng.infd.edu.ar\/sitio\/wp-json\/wp\/v2\/users\/7"}],"replies":[{"embeddable":true,"href":"https:\/\/ifdbolson-rng.infd.edu.ar\/sitio\/wp-json\/wp\/v2\/comments?post=1194"}],"version-history":[{"count":9,"href":"https:\/\/ifdbolson-rng.infd.edu.ar\/sitio\/wp-json\/wp\/v2\/pages\/1194\/revisions"}],"predecessor-version":[{"id":6622,"href":"https:\/\/ifdbolson-rng.infd.edu.ar\/sitio\/wp-json\/wp\/v2\/pages\/1194\/revisions\/6622"}],"wp:attachment":[{"href":"https:\/\/ifdbolson-rng.infd.edu.ar\/sitio\/wp-json\/wp\/v2\/media?parent=1194"}],"curies":[{"name":"wp","href":"https:\/\/api.w.org\/{rel}","templated":true}]}}