{"id":1346,"date":"2018-09-17T19:42:42","date_gmt":"2018-09-17T22:42:42","guid":{"rendered":"https:\/\/ifdbolson-rng.infd.edu.ar\/sitio\/?page_id=1346"},"modified":"2026-03-10T08:13:53","modified_gmt":"2026-03-10T11:13:53","slug":"profesorado-de-artes-visuales","status":"publish","type":"page","link":"https:\/\/ifdbolson-rng.infd.edu.ar\/sitio\/profesorado-de-artes-visuales\/","title":{"rendered":"Profesorado de Artes Visuales"},"content":{"rendered":"<h1 style=\"text-align: center;\">Profesorado de Artes Visuales<\/h1>\n<p style=\"text-align: right;\"><div  class=\"lgc-column lgc-grid-parent lgc-grid-50 lgc-tablet-grid-50 lgc-mobile-grid-100 lgc-equal-heights \"><div  class=\"inside-grid-column\">\n<p style=\"text-align: right;\"><a href=\"https:\/\/ifdbolson-rng.infd.edu.ar\/sitio\/wp-content\/uploads\/2024\/10\/Estructura-curricular-por-ano-y-campos-de-formacion-en-horas-reloj-Anexo-I-Disposicion-188-24.pdf\" target=\"_blank\" rel=\"noopener\"><img decoding=\"async\" loading=\"lazy\" class=\"alignnone  wp-image-5783\" src=\"https:\/\/ifdbolson-rng.infd.edu.ar\/sitio\/wp-content\/uploads\/2023\/03\/plan-AV.jpg\" alt=\"\" width=\"400\" height=\"200\" \/><\/a><\/p>\n<p style=\"text-align: right;\"><\/p><\/div><\/div>\n<p style=\"text-align: left;\"><div  class=\"lgc-column lgc-grid-parent lgc-grid-50 lgc-tablet-grid-50 lgc-mobile-grid-100 lgc-equal-heights \"><div  class=\"inside-grid-column\">\n<p style=\"text-align: left;\"><a href=\"https:\/\/ifdbolson-rng.infd.edu.ar\/sitio\/wp-content\/uploads\/2024\/10\/CORRELATIVIDADES-PROFESORADO-DE-ARTES-VISUALES-2024-Anexo-II-Disposicion-188-24.pdf\" target=\"_blank\" rel=\"noopener\"><img decoding=\"async\" loading=\"lazy\" class=\"alignnone  wp-image-5794\" src=\"https:\/\/ifdbolson-rng.infd.edu.ar\/sitio\/wp-content\/uploads\/2023\/03\/correlatvidad-AV.jpg\" alt=\"\" width=\"400\" height=\"200\" \/><\/a><\/p>\n<p style=\"text-align: left;\"><\/p><\/div><\/div>\n<p style=\"text-align: right;\"><div  class=\"lgc-column lgc-grid-parent lgc-grid-50 lgc-tablet-grid-50 lgc-mobile-grid-100 lgc-equal-heights \"><div  class=\"inside-grid-column\">\n<p style=\"text-align: right;\"><a href=\"https:\/\/ifdbolson-rng.infd.edu.ar\/sitio\/wp-content\/uploads\/2018\/11\/DC-Profesorado-Artes-Visuales-A%C3%B1o-2015.pdf\" target=\"_blank\" rel=\"noopener\"><img decoding=\"async\" loading=\"lazy\" class=\"alignnone  wp-image-5795\" src=\"https:\/\/ifdbolson-rng.infd.edu.ar\/sitio\/wp-content\/uploads\/2023\/03\/Disenio-AV.jpg\" alt=\"\" width=\"400\" height=\"200\" \/><\/a><\/p>\n<p style=\"text-align: right;\"><\/p><\/div><\/div>\n<p style=\"text-align: left;\"><div  class=\"lgc-column lgc-grid-parent lgc-grid-50 lgc-tablet-grid-50 lgc-mobile-grid-100 lgc-equal-heights \"><div  class=\"inside-grid-column\">\n<p style=\"text-align: left;\"><a href=\"https:\/\/ifdbolson-rng.infd.edu.ar\/sitio\/perfil-del-egresado-3\/\" target=\"_blank\" rel=\"noopener\"><img decoding=\"async\" loading=\"lazy\" class=\"alignnone  wp-image-5796\" src=\"https:\/\/ifdbolson-rng.infd.edu.ar\/sitio\/wp-content\/uploads\/2023\/03\/perfil-AV.jpg\" alt=\"\" width=\"400\" height=\"200\" \/><\/a><\/p>\n<p style=\"text-align: left;\"><\/p><\/div><\/div>\n<p style=\"text-align: left;\"><em><strong>Esta carrera forma docentes de arte para su inserci\u00f3n en todos los niveles educativos. En el campo\u00a0<\/strong><\/em><em><strong>espec\u00edfico se profundiza el lenguaje art\u00edstico visual ampliando la ense\u00f1anza del arte tradicional (Dibujo, Pintura, Escultura, Grabado) con espacios que apuntan hacia un enfoque contempor\u00e1neo del arte ( Producci\u00f3n visual, Bidimensi\u00f3n y Tridimensi\u00f3n, Producci\u00f3n de Cer\u00e1mica y Qu\u00edmica, Producci\u00f3n Digital). Estos espacios se articulan con la formaci\u00f3n en Historia del Arte y Est\u00e9tica.<\/strong><\/em><\/p>\n<p><a href=\"https:\/\/www.facebook.com\/groups\/489277851260660\/\"><img decoding=\"async\" loading=\"lazy\" class=\"alignright wp-image-1600\" src=\"https:\/\/ifdbolson-rng.infd.edu.ar\/sitio\/wp-content\/uploads\/2018\/10\/FB-AV.jpg\" alt=\"\" width=\"180\" height=\"191\" \/><\/a> Coordinadora de la Carrera: Prof. Ana Paula Oyhar\u00e7abal<\/p>\n<p><em>Contacto: <\/em><em><a href=\"mailto:prof.artesvisuales.ifdceb@gmail.com\">prof.artesvisuales.ifdceb@gmail.com<\/a>\u00a0<\/em><\/p>\n<h4>\u00a0<\/h4>\n<p><strong>Coordinaci\u00f3n:<\/strong><\/p>\n<p>Horarios de atenci\u00f3n presencial:\u00a0<br \/>Lunes y Jueves de 9:00 a 13:00 hs.<\/p>\n<div><strong>Secretar\u00eda:<\/strong><\/div>\n<div>Laura Jordi<\/div>\n<div>Horario: Lunes a Viernes de 8:00 a 12:00 hs.<\/div>\n<div>\u00a0<\/div>\n<div><strong>Recuerden que para una mejor organizaci\u00f3n y gesti\u00f3n, privilegiamos las v\u00edas de comunicaci\u00f3n presenciales o por mail.<\/strong><\/div>\n<div>\u00a0<\/div>\n<h1 style=\"text-align: center;\"><span style=\"color: #ff0000;\">Informaci\u00f3n para ingresantes:\u00a0<\/span><\/h1>\n<p style=\"text-align: center;\"><div  class=\"lgc-column lgc-grid-parent lgc-grid-100 lgc-tablet-grid-50 lgc-mobile-grid-100 lgc-equal-heights \"><div  class=\"inside-grid-column\">\n<div class=\"wp-block-file\"><object class=\"wp-block-file__embed\" style=\"width: 100%; height: 600px;\" data=\"https:\/\/ifdbolson-rng.infd.edu.ar\/sitio\/wp-content\/uploads\/2026\/02\/new-info-para-ingresantes-Profesorado-de-Artes-Visuales1.pdf\" type=\"application\/pdf\" width=\"300\" height=\"150\" aria-label=\"M\u00f3dulo introductorio\"><\/object><a class=\"wp-block-file__button wp-element-button\" href=\"https:\/\/ifdbolson-rng.infd.edu.ar\/sitio\/wp-content\/uploads\/2026\/02\/new-info-para-ingresantes-Profesorado-de-Artes-Visuales1.pdf\" download=\"\" aria-describedby=\"wp-block-file--media-cf0a77b4-9724-46c1-b0ca-171665308449\">Descarga<\/a><\/div>\n<div>\n<h4 style=\"text-align: center;\"><span style=\"color: #ff6600;\">Horarios de cursada 2026<\/span><\/h4>\n<p style=\"text-align: center;\"><div  class=\"lgc-column lgc-grid-parent lgc-grid-100 lgc-tablet-grid-50 lgc-mobile-grid-100 lgc-equal-heights \"><div  class=\"inside-grid-column\"><\/div><\/div><\/p>\n<div class=\"wp-block-file\"><object class=\"wp-block-file__embed\" style=\"width: 100%; height: 600px;\" data=\"https:\/\/ifdbolson-rng.infd.edu.ar\/sitio\/wp-content\/uploads\/2026\/02\/HORARIOS-2026-1.pdf\" type=\"application\/pdf\" width=\"300\" height=\"150\" aria-label=\"Horarios de Cursada 2026 PAV\"><\/object><a id=\"wp-block-file--media-cf0a77b4-9724-46c1-b0ca-171665308449\" href=\"https:\/\/ifdbolson-rng.infd.edu.ar\/sitio\/wp-content\/uploads\/2026\/02\/HORARIOS-2026-1.pdf\">Horarios de Cursada 2026 PAV\u00bb<\/a><a class=\"wp-block-file__button wp-element-button\" href=\"https:\/\/ifdbolson-rng.infd.edu.ar\/sitio\/wp-content\/uploads\/2026\/02\/HORARIOS-2026-1.pdf\" download=\"\" aria-describedby=\"wp-block-file--media-cf0a77b4-9724-46c1-b0ca-171665308449\">Descarga<\/a><\/div>\n<div>\n<div class=\"wp-block-file\" style=\"text-align: center;\"><\/div><\/div><\/div><\/div><\/div><\/div>\n<p style=\"text-align: center;\">\u00a0<\/p>\n<div>\n<div class=\"wp-block-file\" style=\"text-align: center;\">\u00a0<\/div>\n<h3 style=\"text-align: center;\"><strong>Modelo de notas para estudiantes<\/strong><\/h3>\n<div  class=\"lgc-column lgc-grid-parent lgc-grid-50 lgc-tablet-grid-50 lgc-mobile-grid-100 lgc-equal-heights \"><div  class=\"inside-grid-column\">\n<p style=\"text-align: right;\"><a href=\"https:\/\/ifdbolson-rng.infd.edu.ar\/sitio\/wp-content\/uploads\/2023\/03\/Nota-pedido-de-equivalencias.docx\" target=\"_blank\" rel=\"noopener\"><img decoding=\"async\" loading=\"lazy\" class=\"alignnone  wp-image-5886\" src=\"https:\/\/ifdbolson-rng.infd.edu.ar\/sitio\/wp-content\/uploads\/2023\/03\/Modelo-de-nota-para-solic-Equiv-Logo-Word.jpg\" alt=\"\" width=\"169\" height=\"165\" \/><\/a><\/p>\n<p style=\"text-align: right;\">\u00a0<\/p>\n<p style=\"text-align: left;\"><\/p><\/div><\/div>\n<p style=\"text-align: right;\"><div  class=\"lgc-column lgc-grid-parent lgc-grid-50 lgc-tablet-grid-50 lgc-mobile-grid-100 lgc-equal-heights \"><div  class=\"inside-grid-column\">\n<p style=\"text-align: left;\"><a href=\"https:\/\/ifdbolson-rng.infd.edu.ar\/sitio\/wp-content\/uploads\/2023\/03\/MODELO-DE-NOTA-MESAS-ESPECIALES.docx\" target=\"_blank\" rel=\"noopener\"><img decoding=\"async\" loading=\"lazy\" class=\"alignnone  wp-image-5887\" src=\"https:\/\/ifdbolson-rng.infd.edu.ar\/sitio\/wp-content\/uploads\/2023\/03\/Modelo-de-nota-para-solic-Mesa-Especial-Logo-Word.jpg\" alt=\"\" width=\"169\" height=\"179\" \/><\/a><\/p>\n<p style=\"text-align: right;\"><\/p><\/div><\/div>\n<p style=\"text-align: left;\">\u00a0<\/p>\n<p style=\"text-align: center;\">&#8212;&#8212;&#8212;&#8212;&#8212;&#8212;&#8212;&#8212;&#8212;&#8212;&#8212;&#8212;&#8212;&#8212;&#8212;&#8212;&#8212;&#8212;&#8212;&#8212;&#8212;&#8212;&#8212;&#8212;&#8212;&#8212;&#8212;&#8212;&#8212;&#8212;&#8212;&#8212;&#8212;&#8212;&#8212;&#8212;&#8212;&#8212;&#8212;&#8212;&#8212;&#8212;&#8212;&#8212;&#8212;&#8212;&#8212;&#8212;&#8212;&#8212;<\/p>\n<h6 style=\"text-align: center;\"><div id=\"metaslider-id-1761\" style=\"max-width: 400px; margin: 0 auto;\" class=\"ml-slider-3-33-0 metaslider metaslider-nivo metaslider-1761 ml-slider ms-theme-default\" role=\"region\" aria-roledescription=\"Slideshow\" aria-label=\"Slideshow\">\n    <div id=\"metaslider_container_1761\">\n        <div class='slider-wrapper theme-default'><div class='ribbon'><\/div><div id='metaslider_1761' class='nivoSlider'><img src=\"https:\/\/ifdbolson-rng.infd.edu.ar\/sitio\/wp-content\/uploads\/2018\/11\/IMG-20181110-WA0006-400x400.jpg\" height=\"400\" width=\"400\" title=\"Barrio Irigoyen\" alt=\"\" class=\"slider-1761 slide-1768\" \/><img src=\"https:\/\/ifdbolson-rng.infd.edu.ar\/sitio\/wp-content\/uploads\/2018\/11\/IMG-20181110-WA0008-400x400.jpg\" height=\"400\" width=\"400\" title=\"Barrio Irigoyen\" alt=\"\" class=\"slider-1761 slide-1769\" \/><img src=\"https:\/\/ifdbolson-rng.infd.edu.ar\/sitio\/wp-content\/uploads\/2018\/11\/IMG-20181110-WA0009-400x400.jpg\" height=\"400\" width=\"400\" title=\"Barrio Irigoyen\" alt=\"\" class=\"slider-1761 slide-1770\" \/><img src=\"https:\/\/ifdbolson-rng.infd.edu.ar\/sitio\/wp-content\/uploads\/2018\/11\/IMG-20181110-WA0017-400x400.jpg\" height=\"400\" width=\"400\" title=\"Barrio Irigoyen\" alt=\"\" class=\"slider-1761 slide-1771\" \/><img src=\"https:\/\/ifdbolson-rng.infd.edu.ar\/sitio\/wp-content\/uploads\/2018\/11\/IMG-20181110-WA0021-400x400.jpg\" height=\"400\" width=\"400\" title=\"Barrio Irigoyen\" alt=\"\" class=\"slider-1761 slide-1772\" \/><img src=\"https:\/\/ifdbolson-rng.infd.edu.ar\/sitio\/wp-content\/uploads\/2018\/11\/IMG-20181110-WA0031-400x400.jpg\" height=\"400\" width=\"400\" title=\"Barrio Irigoyen\" alt=\"\" class=\"slider-1761 slide-1773\" \/><\/div><\/div>\n        \n    <\/div>\n<\/div><\/h6>\n<h6 style=\"text-align: center;\">Otras actividades realizadas<\/h6>\n<h5 style=\"text-align: center;\"><div id=\"metaslider-id-1644\" style=\"max-width: 400px; margin: 0 auto;\" class=\"ml-slider-3-33-0 metaslider metaslider-nivo metaslider-1644 ml-slider ms-theme-default\" role=\"region\" aria-roledescription=\"Slideshow\" aria-label=\"Slideshow\">\n    <div id=\"metaslider_container_1644\">\n        <div class='slider-wrapper theme-default'><div class='ribbon'><\/div><div id='metaslider_1644' class='nivoSlider'><img src=\"https:\/\/ifdbolson-rng.infd.edu.ar\/sitio\/wp-content\/uploads\/2018\/11\/Sin-t\u00edtulo-1-1-400x400.jpg\" height=\"400\" width=\"400\" data-caption=\"Encuentro de Ceramistas\" title=\"Sin t\u00edtulo-1\" alt=\"\" class=\"slider-1644 slide-1649\" \/><img src=\"https:\/\/ifdbolson-rng.infd.edu.ar\/sitio\/wp-content\/uploads\/2018\/11\/pSin-t\u00edtulo-1-400x400.jpg\" height=\"400\" width=\"400\" data-caption=\"Encuentro de Ceramistas\" title=\"pSin t\u00edtulo-1\" alt=\"\" class=\"slider-1644 slide-1650\" \/><img src=\"https:\/\/ifdbolson-rng.infd.edu.ar\/sitio\/wp-content\/uploads\/2018\/11\/popSin-t\u00edtulo-1-400x400.jpg\" height=\"400\" width=\"400\" data-caption=\"Encuentro de Ceramistas\" title=\"popSin t\u00edtulo-1\" alt=\"\" class=\"slider-1644 slide-1651\" \/><img src=\"https:\/\/ifdbolson-rng.infd.edu.ar\/sitio\/wp-content\/uploads\/2018\/11\/p\u00f1pSin-t\u00edtulo-1-400x400.jpg\" height=\"400\" width=\"400\" data-caption=\"Encuentro de Ceramistas\" title=\"p\u00f1pSin t\u00edtulo-1\" alt=\"\" class=\"slider-1644 slide-1652\" \/><\/div><\/div>\n        \n    <\/div>\n<\/div> <div id=\"metaslider-id-1628\" style=\"max-width: 400px; margin: 0 auto;\" class=\"ml-slider-3-33-0 metaslider metaslider-nivo metaslider-1628 ml-slider ms-theme-default\" role=\"region\" aria-roledescription=\"Slideshow\" aria-label=\"Slideshow\">\n    <div id=\"metaslider_container_1628\">\n        <div class='slider-wrapper theme-default'><div class='ribbon'><\/div><div id='metaslider_1628' class='nivoSlider'><img src=\"https:\/\/ifdbolson-rng.infd.edu.ar\/sitio\/wp-content\/uploads\/2018\/11\/Sin-t\u00edtulo-1-400x400.jpg\" height=\"400\" width=\"400\" data-caption=\"EDI &quot;Puertas&quot;\" title=\"EDI &quot;Puertas&quot;\" alt=\"\" class=\"slider-1628 slide-1630\" \/><img src=\"https:\/\/ifdbolson-rng.infd.edu.ar\/sitio\/wp-content\/uploads\/2018\/11\/p1-400x400.jpg\" height=\"400\" width=\"400\" data-caption=\"EDI &quot;Puertas&quot;\" title=\"EDI &quot;Puertas&quot;\" alt=\"\" class=\"slider-1628 slide-1642\" \/><img src=\"https:\/\/ifdbolson-rng.infd.edu.ar\/sitio\/wp-content\/uploads\/2018\/11\/\u00f11-400x400.jpg\" height=\"400\" width=\"400\" data-caption=\"EDI &quot;Puertas&quot;\" title=\"\u00f11\" alt=\"\" class=\"slider-1628 slide-1643\" \/><\/div><\/div>\n        \n    <\/div>\n<\/div><\/h5>\n<h5 style=\"text-align: center;\"><div id=\"metaslider-id-1824\" style=\"max-width: 400px; margin: 0 auto;\" class=\"ml-slider-3-33-0 metaslider metaslider-nivo metaslider-1824 ml-slider ms-theme-default\" role=\"region\" aria-roledescription=\"Slideshow\" aria-label=\"Slideshow\">\n    <div id=\"metaslider_container_1824\">\n        <div class='slider-wrapper theme-default'><div class='ribbon'><\/div><div id='metaslider_1824' class='nivoSlider'><img src=\"https:\/\/ifdbolson-rng.infd.edu.ar\/sitio\/wp-content\/uploads\/2018\/11\/pp-2-360x360.jpg\" height=\"400\" width=\"400\" data-caption=\"Muestra de Ense&ntilde;anza de las Artes Visuales\" title=\"Muestra de Ense\u00f1anza de las Artes Visuales\" alt=\"\" class=\"slider-1824 slide-1838\" \/><img src=\"https:\/\/ifdbolson-rng.infd.edu.ar\/sitio\/wp-content\/uploads\/2018\/11\/pp-1-359x359.jpg\" height=\"400\" width=\"400\" data-caption=\"Muestra de Ense&ntilde;anza de las Artes Visuales\" title=\"Muestra de Ense\u00f1anza de las Artes Visuales\" alt=\"\" class=\"slider-1824 slide-1833\" \/><img src=\"https:\/\/ifdbolson-rng.infd.edu.ar\/sitio\/wp-content\/uploads\/2018\/11\/Sin-t\u00edtulo-1-4-359x359.jpg\" height=\"400\" width=\"400\" data-caption=\"Muestra de Ense&ntilde;anza de las Artes Visuales\" title=\"Muestra de Ense\u00f1anza de las Artes Visuales\" alt=\"\" class=\"slider-1824 slide-1835\" \/><img src=\"https:\/\/ifdbolson-rng.infd.edu.ar\/sitio\/wp-content\/uploads\/2018\/11\/Sin-t\u00edtulo-1-5-360x360.jpg\" height=\"400\" width=\"400\" data-caption=\"Muestra de Ense&ntilde;anza de las Artes Visuales\" title=\"Muestra de Ense\u00f1anza de las Artes Visuales\" alt=\"\" class=\"slider-1824 slide-1839\" \/><\/div><\/div>\n        \n    <\/div>\n<\/div> <div id=\"metaslider-id-1858\" style=\"max-width: 400px; margin: 0 auto;\" class=\"ml-slider-3-33-0 metaslider metaslider-nivo metaslider-1858 ml-slider ms-theme-default\" role=\"region\" aria-roledescription=\"Slideshow\" aria-label=\"Slideshow\">\n    <div id=\"metaslider_container_1858\">\n        <div class='slider-wrapper theme-default'><div class='ribbon'><\/div><div id='metaslider_1858' class='nivoSlider'><img src=\"https:\/\/ifdbolson-rng.infd.edu.ar\/sitio\/wp-content\/uploads\/2018\/12\/IMG-20181205-WA0023-400x400.jpg\" height=\"400\" width=\"400\" data-caption=\"Cierre de cursada de Historia del Arte 1\" title=\"Dise\u00f1o de juegos did\u00e1cticos\" alt=\"\" class=\"slider-1858 slide-1864\" \/><img src=\"https:\/\/ifdbolson-rng.infd.edu.ar\/sitio\/wp-content\/uploads\/2018\/12\/IMG-20181205-WA0024-400x400.jpg\" height=\"400\" width=\"400\" data-caption=\"Cierre de cursada de Historia del Arte 1\" title=\"Dise\u00f1o de juegos did\u00e1cticos\" alt=\"\" class=\"slider-1858 slide-1865\" \/><img src=\"https:\/\/ifdbolson-rng.infd.edu.ar\/sitio\/wp-content\/uploads\/2018\/12\/IMG-20181205-WA0025-400x400.jpg\" height=\"400\" width=\"400\" data-caption=\"Cierre de cursada de Historia del Arte 1\" title=\"Dise\u00f1o de juegos did\u00e1cticos\" alt=\"\" class=\"slider-1858 slide-1866\" \/><img src=\"https:\/\/ifdbolson-rng.infd.edu.ar\/sitio\/wp-content\/uploads\/2018\/12\/IMG-20181205-WA0026-400x400.jpg\" height=\"400\" width=\"400\" data-caption=\"Cierre de cursada de Historia del Arte 1\" title=\"Dise\u00f1o de juegos did\u00e1cticos\" alt=\"\" class=\"slider-1858 slide-1867\" \/><img src=\"https:\/\/ifdbolson-rng.infd.edu.ar\/sitio\/wp-content\/uploads\/2018\/12\/IMG-20181205-WA0027-400x400.jpg\" height=\"400\" width=\"400\" data-caption=\"Cierre de cursada de Historia del Arte 1\" title=\"Dise\u00f1o de juegos did\u00e1cticos\" alt=\"\" class=\"slider-1858 slide-1868\" \/><\/div><\/div>\n        \n    <\/div>\n<\/div><\/h5>\n<p><iframe loading=\"lazy\" src=\"https:\/\/e.issuu.com\/anonymous-embed.html?u=ifdcelbolson&amp;d=cuadernillo_para_el_aula_av\" width=\"750\" height=\"500\" frameborder=\"0\" allowfullscreen=\"allowfullscreen\"><\/iframe><\/p>\n<\/div>\n<\/div>\n<\/div>\n","protected":false},"excerpt":{"rendered":"<p>Profesorado de Artes Visuales Esta carrera forma docentes de arte para su inserci\u00f3n en todos los niveles educativos. En el campo\u00a0espec\u00edfico se profundiza el lenguaje art\u00edstico visual ampliando la ense\u00f1anza del arte tradicional (Dibujo, Pintura, Escultura, Grabado) con espacios que apuntan hacia un enfoque contempor\u00e1neo del arte ( Producci\u00f3n visual, Bidimensi\u00f3n y Tridimensi\u00f3n, Producci\u00f3n de &#8230; <a title=\"Profesorado de Artes Visuales\" class=\"read-more\" href=\"https:\/\/ifdbolson-rng.infd.edu.ar\/sitio\/profesorado-de-artes-visuales\/\" aria-label=\"More on Profesorado de Artes Visuales\">[+]<\/a><\/p>\n","protected":false},"author":7,"featured_media":0,"parent":0,"menu_order":0,"comment_status":"closed","ping_status":"closed","template":"","meta":[],"acf":[],"_links":{"self":[{"href":"https:\/\/ifdbolson-rng.infd.edu.ar\/sitio\/wp-json\/wp\/v2\/pages\/1346"}],"collection":[{"href":"https:\/\/ifdbolson-rng.infd.edu.ar\/sitio\/wp-json\/wp\/v2\/pages"}],"about":[{"href":"https:\/\/ifdbolson-rng.infd.edu.ar\/sitio\/wp-json\/wp\/v2\/types\/page"}],"author":[{"embeddable":true,"href":"https:\/\/ifdbolson-rng.infd.edu.ar\/sitio\/wp-json\/wp\/v2\/users\/7"}],"replies":[{"embeddable":true,"href":"https:\/\/ifdbolson-rng.infd.edu.ar\/sitio\/wp-json\/wp\/v2\/comments?post=1346"}],"version-history":[{"count":297,"href":"https:\/\/ifdbolson-rng.infd.edu.ar\/sitio\/wp-json\/wp\/v2\/pages\/1346\/revisions"}],"predecessor-version":[{"id":8269,"href":"https:\/\/ifdbolson-rng.infd.edu.ar\/sitio\/wp-json\/wp\/v2\/pages\/1346\/revisions\/8269"}],"wp:attachment":[{"href":"https:\/\/ifdbolson-rng.infd.edu.ar\/sitio\/wp-json\/wp\/v2\/media?parent=1346"}],"curies":[{"name":"wp","href":"https:\/\/api.w.org\/{rel}","templated":true}]}}