{"id":1349,"date":"2018-09-17T19:43:46","date_gmt":"2018-09-17T22:43:46","guid":{"rendered":"https:\/\/ifdbolson-rng.infd.edu.ar\/sitio\/?page_id=1349"},"modified":"2026-03-10T08:14:27","modified_gmt":"2026-03-10T11:14:27","slug":"profesorado-de-historia","status":"publish","type":"page","link":"https:\/\/ifdbolson-rng.infd.edu.ar\/sitio\/profesorado-de-historia\/","title":{"rendered":"Profesorado de Educaci\u00f3n Secundaria en Historia"},"content":{"rendered":"<h1 style=\"text-align: center;\">Profesorado de Educaci\u00f3n Secundaria en Historia<\/h1>\n<p style=\"text-align: right;\"><div  class=\"lgc-column lgc-grid-parent lgc-grid-50 lgc-tablet-grid-50 lgc-mobile-grid-100 lgc-equal-heights \"><div  class=\"inside-grid-column\">\n<p style=\"text-align: right;\"><a href=\"https:\/\/ifdbolson-rng.infd.edu.ar\/sitio\/wp-content\/uploads\/2018\/08\/mapa_historia.png\" target=\"_blank\" rel=\"noopener\"><img decoding=\"async\" loading=\"lazy\" class=\"alignnone  wp-image-5846\" src=\"https:\/\/ifdbolson-rng.infd.edu.ar\/sitio\/wp-content\/uploads\/2023\/03\/plan-H.jpg\" alt=\"\" width=\"400\" height=\"200\" \/><\/a><\/p>\n<p style=\"text-align: right;\"><\/p><\/div><\/div>\n<div  class=\"lgc-column lgc-grid-parent lgc-grid-50 lgc-tablet-grid-50 lgc-mobile-grid-100 lgc-equal-heights \"><div  class=\"inside-grid-column\">\n<p><a href=\"https:\/\/ifdbolson-rng.infd.edu.ar\/sitio\/wp-content\/uploads\/2018\/11\/Disposicion-23_18_Correlatividades_Historia.pdf\" target=\"_blank\" rel=\"noopener\"><img decoding=\"async\" loading=\"lazy\" class=\"alignnone  wp-image-5847\" src=\"https:\/\/ifdbolson-rng.infd.edu.ar\/sitio\/wp-content\/uploads\/2023\/03\/correlatvidad-H.jpg\" alt=\"\" width=\"400\" height=\"200\" \/><\/a><\/p>\n<p><\/p><\/div><\/div>\n<p style=\"text-align: right;\"><div  class=\"lgc-column lgc-grid-parent lgc-grid-50 lgc-tablet-grid-50 lgc-mobile-grid-100 lgc-equal-heights \"><div  class=\"inside-grid-column\">\n<p style=\"text-align: right;\"><a href=\"https:\/\/ifdbolson-rng.infd.edu.ar\/sitio\/wp-content\/uploads\/2018\/11\/DC-Historia-A%C3%91O-2015.pdf\" target=\"_blank\" rel=\"noopener\"><img decoding=\"async\" loading=\"lazy\" class=\"alignnone  wp-image-5848\" src=\"https:\/\/ifdbolson-rng.infd.edu.ar\/sitio\/wp-content\/uploads\/2023\/03\/Disenio-H.jpg\" alt=\"\" width=\"400\" height=\"200\" \/><\/a><\/p>\n<p style=\"text-align: right;\"><\/p><\/div><\/div>\n<div  class=\"lgc-column lgc-grid-parent lgc-grid-50 lgc-tablet-grid-50 lgc-mobile-grid-100 lgc-equal-heights \"><div  class=\"inside-grid-column\">\n<p><a href=\"https:\/\/ifdbolson-rng.infd.edu.ar\/sitio\/perfil-del-egresado\/\" target=\"_blank\" rel=\"noopener\"><img decoding=\"async\" loading=\"lazy\" class=\"alignnone  wp-image-5849\" src=\"https:\/\/ifdbolson-rng.infd.edu.ar\/sitio\/wp-content\/uploads\/2023\/03\/perfil-H.jpg\" alt=\"\" width=\"400\" height=\"200\" \/><\/a><\/p>\n<p><\/p><\/div><\/div>\n<p style=\"text-align: left;\"><strong><em>La inserci\u00f3n laboral de los graduados se orienta a la ense\u00f1anza en el nivel medio o superior dentro del pa\u00eds y el perfil de formaci\u00f3n es af\u00edn a la investigaci\u00f3n en Ciencias Sociales. El estudio de la Historia en el contexto de las Ciencias Sociales, busca la comprensi\u00f3n del mundo actual en las escalas regional, nacional y global.<\/em><\/strong><\/p>\n<p>Coordinadora de la Carrera: Prof. Juliana Guerezta\u00a0\u00a0<\/p>\n<p><em>Contacto: <\/em>historiaifdc@gmail.com<\/p>\n<p>Secretaria: Deborah Mart\u00ednez\u00a0\u00a0<\/p>\n<h1 style=\"text-align: center;\"><span style=\"color: #ff0000;\">Informaci\u00f3n para ingresantes:<\/span><\/h1>\n<div  class=\"lgc-column lgc-grid-parent lgc-grid-100 lgc-tablet-grid-50 lgc-mobile-grid-100 lgc-equal-heights \"><div  class=\"inside-grid-column\">\n<div class=\"wp-block-file\"><img decoding=\"async\" loading=\"lazy\" class=\"size-medium wp-image-8247 aligncenter\" src=\"https:\/\/ifdbolson-rng.infd.edu.ar\/sitio\/wp-content\/uploads\/2026\/03\/Cronograma-de-actividades-para-ingresantes-pesh-act-1000x707.jpeg\" alt=\"\" width=\"1000\" height=\"707\" srcset=\"https:\/\/ifdbolson-rng.infd.edu.ar\/sitio\/wp-content\/uploads\/2026\/03\/Cronograma-de-actividades-para-ingresantes-pesh-act-1000x707.jpeg 1000w, https:\/\/ifdbolson-rng.infd.edu.ar\/sitio\/wp-content\/uploads\/2026\/03\/Cronograma-de-actividades-para-ingresantes-pesh-act-768x543.jpeg 768w, https:\/\/ifdbolson-rng.infd.edu.ar\/sitio\/wp-content\/uploads\/2026\/03\/Cronograma-de-actividades-para-ingresantes-pesh-act-1536x1086.jpeg 1536w, https:\/\/ifdbolson-rng.infd.edu.ar\/sitio\/wp-content\/uploads\/2026\/03\/Cronograma-de-actividades-para-ingresantes-pesh-act.jpeg 1600w\" sizes=\"(max-width: 1000px) 100vw, 1000px\" \/><\/div>\n<p><\/p><\/div><\/div>\n<h1 style=\"text-align: center;\"><span style=\"color: #ff6600;\">Horarios de cursadas 2026<\/span><\/h1>\n<div  class=\"lgc-column lgc-grid-parent lgc-grid-50 lgc-tablet-grid-50 lgc-mobile-grid-50 lgc-equal-heights \"><div  class=\"inside-grid-column\">\n<div class=\"wp-block-file\"><object class=\"wp-block-file__embed\" style=\"width: 100%; height: 600px;\" data=\"https:\/\/ifdbolson-rng.infd.edu.ar\/sitio\/wp-content\/uploads\/2026\/02\/2026_Horario-1\u00b0-Cuatrimestre-1-1.pdf\" type=\"application\/pdf\" width=\"300\" height=\"150\" aria-label=\"Horarios PESH\"><\/object><a id=\"wp-block-file--media-cf0a77b4-9724-46c1-b0ca-171665308449\" href=\"https:\/\/ifdbolson-rng.infd.edu.ar\/sitio\/wp-content\/uploads\/2026\/02\/2026_Horario-1\u00b0-Cuatrimestre-1-1.pdf\"> Horarios PESH\u00bb<\/a><a class=\"wp-block-file__button wp-element-button\" href=\"https:\/\/ifdbolson-rng.infd.edu.ar\/sitio\/wp-content\/uploads\/2026\/02\/2026_Horario-1\u00b0-Cuatrimestre-1-1.pdf\" download=\"\" aria-describedby=\"wp-block-file--media-cf0a77b4-9724-46c1-b0ca-171665308449\">Descarga<\/a><\/div>\n<p><\/p><\/div><\/div>\n<p style=\"text-align: right;\"><div  class=\"lgc-column lgc-grid-parent lgc-grid-50 lgc-tablet-grid-50 lgc-mobile-grid-50 lgc-equal-heights \"><div  class=\"inside-grid-column\">\n<div class=\"wp-block-file\"><object class=\"wp-block-file__embed\" style=\"width: 100%; height: 600px;\" data=\"https:\/\/ifdbolson-rng.infd.edu.ar\/sitio\/wp-content\/uploads\/2026\/02\/2026_Horario-2\u00b0-Cuatrimestre-1.pdf\" type=\"application\/pdf\" width=\"300\" height=\"150\" aria-label=\"Horarios PESH\"><\/object><a class=\"wp-block-file__button wp-element-button\" href=\"https:\/\/ifdbolson-rng.infd.edu.ar\/sitio\/wp-content\/uploads\/2026\/02\/2026_Horario-2\u00b0-Cuatrimestre-1.pdf\" download=\"\" aria-describedby=\"wp-block-file--media-cf0a77b4-9724-46c1-b0ca-171665308449\">Descarga<\/a><\/div>\n<p style=\"text-align: right;\"><\/p><\/div><\/div>\n<p>&nbsp;<\/p>\n<p style=\"text-align: center;\"><strong>Modelo de notas para estudiantes<\/strong><\/p>\n<p style=\"text-align: right;\"><div  class=\"lgc-column lgc-grid-parent lgc-grid-50 lgc-tablet-grid-50 lgc-mobile-grid-100 lgc-equal-heights \"><div  class=\"inside-grid-column\">\n<p style=\"text-align: right;\"><a href=\"https:\/\/ifdbolson-rng.infd.edu.ar\/sitio\/wp-content\/uploads\/2023\/03\/Nota-pedido-de-equivalencias.docx\" target=\"_blank\" rel=\"noopener\"><img decoding=\"async\" loading=\"lazy\" class=\"alignnone  wp-image-5886\" src=\"https:\/\/ifdbolson-rng.infd.edu.ar\/sitio\/wp-content\/uploads\/2023\/03\/Modelo-de-nota-para-solic-Equiv-Logo-Word.jpg\" alt=\"\" width=\"169\" height=\"165\" \/><\/a><\/p>\n<p style=\"text-align: right;\">\u00a0<\/p>\n<p style=\"text-align: right;\"><\/p><\/div><\/div>\n<p style=\"text-align: left;\"><div  class=\"lgc-column lgc-grid-parent lgc-grid-50 lgc-tablet-grid-50 lgc-mobile-grid-100 lgc-equal-heights \"><div  class=\"inside-grid-column\">\n<p style=\"text-align: left;\"><a href=\"https:\/\/ifdbolson-rng.infd.edu.ar\/sitio\/wp-content\/uploads\/2023\/03\/MODELO-DE-NOTA-MESAS-ESPECIALES.docx\" target=\"_blank\" rel=\"noopener\"><img decoding=\"async\" loading=\"lazy\" class=\"alignnone  wp-image-5887\" src=\"https:\/\/ifdbolson-rng.infd.edu.ar\/sitio\/wp-content\/uploads\/2023\/03\/Modelo-de-nota-para-solic-Mesa-Especial-Logo-Word.jpg\" alt=\"\" width=\"169\" height=\"179\" \/><\/a><\/p>\n<p><\/p><\/div><\/div>\n<p>&nbsp;<\/p>\n","protected":false},"excerpt":{"rendered":"<p>Profesorado de Educaci\u00f3n Secundaria en Historia La inserci\u00f3n laboral de los graduados se orienta a la ense\u00f1anza en el nivel medio o superior dentro del pa\u00eds y el perfil de formaci\u00f3n es af\u00edn a la investigaci\u00f3n en Ciencias Sociales. El estudio de la Historia en el contexto de las Ciencias Sociales, busca la comprensi\u00f3n del &#8230; <a title=\"Profesorado de Educaci\u00f3n Secundaria en Historia\" class=\"read-more\" href=\"https:\/\/ifdbolson-rng.infd.edu.ar\/sitio\/profesorado-de-historia\/\" aria-label=\"More on Profesorado de Educaci\u00f3n Secundaria en Historia\">[+]<\/a><\/p>\n","protected":false},"author":7,"featured_media":0,"parent":0,"menu_order":0,"comment_status":"closed","ping_status":"closed","template":"","meta":[],"acf":[],"_links":{"self":[{"href":"https:\/\/ifdbolson-rng.infd.edu.ar\/sitio\/wp-json\/wp\/v2\/pages\/1349"}],"collection":[{"href":"https:\/\/ifdbolson-rng.infd.edu.ar\/sitio\/wp-json\/wp\/v2\/pages"}],"about":[{"href":"https:\/\/ifdbolson-rng.infd.edu.ar\/sitio\/wp-json\/wp\/v2\/types\/page"}],"author":[{"embeddable":true,"href":"https:\/\/ifdbolson-rng.infd.edu.ar\/sitio\/wp-json\/wp\/v2\/users\/7"}],"replies":[{"embeddable":true,"href":"https:\/\/ifdbolson-rng.infd.edu.ar\/sitio\/wp-json\/wp\/v2\/comments?post=1349"}],"version-history":[{"count":192,"href":"https:\/\/ifdbolson-rng.infd.edu.ar\/sitio\/wp-json\/wp\/v2\/pages\/1349\/revisions"}],"predecessor-version":[{"id":8271,"href":"https:\/\/ifdbolson-rng.infd.edu.ar\/sitio\/wp-json\/wp\/v2\/pages\/1349\/revisions\/8271"}],"wp:attachment":[{"href":"https:\/\/ifdbolson-rng.infd.edu.ar\/sitio\/wp-json\/wp\/v2\/media?parent=1349"}],"curies":[{"name":"wp","href":"https:\/\/api.w.org\/{rel}","templated":true}]}}