{"id":1352,"date":"2018-09-17T19:44:57","date_gmt":"2018-09-17T22:44:57","guid":{"rendered":"https:\/\/ifdbolson-rng.infd.edu.ar\/sitio\/?page_id=1352"},"modified":"2026-03-10T08:13:09","modified_gmt":"2026-03-10T11:13:09","slug":"profesorado-de-nivel-inicial-2","status":"publish","type":"page","link":"https:\/\/ifdbolson-rng.infd.edu.ar\/sitio\/profesorado-de-nivel-inicial-2\/","title":{"rendered":"Profesorado de Educaci\u00f3n Inicial"},"content":{"rendered":"<h1 style=\"text-align: center;\">Profesorado de Educaci\u00f3n Inicial<\/h1>\n<p style=\"text-align: right;\"><div  class=\"lgc-column lgc-grid-parent lgc-grid-50 lgc-tablet-grid-50 lgc-mobile-grid-100 lgc-equal-heights \"><div  class=\"inside-grid-column\">\n<p style=\"text-align: right;\"><a href=\"https:\/\/ifdbolson-rng.infd.edu.ar\/sitio\/wp-content\/uploads\/2023\/02\/plan-de-estudios-NI.pdf\" target=\"_blank\" rel=\"noopener\"><img decoding=\"async\" loading=\"lazy\" class=\"alignnone  wp-image-5830\" src=\"https:\/\/ifdbolson-rng.infd.edu.ar\/sitio\/wp-content\/uploads\/2023\/03\/plan-NI.jpg\" alt=\"\" width=\"400\" height=\"200\" \/><\/a><\/p>\n<p style=\"text-align: right;\"><\/p><\/div><\/div>\n<p style=\"text-align: left;\"><div  class=\"lgc-column lgc-grid-parent lgc-grid-50 lgc-tablet-grid-50 lgc-mobile-grid-100 lgc-equal-heights \"><div  class=\"inside-grid-column\">\n<p><a href=\"https:\/\/ifdbolson-rng.infd.edu.ar\/sitio\/wp-content\/uploads\/2023\/02\/Regimen-de-correlatividad-Prof-Nivel-Inicial-Disposicion-No-008-22-1.pdf\" target=\"_blank\" rel=\"noopener\"><img decoding=\"async\" loading=\"lazy\" class=\"alignnone  wp-image-5831\" src=\"https:\/\/ifdbolson-rng.infd.edu.ar\/sitio\/wp-content\/uploads\/2023\/03\/correlatvidad-NI.jpg\" alt=\"\" width=\"400\" height=\"200\" \/><\/a><\/p>\n<p style=\"text-align: left;\"><\/p><\/div><\/div>\n<p style=\"text-align: right;\"><div  class=\"lgc-column lgc-grid-parent lgc-grid-50 lgc-tablet-grid-50 lgc-mobile-grid-100 lgc-equal-heights \"><div  class=\"inside-grid-column\">\n<p style=\"text-align: right;\"><a href=\"https:\/\/ifdbolson-rng.infd.edu.ar\/sitio\/wp-content\/uploads\/2018\/11\/PROFESORADO-DE-NIVEL-INICIAL-2.12.2015.pdf\" target=\"_blank\" rel=\"noopener\"><img decoding=\"async\" loading=\"lazy\" class=\"alignnone  wp-image-5832\" src=\"https:\/\/ifdbolson-rng.infd.edu.ar\/sitio\/wp-content\/uploads\/2023\/03\/Disenio-NI.jpg\" alt=\"\" width=\"400\" height=\"200\" \/><\/a><\/p>\n<p style=\"text-align: right;\"><\/p><\/div><\/div>\n<p style=\"text-align: left;\"><div  class=\"lgc-column lgc-grid-parent lgc-grid-50 lgc-tablet-grid-50 lgc-mobile-grid-100 lgc-equal-heights \"><div  class=\"inside-grid-column\">\n<p><a href=\"https:\/\/ifdbolson-rng.infd.edu.ar\/sitio\/perfil-del-egresado-4\/\" target=\"_blank\" rel=\"noopener\"><img decoding=\"async\" loading=\"lazy\" class=\"alignnone  wp-image-5833\" src=\"https:\/\/ifdbolson-rng.infd.edu.ar\/sitio\/wp-content\/uploads\/2023\/03\/perfil-NI.jpg\" alt=\"\" width=\"400\" height=\"200\" \/><\/a><\/p>\n<p style=\"text-align: left;\"><\/p><\/div><\/div>\n<p style=\"text-align: left;\"><em><strong>Esta carrera forma educadores para la primera infancia, (0 a 6 a\u00f1os de edad) por lo tanto se profundiza el reconocimiento de ni\u00f1os y ni\u00f1as como sujetos de derecho. En la formaci\u00f3n se trabaja con los lenguajes expresivos de manera integrada propiciando el aprendizaje a trav\u00e9s del juego.<\/strong><\/em><\/p>\n<p>Coordinadoras de la Carrera: Natacha Vera y Mariana De La Penna<\/p>\n<p><em>Para cualquier consulta, contactarse a: <a class=\"Yh1nIb asUmFb AL18ce\" href=\"mailto:n.inicialbolson@gmail.com\" target=\"_blank\" rel=\"noopener\" data-tooltip=\"Del perfil de Google del usuario\" data-tooltip-position=\"top\">n.inicialbolson@gmail.com<\/a><\/em><\/p>\n<hr \/>\n<h1 style=\"text-align: center;\"><strong><span style=\"color: #ff9900;\">CRONOGRAMA DE ACTIVIDADES PARA INGRESANTES<\/span><\/strong><\/h1>\n<p><img decoding=\"async\" loading=\"lazy\" class=\" wp-image-8231 aligncenter\" src=\"https:\/\/ifdbolson-rng.infd.edu.ar\/sitio\/wp-content\/uploads\/2026\/02\/PEI-.jpeg\" alt=\"\" width=\"820\" height=\"540\" srcset=\"https:\/\/ifdbolson-rng.infd.edu.ar\/sitio\/wp-content\/uploads\/2026\/02\/PEI-.jpeg 976w, https:\/\/ifdbolson-rng.infd.edu.ar\/sitio\/wp-content\/uploads\/2026\/02\/PEI--768x506.jpeg 768w\" sizes=\"(max-width: 820px) 100vw, 820px\" \/><\/p>\n<h1 style=\"text-align: center;\">Horarios de cursadas 2026<\/h1>\n<div class=\"wp-block-file\"><object class=\"wp-block-file__embed\" style=\"width: 100%; height: 600px;\" data=\"https:\/\/ifdbolson-rng.infd.edu.ar\/sitio\/wp-content\/uploads\/2026\/03\/HORARIOS-2026-1.pdf\" width=\"300\" height=\"150\" aria-label=\"Horarios de cursada 2006\"><\/object><a class=\"wp-block-file__button wp-element-button\" href=\"https:\/\/ifdbolson-rng.infd.edu.ar\/sitio\/wp-content\/uploads\/2026\/03\/HORARIOS-2026-1.pdf\" download=\"\" aria-describedby=\"wp-block-file--media-cf0a77b4-9724-46c1-b0ca-171665308449\">Descarga&lt;\/<\/a><\/p>\n<p>&nbsp;<\/p>\n<h3 style=\"text-align: center;\"><strong>Modelos de notas para estudiantes<\/strong><\/h3>\n<p style=\"text-align: right;\"><div  class=\"lgc-column lgc-grid-parent lgc-grid-50 lgc-tablet-grid-50 lgc-mobile-grid-100 lgc-equal-heights \"><div  class=\"inside-grid-column\">\n<p style=\"text-align: right;\"><a href=\"https:\/\/ifdbolson-rng.infd.edu.ar\/sitio\/wp-content\/uploads\/2023\/03\/Nota-pedido-de-equivalencias.docx\" target=\"_blank\" rel=\"noopener\"><img decoding=\"async\" loading=\"lazy\" class=\"alignnone  wp-image-5886\" src=\"https:\/\/ifdbolson-rng.infd.edu.ar\/sitio\/wp-content\/uploads\/2023\/03\/Modelo-de-nota-para-solic-Equiv-Logo-Word.jpg\" alt=\"\" width=\"150\" height=\"147\" \/><\/a><\/p>\n<p style=\"text-align: right;\"><\/p><\/div><\/div>\n<p style=\"text-align: left;\"><div  class=\"lgc-column lgc-grid-parent lgc-grid-50 lgc-tablet-grid-50 lgc-mobile-grid-100 lgc-equal-heights \"><div  class=\"inside-grid-column\">\n<p style=\"text-align: left;\"><a href=\"https:\/\/ifdbolson-rng.infd.edu.ar\/sitio\/wp-content\/uploads\/2023\/03\/MODELO-DE-NOTA-MESAS-ESPECIALES.docx\" target=\"_blank\" rel=\"noopener\"><img decoding=\"async\" loading=\"lazy\" class=\"alignnone  wp-image-5887\" src=\"https:\/\/ifdbolson-rng.infd.edu.ar\/sitio\/wp-content\/uploads\/2023\/03\/Modelo-de-nota-para-solic-Mesa-Especial-Logo-Word.jpg\" alt=\"\" width=\"150\" height=\"159\" \/><\/a><\/p>\n<p style=\"text-align: left;\"><\/p><\/div><\/div>\n<p>&nbsp;<\/p>\n<div class=\"padlet-embed\" style=\"border: 1px solid rgba(0,0,0,0.1); border-radius: 2px; box-sizing: border-box; overflow: hidden; position: relative; width: 100%; background: #F4F4F4;\">\n<p style=\"padding: 0; margin: 0;\"><iframe style=\"width: 100%; height: 608px; display: block; padding: 0; margin: 0;\" src=\"https:\/\/padlet.com\/embed\/spf79lpasqv5rdbz\" frameborder=\"0\"><\/iframe><\/p>\n<div style=\"padding: 8px; text-align: right; margin: 0;\"><a style=\"padding: 0; margin: 0; border: none; display: block; line-height: 1; height: 16px;\" href=\"https:\/\/padlet.com?ref=embed\" target=\"_blank\" rel=\"noopener\"><img decoding=\"async\" loading=\"lazy\" style=\"padding: 0; margin: 0; background: none; border: none; display: inline; box-shadow: none;\" src=\"https:\/\/padlet.net\/embeds\/made_with_padlet.png\" alt=\"Hecho con Padlet\" width=\"86\" height=\"16\" \/><\/a><\/div>\n<\/div>\n<\/div>\n","protected":false},"excerpt":{"rendered":"<p>Profesorado de Educaci\u00f3n Inicial Esta carrera forma educadores para la primera infancia, (0 a 6 a\u00f1os de edad) por lo tanto se profundiza el reconocimiento de ni\u00f1os y ni\u00f1as como sujetos de derecho. En la formaci\u00f3n se trabaja con los lenguajes expresivos de manera integrada propiciando el aprendizaje a trav\u00e9s del juego. Coordinadoras de la &#8230; <a title=\"Profesorado de Educaci\u00f3n Inicial\" class=\"read-more\" href=\"https:\/\/ifdbolson-rng.infd.edu.ar\/sitio\/profesorado-de-nivel-inicial-2\/\" aria-label=\"More on Profesorado de Educaci\u00f3n Inicial\">[+]<\/a><\/p>\n","protected":false},"author":7,"featured_media":0,"parent":0,"menu_order":0,"comment_status":"closed","ping_status":"closed","template":"","meta":[],"acf":[],"_links":{"self":[{"href":"https:\/\/ifdbolson-rng.infd.edu.ar\/sitio\/wp-json\/wp\/v2\/pages\/1352"}],"collection":[{"href":"https:\/\/ifdbolson-rng.infd.edu.ar\/sitio\/wp-json\/wp\/v2\/pages"}],"about":[{"href":"https:\/\/ifdbolson-rng.infd.edu.ar\/sitio\/wp-json\/wp\/v2\/types\/page"}],"author":[{"embeddable":true,"href":"https:\/\/ifdbolson-rng.infd.edu.ar\/sitio\/wp-json\/wp\/v2\/users\/7"}],"replies":[{"embeddable":true,"href":"https:\/\/ifdbolson-rng.infd.edu.ar\/sitio\/wp-json\/wp\/v2\/comments?post=1352"}],"version-history":[{"count":208,"href":"https:\/\/ifdbolson-rng.infd.edu.ar\/sitio\/wp-json\/wp\/v2\/pages\/1352\/revisions"}],"predecessor-version":[{"id":8267,"href":"https:\/\/ifdbolson-rng.infd.edu.ar\/sitio\/wp-json\/wp\/v2\/pages\/1352\/revisions\/8267"}],"wp:attachment":[{"href":"https:\/\/ifdbolson-rng.infd.edu.ar\/sitio\/wp-json\/wp\/v2\/media?parent=1352"}],"curies":[{"name":"wp","href":"https:\/\/api.w.org\/{rel}","templated":true}]}}