{"id":1700,"date":"2018-11-06T15:07:25","date_gmt":"2018-11-06T18:07:25","guid":{"rendered":"https:\/\/ifdbolson-rng.infd.edu.ar\/sitio\/?page_id=1700"},"modified":"2021-05-03T16:19:07","modified_gmt":"2021-05-03T19:19:07","slug":"equipo-de-interculturalidad","status":"publish","type":"page","link":"https:\/\/ifdbolson-rng.infd.edu.ar\/sitio\/equipo-de-interculturalidad\/","title":{"rendered":"Equipo de Interculturalidad"},"content":{"rendered":"<p><i>\u00a0Somos un grupo de reflexi\u00f3n-acci\u00f3n que trabaja desde el a\u00f1o 2011, compuesto por personas de variadas procedencias, la mayor\u00eda relacionada con la docencia. Interactuamos con el medio educativo cultural de nuestra comarca en funci\u00f3n de visibilizar la preexistencia de los pueblos originarios o ind\u00edgenas que hacen a la constituci\u00f3n identitaria de la Comarca\u00a0y que han sido negados en la transmisi\u00f3n educativa. Incluimos aqu\u00ed a todos los grupos culturales que por su adscripci\u00f3n identitaria son objeto de discriminaci\u00f3n. Por otro lado, a la vez que tratamos de incluir esta visi\u00f3n en las intervenciones pedag\u00f3gicas, intentamos transformar nuestras pr\u00e1cticas basadas en la monoculturalidad y por lo tanto sesgadas y discriminatorias.<\/i><\/p>\n<p><iframe loading=\"lazy\" title=\"YouTube video player\" src=\"https:\/\/www.youtube.com\/embed\/e5lFtlajWEU\" width=\"560\" height=\"315\" frameborder=\"0\" allowfullscreen=\"allowfullscreen\"><\/iframe><\/p>\n<p style=\"font-weight: 400;\"><strong><u>Internos IFDC<\/u>:<\/strong> Joan Goytia (Primaria \u2013 coordinador), Alejandra Eidelman (Historia y Artes Visuales), Luc\u00eda L\u00f3pez (Artes Visuales &#8211; coordinadora del proyecto de investigaci\u00f3n EIB) \u2013 Fabiana Nahuelquir (Historia) &#8211; Georgina Colombo (Artes Visuales) \u2013\u00a0Lorena Altamirano (estudiante de 4to a\u00f1o Artes Visuales) &#8211; Gilda Pairola (Primaria)<\/p>\n<p style=\"font-weight: 400;\"><u>Participantes externos<\/u>: Mariela Miremont (docente escuela N\u00b0 103\u00a0\u00a0\u2013 Mall\u00edn Ahogado), Eva Lincan (docente jubilada ISFD 813, Lago Puelo), Clarisa Cirigliano (docente jubilada IFDC)<\/p>\n<p style=\"text-align: left;\"><strong><u>Participantes eventuales<\/u>:<\/strong> Gabriela Wuthrich (docente jubilada del IFDC),\u00a0\u00a0Roc\u00edo Andrade (Asesora Acad\u00e9mica del proyecto de investigaci\u00f3n del equipo \u2013 Profesora y Licenciada en Psicopedagog\u00eda UNCO, Becaria del CONICET)<\/p>\n<p>Tareas desarrolladas en el transcurso del a\u00f1o hasta el momento:<\/p>\n<ul>\n<li>Intervenci\u00f3n docente del equipo en clase del m\u00f3dulo introductorio para estudiantes de los cuatro profesorados: Artes visuales, nivel inicial, nivel primario e Historia.<\/li>\n<li>Escritura de material para uso escolar en referencia a la Muestra \u201cPrisioneros de la ciencia\u201d<\/li>\n<li>Construcci\u00f3n de curso de capacitaci\u00f3n en formato de ateneo a dictarse en segundo cuatrimestre.<\/li>\n<li>Asesoramiento para la presentaci\u00f3n de contenidos en algunas c\u00e1tedras de nivel primario<\/li>\n<li>Planificaci\u00f3n de acciones conjuntas con estudiantado que contemple la situaci\u00f3n de pertenencia a pueblo originario de los mismos.<\/li>\n<li>Efem\u00e9ride 11 de octubre.<\/li>\n<\/ul>\n<div class=\"padlet-embed\" style=\"border: 1px solid rgba(0,0,0,0.1); border-radius: 2px; box-sizing: border-box; overflow: hidden; position: relative; width: 100%; background: #F4F4F4;\">\n<p style=\"padding: 0; margin: 0;\"><iframe style=\"width: 100%; height: 608px; display: block; padding: 0; margin: 0;\" src=\"https:\/\/padlet.com\/embed\/m46ntr8v075wtlgu\" frameborder=\"0\"><\/iframe><\/p>\n<div style=\"padding: 8px; text-align: right; margin: 0;\"><a style=\"padding: 0; margin: 0; border: none; display: block; line-height: 1; height: 16px;\" href=\"https:\/\/padlet.com?ref=embed\" target=\"_blank\" rel=\"noopener\"><img decoding=\"async\" loading=\"lazy\" style=\"padding: 0; margin: 0; background: none; border: none; display: inline; box-shadow: none;\" src=\"https:\/\/padlet.net\/embeds\/made_with_padlet.png\" alt=\"Hecho con Padlet\" width=\"86\" height=\"16\" \/><\/a><\/div>\n<\/div>\n<p>&nbsp;<\/p>\n<figure id=\"attachment_1811\" aria-describedby=\"caption-attachment-1811\" style=\"width: 590px\" class=\"wp-caption aligncenter\"><a href=\"https:\/\/ifdbolson-rng.infd.edu.ar\/sitio\/wp-content\/uploads\/2018\/11\/frase-intervenida.jpeg\"><img decoding=\"async\" loading=\"lazy\" class=\"wp-image-1811\" src=\"https:\/\/ifdbolson-rng.infd.edu.ar\/sitio\/wp-content\/uploads\/2018\/11\/frase-intervenida.jpeg\" alt=\"\" width=\"600\" height=\"450\" srcset=\"https:\/\/ifdbolson-rng.infd.edu.ar\/sitio\/wp-content\/uploads\/2018\/11\/frase-intervenida.jpeg 1280w, https:\/\/ifdbolson-rng.infd.edu.ar\/sitio\/wp-content\/uploads\/2018\/11\/frase-intervenida-1000x750.jpeg 1000w, https:\/\/ifdbolson-rng.infd.edu.ar\/sitio\/wp-content\/uploads\/2018\/11\/frase-intervenida-768x576.jpeg 768w\" sizes=\"(max-width: 600px) 100vw, 600px\" \/><\/a><figcaption id=\"caption-attachment-1811\" class=\"wp-caption-text\">Intervenci\u00f3n de los alumnos en una actividad propuesta por el Equipo<\/figcaption><\/figure>\n<p>&nbsp;<\/p>\n<div  class=\"lgc-column lgc-grid-parent lgc-grid-20 lgc-tablet-grid-20 lgc-mobile-grid-100 lgc-equal-heights \"><div  class=\"inside-grid-column\"><strong>Gu\u00eda para la muestra fotogr\u00e1fica \u00abPrisioneros de la Ciencia\u00bb<\/strong><\/div><\/div><iframe style=\"width: 600px; height: 424px;\" src=\"\/\/e.issuu.com\/embed.html#35425522\/66086703\" frameborder=\"0\" allowfullscreen=\"allowfullscreen\"><\/iframe><\/p>\n","protected":false},"excerpt":{"rendered":"<p>\u00a0Somos un grupo de reflexi\u00f3n-acci\u00f3n que trabaja desde el a\u00f1o 2011, compuesto por personas de variadas procedencias, la mayor\u00eda relacionada con la docencia. Interactuamos con el medio educativo cultural de nuestra comarca en funci\u00f3n de visibilizar la preexistencia de los pueblos originarios o ind\u00edgenas que hacen a la constituci\u00f3n identitaria de la Comarca\u00a0y que han &#8230; <a title=\"Equipo de Interculturalidad\" class=\"read-more\" href=\"https:\/\/ifdbolson-rng.infd.edu.ar\/sitio\/equipo-de-interculturalidad\/\" aria-label=\"More on Equipo de Interculturalidad\">[+]<\/a><\/p>\n","protected":false},"author":7,"featured_media":0,"parent":0,"menu_order":0,"comment_status":"closed","ping_status":"closed","template":"","meta":[],"acf":[],"_links":{"self":[{"href":"https:\/\/ifdbolson-rng.infd.edu.ar\/sitio\/wp-json\/wp\/v2\/pages\/1700"}],"collection":[{"href":"https:\/\/ifdbolson-rng.infd.edu.ar\/sitio\/wp-json\/wp\/v2\/pages"}],"about":[{"href":"https:\/\/ifdbolson-rng.infd.edu.ar\/sitio\/wp-json\/wp\/v2\/types\/page"}],"author":[{"embeddable":true,"href":"https:\/\/ifdbolson-rng.infd.edu.ar\/sitio\/wp-json\/wp\/v2\/users\/7"}],"replies":[{"embeddable":true,"href":"https:\/\/ifdbolson-rng.infd.edu.ar\/sitio\/wp-json\/wp\/v2\/comments?post=1700"}],"version-history":[{"count":13,"href":"https:\/\/ifdbolson-rng.infd.edu.ar\/sitio\/wp-json\/wp\/v2\/pages\/1700\/revisions"}],"predecessor-version":[{"id":3299,"href":"https:\/\/ifdbolson-rng.infd.edu.ar\/sitio\/wp-json\/wp\/v2\/pages\/1700\/revisions\/3299"}],"wp:attachment":[{"href":"https:\/\/ifdbolson-rng.infd.edu.ar\/sitio\/wp-json\/wp\/v2\/media?parent=1700"}],"curies":[{"name":"wp","href":"https:\/\/api.w.org\/{rel}","templated":true}]}}