{"id":2605,"date":"2020-06-23T00:46:29","date_gmt":"2020-06-23T03:46:29","guid":{"rendered":"https:\/\/ifdbolson-rng.infd.edu.ar\/sitio\/?page_id=2605"},"modified":"2024-10-10T09:48:51","modified_gmt":"2024-10-10T12:48:51","slug":"equipo-de-inclusion","status":"publish","type":"page","link":"https:\/\/ifdbolson-rng.infd.edu.ar\/sitio\/equipo-de-inclusion\/","title":{"rendered":"Equipo de Accesibilidad"},"content":{"rendered":"<h2><span style=\"color: #ff6600;\">Presentaci\u00f3n del Equipo de Accesibilidad.<\/span><\/h2>\n<h4 style=\"text-align: center;\"><span style=\"color: #3366ff;\"><strong>Jornadas de Accesibilidad, Arte y Educaci\u00f3n <\/strong><strong>2022<\/strong><\/span><\/h4>\n<p style=\"text-align: center;\"><strong>19 al 30 de Septiembre de 2022<\/strong><\/p>\n<p><strong>P\u00fablico destinatario: <\/strong>Algunas propuestas son pensadas para p\u00fablico en general, en tanto otras tienen como destinatario los colegios secundarios de la localidad. (Se especifica destinatario en el cronograma)<\/p>\n<p style=\"text-align: center;\"><strong><em>\u00a0\u201cEl arte no reproduce aquello que es invisible,<br \/><\/em><\/strong><strong><em>sino que hace visible aquello que no siempre se ve\u201d<br \/><\/em><\/strong><strong><em>Paul Klee<\/em><\/strong><\/p>\n<p>Las Jornadas de Accesibilidad, Arte y Educaci\u00f3n, las segundas\u00a0 a cargo del Equipo de Inclusi\u00f3n del IFDC El Bols\u00f3n, partimos de la premisa que manifiesta que el <strong>arte<\/strong> constituye un espacio de expresi\u00f3n y desarrollo personal, de encuentro, participaci\u00f3n social y trabajo, por lo que se convierte en el puente necesario para compartir diversas expresiones art\u00edsticas en clave inclusiva.\u00a0Para visibilizar la inclusi\u00f3n mediante propuestas art\u00edsticas y deportivas que generen conciencia sobre los derechos de las personas con diversidad funcional. Promover experiencias art\u00edsticas accesibles a trav\u00e9s de diferentes lenguajes est\u00e9ticos para agudizar los sentidos.\u00a0<\/p>\n<p>Para participar de las actividades con cupo, es necesario confirmar la presencia al mail: <a href=\"mailto:equipoinclusionifdcelbolson@gmail.com\"><strong>equipoinclusionifdcelbolson@gmail.com<\/strong><\/a><\/p>\n<p>Adem\u00e1s de los encuentros propuestos habr\u00e1 momentos en los cuales se podr\u00e1 participar de la experiencia de la muestra permanente de Arte en el Instituto. De forma aut\u00f3noma o en visitas guiadas por integrantes del Equipo de Inclusi\u00f3n, las mismas son:<\/p>\n<ul>\n<li><strong>Martes 20\/9 17.30 a 18.30 hs.<\/strong><\/li>\n<li><strong>Jueves 22\/9: 10 a 12 hs.<\/strong><\/li>\n<li><strong>Viernes 23\/9: 17.30 a 18.30 hs.<\/strong><\/li>\n<li><strong>Lunes 26: 15 a 16 hs.<\/strong><\/li>\n<li><strong>Martes 27: 16 a 17 hs.<\/strong><\/li>\n<li><strong>Mi\u00e9rcoles 28: 10 a 11 hs.<\/strong><\/li>\n<li><strong>Jueves 29: 10 a 11 hs.<\/strong><\/li>\n<li><strong>Viernes 30: 17.30 a 18.30 hs.<\/strong><\/li>\n<\/ul>\n<p><img decoding=\"async\" loading=\"lazy\" class=\"wp-image-5111 aligncenter\" src=\"https:\/\/ifdbolson-rng.infd.edu.ar\/sitio\/wp-content\/uploads\/2022\/09\/WhatsApp-Image-2022-09-12-at-12.04.47-PM-706x1000.jpeg\" alt=\"\" width=\"457\" height=\"742\" \/><\/p>\n<div  class=\"lgc-column lgc-grid-parent lgc-grid-50 lgc-tablet-grid-50 lgc-mobile-grid-100 lgc-equal-heights \"><div  class=\"inside-grid-column\">\n<p><img decoding=\"async\" loading=\"lazy\" class=\"wp-image-5116 aligncenter\" src=\"https:\/\/ifdbolson-rng.infd.edu.ar\/sitio\/wp-content\/uploads\/2022\/09\/WhatsApp-Image-2022-09-12-at-12.05.40-PM-1-711x1000.jpeg\" alt=\"\" width=\"461\" height=\"650\" \/><\/p>\n<p><\/p><\/div><\/div>\n<div  class=\"lgc-column lgc-grid-parent lgc-grid-50 lgc-tablet-grid-50 lgc-mobile-grid-100 lgc-equal-heights \"><div  class=\"inside-grid-column\">\n<p><img decoding=\"async\" loading=\"lazy\" class=\"wp-image-5114 aligncenter\" src=\"https:\/\/ifdbolson-rng.infd.edu.ar\/sitio\/wp-content\/uploads\/2022\/09\/WhatsApp-Image-2022-09-12-at-12.05.24-PM-706x1000.jpeg\" alt=\"\" width=\"494\" height=\"678\" \/><\/p>\n<p><\/p><\/div><\/div>\n<div  class=\"lgc-column lgc-grid-parent lgc-grid-50 lgc-tablet-grid-50 lgc-mobile-grid-100 lgc-equal-heights \"><div  class=\"inside-grid-column\">\n<p><img decoding=\"async\" loading=\"lazy\" class=\"alignnone  wp-image-5115\" src=\"https:\/\/ifdbolson-rng.infd.edu.ar\/sitio\/wp-content\/uploads\/2022\/09\/WhatsApp-Image-2022-09-12-at-12.05.23-PM-1000x1000.jpeg\" alt=\"\" width=\"498\" height=\"494\" \/><\/p>\n<p><\/p><\/div><\/div>\n<p style=\"text-align: left;\"><div  class=\"lgc-column lgc-grid-parent lgc-grid-50 lgc-tablet-grid-50 lgc-mobile-grid-100 lgc-equal-heights \"><div  class=\"inside-grid-column\">\n<p><img decoding=\"async\" loading=\"lazy\" class=\"alignnone  wp-image-5140\" src=\"https:\/\/ifdbolson-rng.infd.edu.ar\/sitio\/wp-content\/uploads\/2022\/09\/muestra-arte-jornadas-707x1000.jpg\" alt=\"\" width=\"478\" height=\"676\" srcset=\"https:\/\/ifdbolson-rng.infd.edu.ar\/sitio\/wp-content\/uploads\/2022\/09\/muestra-arte-jornadas-707x1000.jpg 707w, https:\/\/ifdbolson-rng.infd.edu.ar\/sitio\/wp-content\/uploads\/2022\/09\/muestra-arte-jornadas-768x1086.jpg 768w, https:\/\/ifdbolson-rng.infd.edu.ar\/sitio\/wp-content\/uploads\/2022\/09\/muestra-arte-jornadas.jpg 842w\" sizes=\"(max-width: 478px) 100vw, 478px\" \/><\/p>\n<p style=\"text-align: left;\"><\/p><\/div><\/div>\n<hr \/>\n<p style=\"text-align: center;\">\u00a0<\/p>\n<h2><span style=\"color: #008000;\">Cierre del Curso de Lengua de Se\u00f1as Argentina<\/span><\/h2>\n<p><strong>Realizado en mes de Septiembre en el IFDC El Bols\u00f3n<\/strong><\/p>\n<p><iframe loading=\"lazy\" src=\"https:\/\/www.youtube.com\/embed\/6UaKRfYdGrA\" width=\"560\" height=\"315\" frameborder=\"0\" allowfullscreen=\"allowfullscreen\"><\/iframe><\/p>\n<hr \/>\n<div class=\"padlet-embed\" style=\"border: 1px solid rgba(0,0,0,0.1); border-radius: 2px; box-sizing: border-box; overflow: hidden; position: relative; width: 100%; background: #F4F4F4;\">\n<p style=\"padding: 0; margin: 0;\"><iframe style=\"width: 100%; height: 608px; display: block; padding: 0; margin: 0;\" src=\"https:\/\/padlet.com\/embed\/hem15b3knmh2x1ib\" frameborder=\"0\"><\/iframe><\/p>\n<div style=\"padding: 8px; text-align: right; margin: 0;\"><a style=\"padding: 0; margin: 0; border: none; display: block; line-height: 1; height: 16px;\" href=\"https:\/\/padlet.com?ref=embed\" target=\"_blank\" rel=\"noopener\"><img decoding=\"async\" loading=\"lazy\" style=\"padding: 0; margin: 0; background: none; border: none; display: inline; box-shadow: none;\" src=\"https:\/\/padlet.net\/embeds\/made_with_padlet.png\" alt=\"Hecho con Padlet\" width=\"86\" height=\"16\" \/><\/a><\/div>\n<\/div>\n\n\n<p><\/p>\n","protected":false},"excerpt":{"rendered":"<p>Presentaci\u00f3n del Equipo de Accesibilidad. Jornadas de Accesibilidad, Arte y Educaci\u00f3n 2022 19 al 30 de Septiembre de 2022 P\u00fablico destinatario: Algunas propuestas son pensadas para p\u00fablico en general, en tanto otras tienen como destinatario los colegios secundarios de la localidad. (Se especifica destinatario en el cronograma) \u00a0\u201cEl arte no reproduce aquello que es invisible,sino &#8230; <a title=\"Equipo de Accesibilidad\" class=\"read-more\" href=\"https:\/\/ifdbolson-rng.infd.edu.ar\/sitio\/equipo-de-inclusion\/\" aria-label=\"More on Equipo de Accesibilidad\">[+]<\/a><\/p>\n","protected":false},"author":1588,"featured_media":0,"parent":0,"menu_order":0,"comment_status":"closed","ping_status":"closed","template":"","meta":[],"acf":[],"_links":{"self":[{"href":"https:\/\/ifdbolson-rng.infd.edu.ar\/sitio\/wp-json\/wp\/v2\/pages\/2605"}],"collection":[{"href":"https:\/\/ifdbolson-rng.infd.edu.ar\/sitio\/wp-json\/wp\/v2\/pages"}],"about":[{"href":"https:\/\/ifdbolson-rng.infd.edu.ar\/sitio\/wp-json\/wp\/v2\/types\/page"}],"author":[{"embeddable":true,"href":"https:\/\/ifdbolson-rng.infd.edu.ar\/sitio\/wp-json\/wp\/v2\/users\/1588"}],"replies":[{"embeddable":true,"href":"https:\/\/ifdbolson-rng.infd.edu.ar\/sitio\/wp-json\/wp\/v2\/comments?post=2605"}],"version-history":[{"count":16,"href":"https:\/\/ifdbolson-rng.infd.edu.ar\/sitio\/wp-json\/wp\/v2\/pages\/2605\/revisions"}],"predecessor-version":[{"id":7415,"href":"https:\/\/ifdbolson-rng.infd.edu.ar\/sitio\/wp-json\/wp\/v2\/pages\/2605\/revisions\/7415"}],"wp:attachment":[{"href":"https:\/\/ifdbolson-rng.infd.edu.ar\/sitio\/wp-json\/wp\/v2\/media?parent=2605"}],"curies":[{"name":"wp","href":"https:\/\/api.w.org\/{rel}","templated":true}]}}