{"id":2746,"date":"2020-07-28T12:03:54","date_gmt":"2020-07-28T15:03:54","guid":{"rendered":"https:\/\/ifdbolson-rng.infd.edu.ar\/sitio\/?page_id=2746"},"modified":"2024-10-25T16:08:48","modified_gmt":"2024-10-25T19:08:48","slug":"publicaciones","status":"publish","type":"page","link":"https:\/\/ifdbolson-rng.infd.edu.ar\/sitio\/publicaciones\/","title":{"rendered":"Publicaciones"},"content":{"rendered":"<p>Equipo de Publicaciones del IFDC El Bols\u00f3n.<br \/><em>Mail: <a href=\"mailto:ifdcelbolson.publicaciones@gmail.com\">ifdcelbolson.publicaciones@gmail.com<\/a><\/em><\/p>\n<p style=\"text-align: center;\"><div  class=\"lgc-column lgc-grid-parent lgc-grid-50 lgc-tablet-grid-50 lgc-mobile-grid-100 lgc-equal-heights \"><div  class=\"inside-grid-column\">\n<p style=\"text-align: center;\"><iframe loading=\"lazy\" src=\"https:\/\/www.youtube.com\/embed\/srVjRl7_PEA\" width=\"560\" height=\"315\" frameborder=\"0\" allowfullscreen=\"allowfullscreen\"><\/iframe><\/p>\n<p><\/p><\/div><\/div>\n<div  class=\"lgc-column lgc-grid-parent lgc-grid-50 lgc-tablet-grid-50 lgc-mobile-grid-100 lgc-equal-heights \"><div  class=\"inside-grid-column\">\n<h3 style=\"text-align: center;\"><span style=\"color: #800080;\">Normas editoriales para la publicaci\u00f3n de trabajos<\/span><\/h3>\n<p style=\"text-align: center;\"><a href=\"https:\/\/drive.google.com\/file\/d\/1J9UVJjo_VmQoyDiJ_VybxufqA87G6USt\/view?usp=drive_link\" target=\"_blank\" rel=\"noopener\">Ingres\u00e1 al link<\/a><\/p>\n<p><\/p><\/div><\/div>\n<hr \/>\n<h3 style=\"text-align: center;\"><span style=\"color: #993300;\">Arte y poder en el espacio p\u00fablico<\/span><\/h3>\n<h5 style=\"text-align: center;\">Arte, patrimonio, memoria y acci\u00f3n pol\u00edtica<\/h5>\n<p style=\"text-align: center;\"><em>Publicaci\u00f3n elaborada por estudiantes y graduado\/as de los Profesorados de Artes Visuales e Historia del IFDC El Bols\u00f3n.<br \/><\/em>Autore\/as: Sebasti\u00e1n Guerrero, Daniela \u00c1guila, Roc\u00edo Fabiano, Marta Miguel, Elunei Calzada, Amar\u00fa Tabuenca, Jos\u00e9 Milani, C\u00e9sar Cort\u00e9s, Ignacio Soffiantini, Ayeray Rivero, Agostina Maglio, Vanina Seghezzo, Guadalupe Epullan, Daniela Flores, Evelin C\u00f3rdoba<br \/>Compiladores: Georgina Colombo, Ricardo Ramos y Roque Garc\u00eda<\/p>\n<p style=\"text-align: center;\"><em>Disponible en pdf:<\/em><\/p>\n<p><a href=\"https:\/\/drive.google.com\/file\/d\/13ad39T3Dk4T1ELmwEshiU5OfHgSKqw3m\/view?usp=sharing\" target=\"_blank\" rel=\"noopener\"><img decoding=\"async\" loading=\"lazy\" class=\"wp-image-7095 aligncenter\" src=\"https:\/\/ifdbolson-rng.infd.edu.ar\/sitio\/wp-content\/uploads\/2024\/07\/Arte-y-poder_2024-1-1000x769.jpg\" alt=\"\" width=\"338\" height=\"260\" srcset=\"https:\/\/ifdbolson-rng.infd.edu.ar\/sitio\/wp-content\/uploads\/2024\/07\/Arte-y-poder_2024-1-1000x769.jpg 1000w, https:\/\/ifdbolson-rng.infd.edu.ar\/sitio\/wp-content\/uploads\/2024\/07\/Arte-y-poder_2024-1-768x591.jpg 768w, https:\/\/ifdbolson-rng.infd.edu.ar\/sitio\/wp-content\/uploads\/2024\/07\/Arte-y-poder_2024-1.jpg 1535w\" sizes=\"(max-width: 338px) 100vw, 338px\" \/><\/a><\/p>\n<hr \/>\n<h5 style=\"text-align: center;\">PONENCIAS PRESENTADAS EN LA<\/h5>\n<h3 style=\"text-align: center;\"><span style=\"color: #800080;\">JORNADA de experiencias pedag\u00f3gicas<\/span><\/h3>\n<h5 style=\"text-align: center;\"><em><strong>\u00abPr\u00e1cticas y experiencias de ense\u00f1anza <\/strong><\/em><em><strong>en el marco de la Educaci\u00f3n Sexual Integral\u00bb<br \/><\/strong><\/em>31 de agosto de 2022<\/h5>\n<p style=\"text-align: center;\"><em>Disponible en pdf:<\/em><\/p>\n<p><a href=\"https:\/\/drive.google.com\/file\/d\/1FSP0-VHBUxgLkViE5yQwByEt08Yb4AHf\/view?usp=share_link\" target=\"_blank\" rel=\"noopener\"><img decoding=\"async\" loading=\"lazy\" class=\"wp-image-5742 aligncenter\" src=\"https:\/\/ifdbolson-rng.infd.edu.ar\/sitio\/wp-content\/uploads\/2023\/03\/tapa-publiESI.jpg\" alt=\"\" width=\"244\" height=\"345\" \/><\/a><\/p>\n<hr \/>\n<h3 style=\"text-align: center;\"><span style=\"color: #333333;\">Interculturalidad y Nivel Inicial.<\/span><br \/><span style=\"color: #333333;\">Una propuesta para el abordaje integral.<\/span><\/h3>\n<p style=\"text-align: center;\"><em>Dossier &#8211; <\/em><strong>Autor: <\/strong>Prof. Ricardo Ramos<\/p>\n<p style=\"text-align: center;\"><em>Disponible en pdf:<\/em><a href=\"https:\/\/drive.google.com\/file\/d\/1vR-UpLxd3LgiLHRt5BGoeaXLeEtS7S6N\/view?usp=sharing\" target=\"_blank\" rel=\"noopener\"><img decoding=\"async\" loading=\"lazy\" class=\"wp-image-5179 aligncenter\" src=\"https:\/\/ifdbolson-rng.infd.edu.ar\/sitio\/wp-content\/uploads\/2022\/09\/Interc_NI_Experiencias_R_RamosTapa.jpg\" alt=\"\" width=\"303\" height=\"429\" \/><\/a><\/p>\n<hr \/>\n<h3 style=\"text-align: center;\"><span style=\"color: #ff6600;\">Compartiendo experiencias.<\/span><br \/><span style=\"color: #ff6600;\">Intervenci\u00f3n l\u00fadico-recreativa con infancias en el contexto de la cat\u00e1strofe \u00edgnea en la localidad de Lago Puelo, marzo de 2021.<\/span><\/h3>\n<p style=\"text-align: center;\"><em>Art\u00edculo publicado en la revista \u00abTraves\u00edas did\u00e1cticas. Creando huellas en la Educaci\u00f3n Inicial\u00bb, no. 35.<\/em><\/p>\n<p style=\"text-align: center;\"><strong>Autores:\u00a0 <\/strong><br \/>Adri\u00e1n Monteleone, Ricardo Ramos, Andrea Gatti, Sebasti\u00e1n Oliva, Luciana Zeballos, Julieta Funes, <br \/>Ayl\u00e9n Nyull, Candelaria Markez, Nadia Peralta, Mar\u00eda E. Mansilla, Paola Gonz\u00e1lez, Victoria Mari\u00f1o.<\/p>\n<p style=\"text-align: center;\"><em>Disponible en pdf:<\/em><\/p>\n<p><a href=\"https:\/\/drive.google.com\/file\/d\/1NPmd6wB5x2tR32T8M12nMhHgQoadjEPR\/view?usp=sharing\" target=\"_blank\" rel=\"noopener\"><img decoding=\"async\" loading=\"lazy\" class=\"wp-image-3608 aligncenter\" src=\"https:\/\/ifdbolson-rng.infd.edu.ar\/sitio\/wp-content\/uploads\/2021\/08\/Travesias-didacticas35.jpg\" alt=\"\" width=\"194\" height=\"282\" \/><\/a><\/p>\n<hr \/>\n<h3 style=\"text-align: center;\"><span style=\"color: #3366ff;\">Experiencia intercultural en el Nivel Inicial.<\/span><br \/><span style=\"color: #3366ff;\">Proyecto pinturas rupestres como trama hist\u00f3rica.<\/span><\/h3>\n<p style=\"text-align: center;\"><em>Art\u00edculo publicado en la revista \u00abTraves\u00edas did\u00e1cticas. Creando huellas en la Educaci\u00f3n Inicial\u00bb, no. 35.<\/em><\/p>\n<p style=\"text-align: center;\"><strong>Autores:<\/strong><br \/>Prof. Ricardo Ramos y Prof. Estela Mart\u00ednez<\/p>\n<p style=\"text-align: center;\"><em>Disponible en pdf:<\/em><\/p>\n<p><a href=\"https:\/\/drive.google.com\/file\/d\/1HrZovXjTbAfV1FhDto0sM1ex6ci_XntU\/view?usp=sharing\" target=\"_blank\" rel=\"noopener\"><img decoding=\"async\" loading=\"lazy\" class=\"wp-image-3608 aligncenter\" src=\"https:\/\/ifdbolson-rng.infd.edu.ar\/sitio\/wp-content\/uploads\/2021\/08\/Travesias-didacticas35.jpg\" alt=\"\" width=\"194\" height=\"282\" \/><\/a><\/p>\n<hr \/>\n<h2 style=\"text-align: center;\"><span style=\"color: #333399;\">Perspectivas docentes sobre cuerpos, g\u00e9neros y sexualidades en las escuelas de la Comarca Andina.<br \/>Instituci\u00f3n, biograf\u00eda y modos de intervenci\u00f3n<\/span><\/h2>\n<p style=\"text-align: center;\"><strong>Andrea L. Gonz\u00e1lez y Silvina L. Fern\u00e1ndez<\/strong><\/p>\n<p style=\"text-align: center;\">Disponible en pdf:<\/p>\n<p><a href=\"https:\/\/drive.google.com\/file\/d\/1jGJWnQM9f-WGjoUo4lNR4GCkH4eTpluP\/view?usp=sharing\" target=\"_blank\" rel=\"noopener\"><img decoding=\"async\" loading=\"lazy\" class=\"alignnone wp-image-2967 aligncenter\" src=\"https:\/\/ifdbolson-rng.infd.edu.ar\/sitio\/wp-content\/uploads\/2020\/10\/tapa-perspectivas-707x1000.jpg\" alt=\"\" width=\"162\" height=\"250\" \/><\/a><\/p>\n<hr \/>\n<div>\n<h2 style=\"text-align: center;\"><span style=\"color: #800000;\">Historia Argentina. La conquista del \u201cdesierto\u201d:<br \/>Aportes para la construcci\u00f3n de un manual escolar<\/span><\/h2>\n<p style=\"text-align: center;\"><strong>Autores: Daniela \u00c1guila, Magal\u00ed Arias Gonz\u00e1lez, Susan Boock, Agostina Falc\u00f3n,<br \/>Amancay Mansilla, Jos\u00e9 Bruno Milani y Ana Samaniego.<\/strong><\/p>\n<p style=\"text-align: center;\"><em>Obra colectiva realizada por estudiantes de primer a\u00f1o del Profesorado de Educaci\u00f3n Secundaria en Historia<br \/>del Instituto de Formaci\u00f3n Docente Continua de El Bols\u00f3n.<\/em><\/p>\n<p style=\"text-align: center;\">Disponible en pdf:<\/p>\n<p><a href=\"https:\/\/drive.google.com\/file\/d\/1tntcR-jVY0v3baIk1js9z5twXjRNuQbV\/view?usp=sharing\" target=\"_blank\" rel=\"noopener\"><img decoding=\"async\" loading=\"lazy\" class=\"alignnone wp-image-2969 aligncenter\" src=\"https:\/\/ifdbolson-rng.infd.edu.ar\/sitio\/wp-content\/uploads\/2020\/10\/La-conquista-del-desierto-Aportes...jpg\" alt=\"\" width=\"168\" height=\"219\" \/><\/a><\/p>\n<hr \/><\/div>\n<div>\n<div style=\"text-align: center;\">\u00a0<\/div>\n<\/div>\n<div class=\"padlet-embed\" style=\"border: 1px solid rgba(0,0,0,0.1); border-radius: 2px; box-sizing: border-box; overflow: hidden; position: relative; width: 100%; background: #F4F4F4;\">\n<p style=\"padding: 0; margin: 0;\"><iframe style=\"width: 100%; height: 608px; display: block; padding: 0; margin: 0;\" src=\"https:\/\/padlet.com\/embed\/pkwvucmu6l1sk6i\" frameborder=\"0\"><\/iframe><\/p>\n<div style=\"padding: 8px; text-align: right; margin: 0;\"><a style=\"padding: 0; margin: 0; border: none; display: block; line-height: 1; height: 16px;\" href=\"https:\/\/padlet.com?ref=embed\" target=\"_blank\" rel=\"noopener\"><img decoding=\"async\" loading=\"lazy\" style=\"padding: 0; margin: 0; background: none; border: none; display: inline; box-shadow: none;\" src=\"https:\/\/padlet.net\/embeds\/made_with_padlet.png\" alt=\"Hecho con Padlet\" width=\"86\" height=\"16\" \/><\/a><\/div>\n<\/div>\n<div class=\"padlet-embed\" style=\"border: 1px solid rgba(0,0,0,0.1); border-radius: 2px; box-sizing: border-box; overflow: hidden; position: relative; width: 100%; background: #F4F4F4;\">\n<div style=\"padding: 8px; text-align: right; margin: 0;\">\u00a0<\/div>\n<\/div>\n<hr \/>\n<div class=\"padlet-embed\" style=\"border: 1px solid rgba(0,0,0,0.1); border-radius: 2px; box-sizing: border-box; overflow: hidden; position: relative; width: 100%; background: #F4F4F4;\">\n<p style=\"padding: 0; margin: 0;\"><iframe style=\"width: 100%; height: 608px; display: block; padding: 0; margin: 0;\" src=\"https:\/\/padlet.com\/embed\/thz0q5jc1qgek9gl\" frameborder=\"0\"><\/iframe><\/p>\n<div style=\"padding: 8px; text-align: right; margin: 0;\"><a style=\"padding: 0; margin: 0; border: none; display: block; line-height: 1; height: 16px;\" href=\"https:\/\/padlet.com?ref=embed\" target=\"_blank\" rel=\"noopener\"><img decoding=\"async\" loading=\"lazy\" style=\"padding: 0; margin: 0; background: none; border: none; display: inline; box-shadow: none;\" src=\"https:\/\/padlet.net\/embeds\/made_with_padlet.png\" alt=\"Hecho con Padlet\" width=\"86\" height=\"16\" \/><\/a><\/div>\n<\/div>\n<hr \/>\n<h4 style=\"text-align: left;\"><span style=\"color: #800080;\">Material did\u00e1ctico elaborado por el \u00c1rea de Ciencias Sociales del Profesorado de Educaci\u00f3n Primaria. Junio de 2020<\/span><\/h4>\n<p><a href=\"https:\/\/ifdbolson-rng.infd.edu.ar\/sitio\/wp-content\/uploads\/2020\/06\/Cuadernillo_Trabajar-con-efem\u00e9rides-desde-una-mirada-cr\u00edtica-IFDC-El-Bols\u00f3n.pdf\" target=\"_blank\" rel=\"noopener\"><img decoding=\"async\" loading=\"lazy\" class=\"aligncenter wp-image-2556\" src=\"https:\/\/ifdbolson-rng.infd.edu.ar\/sitio\/wp-content\/uploads\/2020\/06\/sociales-707x1000.png\" alt=\"\" width=\"202\" height=\"285\" \/><\/a><\/p>\n\n\n<p><\/p>\n","protected":false},"excerpt":{"rendered":"<p>Equipo de Publicaciones del IFDC El Bols\u00f3n.Mail: ifdcelbolson.publicaciones@gmail.com Arte y poder en el espacio p\u00fablico Arte, patrimonio, memoria y acci\u00f3n pol\u00edtica Publicaci\u00f3n elaborada por estudiantes y graduado\/as de los Profesorados de Artes Visuales e Historia del IFDC El Bols\u00f3n.Autore\/as: Sebasti\u00e1n Guerrero, Daniela \u00c1guila, Roc\u00edo Fabiano, Marta Miguel, Elunei Calzada, Amar\u00fa Tabuenca, Jos\u00e9 Milani, C\u00e9sar Cort\u00e9s, &#8230; <a title=\"Publicaciones\" class=\"read-more\" href=\"https:\/\/ifdbolson-rng.infd.edu.ar\/sitio\/publicaciones\/\" aria-label=\"More on Publicaciones\">[+]<\/a><\/p>\n","protected":false},"author":2483,"featured_media":0,"parent":0,"menu_order":0,"comment_status":"closed","ping_status":"closed","template":"","meta":[],"acf":[],"_links":{"self":[{"href":"https:\/\/ifdbolson-rng.infd.edu.ar\/sitio\/wp-json\/wp\/v2\/pages\/2746"}],"collection":[{"href":"https:\/\/ifdbolson-rng.infd.edu.ar\/sitio\/wp-json\/wp\/v2\/pages"}],"about":[{"href":"https:\/\/ifdbolson-rng.infd.edu.ar\/sitio\/wp-json\/wp\/v2\/types\/page"}],"author":[{"embeddable":true,"href":"https:\/\/ifdbolson-rng.infd.edu.ar\/sitio\/wp-json\/wp\/v2\/users\/2483"}],"replies":[{"embeddable":true,"href":"https:\/\/ifdbolson-rng.infd.edu.ar\/sitio\/wp-json\/wp\/v2\/comments?post=2746"}],"version-history":[{"count":49,"href":"https:\/\/ifdbolson-rng.infd.edu.ar\/sitio\/wp-json\/wp\/v2\/pages\/2746\/revisions"}],"predecessor-version":[{"id":7444,"href":"https:\/\/ifdbolson-rng.infd.edu.ar\/sitio\/wp-json\/wp\/v2\/pages\/2746\/revisions\/7444"}],"wp:attachment":[{"href":"https:\/\/ifdbolson-rng.infd.edu.ar\/sitio\/wp-json\/wp\/v2\/media?parent=2746"}],"curies":[{"name":"wp","href":"https:\/\/api.w.org\/{rel}","templated":true}]}}