{"id":2827,"date":"2020-09-07T21:15:21","date_gmt":"2020-09-08T00:15:21","guid":{"rendered":"https:\/\/ifdbolson-rng.infd.edu.ar\/sitio\/?page_id=2827"},"modified":"2022-12-22T13:20:53","modified_gmt":"2022-12-22T16:20:53","slug":"revistas","status":"publish","type":"page","link":"https:\/\/ifdbolson-rng.infd.edu.ar\/sitio\/revistas\/","title":{"rendered":"Revistas"},"content":{"rendered":"<h4><span style=\"color: #003366;\">Revista <em>HEA &#8211; Historia de la Educaci\u00f3n Argentina<\/em><\/span><\/h4>\n<p>Colecci\u00f3n de revistas que re\u00fane las producciones de art\u00edculos realizados por estudiantes de los profesorados de Historia y Artes Visuales del IFDC de El Bols\u00f3n.<\/p>\n<p><iframe loading=\"lazy\" src=\"https:\/\/www.youtube.com\/embed\/KQWGzOvqjnM\" width=\"560\" height=\"315\" frameborder=\"0\" allowfullscreen=\"allowfullscreen\"><\/iframe><\/p>\n<p>Para descargar los n\u00fameros en pdf, clike\u00e1 en las tapas:<\/p>\n<table border=\"0\">\n<tbody>\n<tr>\n<td><a href=\"https:\/\/drive.google.com\/file\/d\/1k5e_5EGNY8-URSbI5gJdX19mIUV3JLCF\/view?usp=sharing\" target=\"_blank\" rel=\"noopener\"><img decoding=\"async\" loading=\"lazy\" class=\"wp-image-2997 aligncenter\" src=\"https:\/\/ifdbolson-rng.infd.edu.ar\/sitio\/wp-content\/uploads\/2020\/10\/1-Revista-HEA-Vol-1-1.jpg\" alt=\"\" width=\"201\" height=\"297\" \/><\/a><\/p>\n<p style=\"text-align: center;\"><em>Volumen N\u00b01<\/em><\/p>\n<\/td>\n<td><a href=\"https:\/\/drive.google.com\/file\/d\/1Z91Dg5Xr6GgXhydihQHV8YEl-CkTNljC\/view?usp=sharing\" target=\"_blank\" rel=\"noopener\"><img decoding=\"async\" loading=\"lazy\" class=\"wp-image-2998 aligncenter\" src=\"https:\/\/ifdbolson-rng.infd.edu.ar\/sitio\/wp-content\/uploads\/2020\/10\/2-Revista-HEA-Vol-2-1.jpg\" alt=\"\" width=\"201\" height=\"285\" \/><\/a><\/p>\n<p style=\"text-align: center;\"><em>Volumen N\u00b02<\/em><\/p>\n<\/td>\n<td><a href=\"https:\/\/drive.google.com\/file\/d\/1EsteiYk0QCJCgHBoOobGrLBbSwHFDETq\/view?usp=sharing\" target=\"_blank\" rel=\"noopener\"><img decoding=\"async\" loading=\"lazy\" class=\"wp-image-2999 aligncenter\" src=\"https:\/\/ifdbolson-rng.infd.edu.ar\/sitio\/wp-content\/uploads\/2020\/10\/3-Revista-HEA-Vol-3-1.jpg\" alt=\"\" width=\"202\" height=\"286\" \/><\/a><\/p>\n<p style=\"text-align: center;\"><em>Volumen N\u00b03<\/em><\/p>\n<\/td>\n<\/tr>\n<\/tbody>\n<\/table>\n<hr \/>\n<h4><strong><span style=\"color: #800080;\">Revista digital <\/span><em><span style=\"color: #800080;\">Remolino de Historias<\/span><\/em><\/strong><\/h4>\n<p><iframe loading=\"lazy\" src=\"https:\/\/www.youtube.com\/embed\/svGH3LLG2m4\" width=\"560\" height=\"315\" frameborder=\"0\" allowfullscreen=\"allowfullscreen\"><\/iframe><br \/>\nPara ver la colecci\u00f3n completa:\u00a0<a href=\"http:\/\/historiaelbolson.blogspot.com\/p\/remolinos-de-historias.html\" target=\"_blank\" rel=\"noopener\">Ingresar aqu\u00ed<\/a><\/p>\n<p>Para cada n\u00famero, clickea en las tapas.<\/p>\n<p style=\"text-align: center;\"><div  class=\"lgc-column lgc-grid-parent lgc-grid-33 lgc-tablet-grid-33 lgc-mobile-grid-100 lgc-equal-heights \"><div  class=\"inside-grid-column\">\n<p style=\"text-align: center;\"><a href=\"https:\/\/issuu.com\/remolinodehistorias\/docs\/revista_remolino_de_histotias\" target=\"_blank\" rel=\"noopener\"><img decoding=\"async\" loading=\"lazy\" class=\"wp-image-2995 aligncenter\" style=\"border: 1px solid #a3a3a3;\" src=\"https:\/\/ifdbolson-rng.infd.edu.ar\/sitio\/wp-content\/uploads\/2020\/10\/remolino-3.jpg\" alt=\"\" width=\"180\" height=\"250\" \/><\/a><\/p>\n<p style=\"text-align: center;\"><\/p><\/div><\/div>\n<p style=\"text-align: center;\"><div  class=\"lgc-column lgc-grid-parent lgc-grid-33 lgc-tablet-grid-33 lgc-mobile-grid-100 lgc-equal-heights \"><div  class=\"inside-grid-column\"><a href=\"https:\/\/issuu.com\/remolinodehistorias\/docs\/revista_2_remolinos_de_historia\" target=\"_blank\" rel=\"noopener\"><img decoding=\"async\" loading=\"lazy\" class=\"wp-image-2994 aligncenter\" style=\"border: 1px solid #a3a3a3;\" src=\"https:\/\/ifdbolson-rng.infd.edu.ar\/sitio\/wp-content\/uploads\/2020\/10\/remolino-2.jpg\" alt=\"\" width=\"194\" height=\"250\" \/><\/a>\n<p style=\"text-align: center;\"><\/p><\/div><\/div>\n<p style=\"text-align: center;\"><div  class=\"lgc-column lgc-grid-parent lgc-grid-33 lgc-tablet-grid-33 lgc-mobile-grid-100 lgc-equal-heights \"><div  class=\"inside-grid-column\">\n<p style=\"text-align: center;\"><a href=\"https:\/\/issuu.com\/historiaelbolson\/docs\/dossier3\" target=\"_blank\" rel=\"noopener\"><img decoding=\"async\" loading=\"lazy\" class=\"wp-image-2993 aligncenter\" style=\"border: 1px solid #a3a3a3;\" src=\"https:\/\/ifdbolson-rng.infd.edu.ar\/sitio\/wp-content\/uploads\/2020\/10\/remolino-1.jpg\" alt=\"\" width=\"175\" height=\"250\" \/><\/a><\/p>\n<p style=\"text-align: center;\"><\/p><\/div><\/div>\n<hr \/>\n<p style=\"text-align: center;\"><div  class=\"lgc-column lgc-grid-parent lgc-grid-50 lgc-tablet-grid-50 lgc-mobile-grid-100 lgc-equal-heights \"><div  class=\"inside-grid-column\">\n<p style=\"text-align: center;\"><a href=\"https:\/\/drive.google.com\/file\/d\/1eybrrKeCdbdSpe1HmVJ9nW_ThxFeOTL3\/view?usp=sharing\" target=\"_blank\" rel=\"noopener\"><img decoding=\"async\" loading=\"lazy\" class=\"wp-image-4041  aligncenter\" style=\"border: 1px solid #a3a3a3;\" src=\"https:\/\/ifdbolson-rng.infd.edu.ar\/sitio\/wp-content\/uploads\/2021\/12\/tapa-remolinos4-707x1000.jpg\" alt=\"\" width=\"166\" height=\"235\" srcset=\"https:\/\/ifdbolson-rng.infd.edu.ar\/sitio\/wp-content\/uploads\/2021\/12\/tapa-remolinos4-707x1000.jpg 707w, https:\/\/ifdbolson-rng.infd.edu.ar\/sitio\/wp-content\/uploads\/2021\/12\/tapa-remolinos4-768x1086.jpg 768w, https:\/\/ifdbolson-rng.infd.edu.ar\/sitio\/wp-content\/uploads\/2021\/12\/tapa-remolinos4-1086x1536.jpg 1086w, https:\/\/ifdbolson-rng.infd.edu.ar\/sitio\/wp-content\/uploads\/2021\/12\/tapa-remolinos4.jpg 1240w\" sizes=\"(max-width: 166px) 100vw, 166px\" \/><\/a><\/p>\n<p style=\"text-align: center;\"><\/p><\/div><\/div>\n<p style=\"text-align: center;\"><div  class=\"lgc-column lgc-grid-parent lgc-grid-50 lgc-tablet-grid-50 lgc-mobile-grid-100 lgc-equal-heights \"><div  class=\"inside-grid-column\">\n<p style=\"text-align: center;\"><a href=\"https:\/\/drive.google.com\/file\/d\/1HZZGv-Sw1gPuiABcQoQFofCkPQI0WTWp\/view?usp=share_link\" target=\"_blank\" rel=\"noopener\"><img decoding=\"async\" loading=\"lazy\" class=\"alignnone  wp-image-5562\" src=\"https:\/\/ifdbolson-rng.infd.edu.ar\/sitio\/wp-content\/uploads\/2022\/12\/Remolino-n5-tapa_-707x1000.jpg\" alt=\"\" width=\"169\" height=\"239\" srcset=\"https:\/\/ifdbolson-rng.infd.edu.ar\/sitio\/wp-content\/uploads\/2022\/12\/Remolino-n5-tapa_-707x1000.jpg 707w, https:\/\/ifdbolson-rng.infd.edu.ar\/sitio\/wp-content\/uploads\/2022\/12\/Remolino-n5-tapa_-768x1086.jpg 768w, https:\/\/ifdbolson-rng.infd.edu.ar\/sitio\/wp-content\/uploads\/2022\/12\/Remolino-n5-tapa_-1086x1536.jpg 1086w, https:\/\/ifdbolson-rng.infd.edu.ar\/sitio\/wp-content\/uploads\/2022\/12\/Remolino-n5-tapa_.jpg 1240w\" sizes=\"(max-width: 169px) 100vw, 169px\" \/><\/a><\/p>\n<p style=\"text-align: center;\"><\/p><\/div><\/div>\n<p>Tambi\u00e9n podes acceder a cada art\u00edculo por separado<\/p>\n<p><strong>N\u00famero 0:<\/strong><\/p>\n<ul>\n<li><a href=\"https:\/\/drive.google.com\/file\/d\/1mOa3VZBVme_OdbOKzcsbQfMaycuJyXf8\/view?usp=sharing\" target=\"_blank\" rel=\"noopener\">Las patas de la transici\u00f3n<\/a>, Marcos Ariza<\/li>\n<li><a href=\"https:\/\/drive.google.com\/file\/d\/1_s-LkcSO2LysB3wzrMy22GoMqBXTjOHw\/view?usp=sharing\" target=\"_blank\" rel=\"noopener\">Lo local y lo cotidiano en la formaci\u00f3n docente<\/a>, Cecilia Mecozzi<\/li>\n<li><a href=\"https:\/\/drive.google.com\/file\/d\/1NrFrJN-MvQBTfq9I6C9E3O9JiuYldej5\/view?usp=sharing\" target=\"_blank\" rel=\"noopener\">Del otro lado del r\u00edo<\/a>, Paola Piaggi<\/li>\n<li><a href=\"https:\/\/drive.google.com\/file\/d\/1py05XD59_sUXiFAswzjWRCnzdU0JK5sS\/view?usp=sharing\" target=\"_blank\" rel=\"noopener\">Las Nuevas Tecnolog\u00edas como campo de lucha<\/a>, Pablo Salom\u00f3n<\/li>\n<li><a href=\"https:\/\/drive.google.com\/file\/d\/1Fw3zIhIMty-t0z96xYnytQRGMhxpPT7_\/view?usp=sharing\" target=\"_blank\" rel=\"noopener\">Filosof\u00eda de la liberaci\u00f3n<\/a>, Mar\u00eda Jos\u00e9 Tornero<\/li>\n<\/ul>\n<p><strong>N\u00famero 2<\/strong><\/p>\n<ul>\n<li><a href=\"https:\/\/drive.google.com\/file\/d\/1NQtL6A0mb1d0gEa-wsTXTjK27Kzx-Vmx\/view?usp=sharing\" target=\"_blank\" rel=\"noopener\">Apropiaci\u00f3n de tierras fiscales y recursos naturales bajo el falso lema de \u201cpreservaci\u00f3n del medio ambiente\u201d<\/a>, Andrea Bello y Andrea Nilles<\/li>\n<li><a href=\"https:\/\/drive.google.com\/file\/d\/12YVu_lXwycoPm9U3qYNvOaZDKnc8esP4\/view?usp=sharing\" target=\"_blank\" rel=\"noopener\">Un Horizonte Dorado<\/a>, Romina Bianchetti<\/li>\n<li><a href=\"https:\/\/drive.google.com\/file\/d\/1hEtDNAJK2w2YoT2FPSxmU_ul9oT7UB0n\/view?usp=sharing\" target=\"_blank\" rel=\"noopener\">El Kirchnerismo, la oposici\u00f3n y la reivindicaci\u00f3n de derechos<\/a>,\u00a0Sebasti\u00e1n Marino<\/li>\n<\/ul>\n<p><strong>N\u00famero 3<\/strong><\/p>\n<ul>\n<li><a href=\"https:\/\/drive.google.com\/file\/d\/1GR4aH59HfGAiBl8ZMyy21E3bKn1UNgOE\/view?usp=sharing\" target=\"_blank\" rel=\"noopener\">De antiguo \u201cFaldeo del Piltri\u201d a la actual \u201cVilla Turismo\u201d. \u00bfCu\u00e1ndo un \u00e1rea agr\u00edcola se transforma en<\/a><br \/>\nun destino tur\u00edstico?, Manuel Huarte<\/li>\n<li><a href=\"https:\/\/drive.google.com\/file\/d\/1DUuIfEifSs4a7tANs5aWOzK1tSE9LLHX\/view?usp=sharing\" target=\"_blank\" rel=\"noopener\">El muelle de Lago Puelo, \u00bfno ser\u00e1 demasiado grande? De c\u00f3mo un muelle n\u00e1utico se transform\u00f3 en un paso a Chile<\/a>, Dante Scarpetta y Leandro Suhajda<\/li>\n<\/ul>\n<p><strong>N\u00famero 4<\/strong><\/p>\n<ul>\n<li><a href=\"https:\/\/drive.google.com\/file\/d\/16Kkds4KULSQ6fkklpDJ20xjpGV7yESOT\/view?usp=sharing\" target=\"_blank\" rel=\"noopener\">Historia de la Patagonia. Ense\u00f1ando historia de la Patagonia en las aulas de nivel medio<\/a>. Adaptaci\u00f3n del libro de Susana Bandieri realizada por Mariana Sol Calvente, Luna La\u00f1in y Soledad Segovia Iglesias<\/li>\n<li><a href=\"https:\/\/drive.google.com\/file\/d\/11ncYYSY0IZLfjlPOh9aZeNTykxtTwyWr\/view?usp=sharing\" target=\"_blank\" rel=\"noopener\">Barrios de Viviendas Sociales en El Bols\u00f3n: \u2018m\u00e1gico y natural\u2019, d\u00e9ficit habitacional y configuraci\u00f3n urbana<\/a>, Ignacio Soffiantini<\/li>\n<\/ul>\n<hr \/>\n<h4><span style=\"color: #99cc00;\">Revista <em>Papel Picado<\/em><\/span><\/h4>\n<p><iframe loading=\"lazy\" src=\"https:\/\/www.youtube.com\/embed\/eXv9H2BC6do\" width=\"560\" height=\"315\" frameborder=\"0\" allowfullscreen=\"allowfullscreen\"><\/iframe><\/p>\n<p>Para acceder a los pdf de las revistas, clickea en las tapas.<\/p>\n<table border=\"0\">\n<tbody>\n<tr>\n<td><a href=\"https:\/\/drive.google.com\/file\/d\/1pB1U5u__kgIKenVQZ56pwNuj6PrHDDyg\/view?usp=sharing\" target=\"_blank\" rel=\"noopener\"><img decoding=\"async\" loading=\"lazy\" class=\"wp-image-2836 aligncenter\" style=\"border: 1px solid #a3a3a3;\" src=\"https:\/\/ifdbolson-rng.infd.edu.ar\/sitio\/wp-content\/uploads\/2020\/09\/Papel-picado-1-tapachi.jpg\" alt=\"\" width=\"149\" height=\"181\" \/><\/a><\/p>\n<p style=\"text-align: center;\"><em>Revista n\u00b0 1<\/em><\/p>\n<\/td>\n<td style=\"text-align: center;\"><a href=\"https:\/\/drive.google.com\/file\/d\/1-dRsAIkl2idczpzTRUx-mhIHvUrzfm-7\/view?usp=sharing\" target=\"_blank\" rel=\"noopener\"><img decoding=\"async\" loading=\"lazy\" class=\"wp-image-2840 aligncenter\" style=\"border: 1px solid #a3a3a3;\" src=\"https:\/\/ifdbolson-rng.infd.edu.ar\/sitio\/wp-content\/uploads\/2020\/09\/Papel-picado-2-tapa.jpg\" alt=\"\" width=\"148\" height=\"192\" \/><\/a><\/p>\n<p><em>Revista n\u00b0 2<\/em><\/td>\n<td style=\"text-align: center;\"><a href=\"https:\/\/drive.google.com\/file\/d\/1mdazN399YBHyTmPvwFEEpxgRByzMUm28\/view?usp=sharing\" target=\"_blank\" rel=\"noopener\"><img decoding=\"async\" loading=\"lazy\" class=\"wp-image-2842 aligncenter\" style=\"border: 1px solid #a3a3a3;\" src=\"https:\/\/ifdbolson-rng.infd.edu.ar\/sitio\/wp-content\/uploads\/2020\/09\/Papel-picado-3-tapa.jpg\" alt=\"\" width=\"145\" height=\"184\" \/><\/a><\/p>\n<p><em>Revista n\u00b0 3<\/em><\/td>\n<\/tr>\n<tr>\n<td style=\"text-align: center;\"><a href=\"https:\/\/drive.google.com\/file\/d\/1p6FXV8xDNujASpqiJxv6nmdzc66dexmD\/view?usp=sharing\" target=\"_blank\" rel=\"noopener\"><img decoding=\"async\" loading=\"lazy\" class=\"wp-image-2844 aligncenter\" style=\"border: 1px solid #a3a3a3;\" src=\"https:\/\/ifdbolson-rng.infd.edu.ar\/sitio\/wp-content\/uploads\/2020\/09\/Papel-picado-4-tapa.jpg\" alt=\"\" width=\"136\" height=\"189\" \/><\/a><\/p>\n<p><em>Revista n\u00b04<\/em><\/td>\n<td style=\"text-align: center;\"><a href=\"https:\/\/drive.google.com\/file\/d\/1J7rZiR-S7zo5vUIYwYkEsWdGBEGrJayn\/view?usp=sharing\" target=\"_blank\" rel=\"noopener\"><img decoding=\"async\" loading=\"lazy\" class=\"alignnone wp-image-2846\" style=\"border: 1px solid #a3a3a3;\" src=\"https:\/\/ifdbolson-rng.infd.edu.ar\/sitio\/wp-content\/uploads\/2020\/09\/Papel-picado-5-tapa.jpg\" alt=\"\" width=\"148\" height=\"192\" \/><\/a><\/p>\n<p><em>Revista n\u00b0 5<\/em><\/td>\n<td><a href=\"https:\/\/drive.google.com\/file\/d\/1qDnthT1_gJF614q7DQa98KoiUq4_cIsq\/view?usp=sharing\" target=\"_blank\" rel=\"noopener\"><img decoding=\"async\" loading=\"lazy\" class=\"wp-image-2944 aligncenter\" style=\"border: 1px solid #a3a3a3;\" src=\"https:\/\/ifdbolson-rng.infd.edu.ar\/sitio\/wp-content\/uploads\/2020\/10\/Papel-picado-6-ok_tapa-708x1000.jpg\" alt=\"\" width=\"137\" height=\"190\" \/><\/a><\/p>\n<p style=\"text-align: center;\"><em>Revista n\u00b0 6<\/em><\/p>\n<\/td>\n<\/tr>\n<tr>\n<td><a href=\"https:\/\/drive.google.com\/file\/d\/1qYNT7QZ33pS4WTstwGTL6u83yCdPqVGu\/view?usp=sharing\" target=\"_blank\" rel=\"noopener\"><img decoding=\"async\" loading=\"lazy\" class=\"wp-image-2945 aligncenter\" style=\"border: 1px solid #a3a3a3;\" src=\"https:\/\/ifdbolson-rng.infd.edu.ar\/sitio\/wp-content\/uploads\/2020\/10\/Papel-picado-7-1-685x1000.jpg\" alt=\"\" width=\"130\" height=\"181\" \/><\/a><\/p>\n<p style=\"text-align: center;\"><em>Revista n\u00b0 7<\/em><\/p>\n<\/td>\n<td><a href=\"https:\/\/drive.google.com\/file\/d\/10xEHuNegB8tngt0vvqy4Cdzpn2DjHQLO\/view?usp=sharing\" target=\"_blank\" rel=\"noopener\"><img decoding=\"async\" loading=\"lazy\" class=\"aligncenter wp-image-2946\" style=\"border: 1px solid #a3a3a3;\" src=\"https:\/\/ifdbolson-rng.infd.edu.ar\/sitio\/wp-content\/uploads\/2020\/10\/Papel-picado-8-ok_P\u00e1gina_01-668x1000.jpg\" alt=\"\" width=\"128\" height=\"195\" \/><\/a><\/p>\n<p style=\"text-align: center;\"><em>Revista n\u00b0 8<\/em><\/p>\n<\/td>\n<td><a href=\"https:\/\/drive.google.com\/file\/d\/1srRjSS0WJ5MhgyNHgbqP44AT4KlF36vg\/view?usp=sharing\" target=\"_blank\" rel=\"noopener\"><img decoding=\"async\" loading=\"lazy\" class=\"wp-image-2981 aligncenter\" style=\"border: 1px solid #a3a3a3;\" src=\"https:\/\/ifdbolson-rng.infd.edu.ar\/sitio\/wp-content\/uploads\/2020\/10\/Papel-picado-9-tapa-698x1000.jpg\" alt=\"\" width=\"138\" height=\"207\" \/><\/a><\/p>\n<p style=\"text-align: center;\"><em>Revista n\u00b0 9<\/em><\/p>\n<\/td>\n<\/tr>\n<tr>\n<td style=\"text-align: center;\"><a href=\"https:\/\/drive.google.com\/file\/d\/1Zs18GMiWVO_waVrf8hO3fR9VYxsLL0tn\/view?usp=sharing\" target=\"_blank\" rel=\"noopener\"><img decoding=\"async\" loading=\"lazy\" class=\"alignnone wp-image-2982\" style=\"border: 1px solid #a3a3a3;\" src=\"https:\/\/ifdbolson-rng.infd.edu.ar\/sitio\/wp-content\/uploads\/2020\/10\/Papel-picado-10-tapa-701x1000.jpg\" alt=\"\" width=\"139\" height=\"185\" \/><\/a><\/p>\n<p><em>Revista n\u00b0 10<\/em><\/td>\n<td style=\"text-align: center;\"><a href=\"https:\/\/drive.google.com\/file\/d\/1s6eGuPNuapKuqvUIvzU3nxE9_iRYJAE9\/view?usp=sharing\" target=\"_blank\" rel=\"noopener\"><img decoding=\"async\" loading=\"lazy\" class=\"alignnone wp-image-2983\" style=\"border: 1px solid #a3a3a3;\" src=\"https:\/\/ifdbolson-rng.infd.edu.ar\/sitio\/wp-content\/uploads\/2020\/10\/Papel-picado-11-tapa-671x1000.jpg\" alt=\"\" width=\"132\" height=\"201\" \/><\/a><\/p>\n<p><em>Revista n\u00b0 11<\/em><\/td>\n<td style=\"text-align: center;\"><a href=\"https:\/\/drive.google.com\/file\/d\/1MtZ3647MgxjUiehNsz-hkBVn2mr1fCXX\/view?usp=sharing\" target=\"_blank\" rel=\"noopener\"><img decoding=\"async\" loading=\"lazy\" class=\"alignnone wp-image-2984\" style=\"border: 1px solid #a3a3a3;\" src=\"https:\/\/ifdbolson-rng.infd.edu.ar\/sitio\/wp-content\/uploads\/2020\/10\/Papel-picado-12-tapa-685x1000.jpg\" alt=\"\" width=\"133\" height=\"187\" \/><\/a><\/p>\n<p><em>Revista n\u00b0 12<\/em><\/td>\n<\/tr>\n<tr>\n<td style=\"text-align: center;\"><img decoding=\"async\" loading=\"lazy\" class=\"alignnone wp-image-2986\" style=\"border: 1px solid #a3a3a3;\" src=\"https:\/\/ifdbolson-rng.infd.edu.ar\/sitio\/wp-content\/uploads\/2020\/10\/Papel-picado-13_tapa-670x1000.jpg\" alt=\"\" width=\"132\" height=\"200\" \/><br \/>\n<em>Revista n\u00b0 13<\/em><\/td>\n<td><\/td>\n<td><\/td>\n<\/tr>\n<\/tbody>\n<\/table>\n<hr \/>\n<h4><span style=\"color: #800080;\">Revista <em>con\/Textos del Post\u00edtulo<\/em><\/span><\/h4>\n<p><iframe loading=\"lazy\" src=\"https:\/\/www.youtube.com\/embed\/9TltTtHJZKk\" width=\"560\" height=\"315\" frameborder=\"0\" allowfullscreen=\"allowfullscreen\"><\/iframe><\/p>\n<p>Para acceder a los pdf de las revistas, clickea en las tapas.<\/p>\n<table border=\"0\">\n<tbody>\n<tr>\n<td><span style=\"color: #ff00ff;\">Revista con\/Textos n\u00b01<br \/>\n<\/span><span style=\"color: #000000;\">Conferencia:<br \/>\nConferencia de apertura \/<br \/>\nJorge Rulli<br \/>\n(1\u00b0 de octubre de 2004)<\/span><span style=\"color: #000000; font-family: inherit; font-size: inherit;\">Conferencia:<br \/>\n<\/span><span style=\"color: #000000;\">Perspectiva pedag\u00f3gica para repensar la escuela rural \/<br \/>\nLeticia Bellini<br \/>\n(20 de noviembre de 2004)<\/span><\/td>\n<td><a href=\"https:\/\/drive.google.com\/file\/d\/1IL71jV4QZRYdj_KN36967QDsAW5ZOM8G\/view?usp=sharing\" target=\"_blank\" rel=\"noopener\"><span style=\"color: #333333;\"><span style=\"color: #333333;\"><span style=\"color: #333333;\"><span style=\"color: #333333;\"><img decoding=\"async\" loading=\"lazy\" class=\"size-full wp-image-2895 aligncenter\" src=\"https:\/\/ifdbolson-rng.infd.edu.ar\/sitio\/wp-content\/uploads\/2020\/09\/Contexto1-1.jpg\" alt=\"\" width=\"207\" height=\"283\" \/><\/span><\/span><\/span><\/span><\/a><\/td>\n<\/tr>\n<tr>\n<td><span style=\"color: #0000ff;\">Revista con\/Textos n\u00b02<br \/>\n<\/span><span style=\"color: #000000;\">Conferencia:<br \/>\nLa investigaci\u00f3n social: un viaje hacia el descubrimiento del conocimiento,<br \/>\nentramado con el arte y la ciencia \/<br \/>\nMar\u00eda Teresa Sirvent<br \/>\n(22 de abril de 2005)<\/span><span style=\"color: #000000; font-family: inherit; font-size: inherit;\">Conferencia:<br \/>\n<\/span><span style=\"color: #000000;\">Diversidad y educaci\u00f3n \/<br \/>\nLiliana Sinisi<br \/>\n(20 de mayo de 2005)<\/span><\/td>\n<td><a href=\"https:\/\/drive.google.com\/file\/d\/1bLAATaigyiCHCmxM7eBHJfw1UNG6DCKn\/view?usp=sharing\" target=\"_blank\" rel=\"noopener\"><span style=\"color: #333333;\"><span style=\"color: #333333;\"><span style=\"color: #333333;\"><span style=\"color: #333333;\"><img decoding=\"async\" loading=\"lazy\" class=\"size-full wp-image-2896 aligncenter\" src=\"https:\/\/ifdbolson-rng.infd.edu.ar\/sitio\/wp-content\/uploads\/2020\/09\/Contexto2-1.jpg\" alt=\"\" width=\"207\" height=\"283\" \/><\/span><\/span><\/span><\/span><\/a><\/td>\n<\/tr>\n<tr>\n<td><span style=\"color: #339966;\">Revista con\/Textos n\u00b03<br \/>\n<\/span>Conferencia:<br \/>\nFamilias rurales y educaci\u00f3n: la construcci\u00f3n de un objeto de investigaci\u00f3n \/<br \/>\nElisa Cragnolino<br \/>\n(20 de agosto de 2005)Conferencia:<br \/>\nPosicionamiento \u00e9tico frente a la diversidad en el aula \/<br \/>\nIsabelino Siede<br \/>\n(24 de septiembre de 2005)<\/td>\n<td><a href=\"https:\/\/drive.google.com\/file\/d\/1dvaEy0IkUio5IKfGo-ZEy2KLTpwkLlrP\/view?usp=sharing\" target=\"_blank\" rel=\"noopener\"><span style=\"color: #333333;\"><span style=\"color: #333333;\"><span style=\"color: #333333;\"><span style=\"color: #333333;\"><img decoding=\"async\" loading=\"lazy\" class=\"size-full wp-image-2897 aligncenter\" src=\"https:\/\/ifdbolson-rng.infd.edu.ar\/sitio\/wp-content\/uploads\/2020\/09\/Contexto3-1.jpg\" alt=\"\" width=\"197\" height=\"283\" \/><\/span><\/span><\/span><\/span><\/a><\/td>\n<\/tr>\n<tr>\n<td><span style=\"color: #800080;\">Revista con\/Textos n\u00b04<br \/>\n<\/span>Conferencia:<br \/>\nLa did\u00e1ctica y la construcci\u00f3n metodol\u00f3gica \/<br \/>\nAna Mar\u00eda Alves<br \/>\n(18 de febrero de 2006)Conferencia:<br \/>\nLa ense\u00f1anza de las Ciencias Sociales como comunicaci\u00f3n intercultural \/<br \/>\nLaura M\u00e9ndez<br \/>\n(18 de marzo de 2006)<\/td>\n<td><a href=\"https:\/\/drive.google.com\/file\/d\/1rv2KdFU8tPQoCP4u83XRJhLH9a8ZEK30\/view?usp=sharing\" target=\"_blank\" rel=\"noopener\"><span style=\"color: #333333;\"><span style=\"color: #333333;\"><span style=\"color: #333333;\"><span style=\"color: #333333;\"><img decoding=\"async\" loading=\"lazy\" class=\"size-full wp-image-2898 aligncenter\" src=\"https:\/\/ifdbolson-rng.infd.edu.ar\/sitio\/wp-content\/uploads\/2020\/09\/Contexto4-1.jpg\" alt=\"\" width=\"199\" height=\"283\" \/><\/span><\/span><\/span><\/span><\/a><\/td>\n<\/tr>\n<tr>\n<td><span style=\"color: #ff9900;\">Revista con\/Textos n\u00b05<br \/>\n<\/span>Conferencia:<br \/>\nLa investigaci\u00f3n educativa y el problema de la normalidad pedag\u00f3gica \/<br \/>\nGraciela Alonso<br \/>\n(27 de mayo de 2006)Ponencia:<br \/>\nPiedra Libre \/<br \/>\nRa\u00fal D\u00edaz et.al.<br \/>\n(16 de septiembre de 2006)<br \/>\nPonencia presentada en el XI Simposio Interamericano<br \/>\nde investigaci\u00f3n Etnogr\u00e1fica en Educaci\u00f3n, Bs. As.<br \/>\nMarzo de 2006. y le\u00edda por el profesor Ra\u00fal D\u00edaz<br \/>\nen el marco de la Especializaci\u00f3n Superior en<br \/>\nEducaci\u00f3n rural., el 16\/9\/06<\/td>\n<td><a href=\"https:\/\/drive.google.com\/file\/d\/1E1VjT564H6b2His0WeHYrDxYfPUk7gGT\/view?usp=sharing\" target=\"_blank\" rel=\"noopener\"><span style=\"color: #333333;\"><span style=\"color: #333333;\"><span style=\"color: #333333;\"><span style=\"color: #333333;\"><img decoding=\"async\" loading=\"lazy\" class=\"size-full wp-image-2899 aligncenter\" src=\"https:\/\/ifdbolson-rng.infd.edu.ar\/sitio\/wp-content\/uploads\/2020\/09\/Contexto5-1.jpg\" alt=\"\" width=\"213\" height=\"283\" \/><\/span><\/span><\/span><\/span><\/a><\/td>\n<\/tr>\n<tr>\n<td><span style=\"color: #993300;\">Revista con\/Textos n\u00b06<br \/>\n<\/span>Conferencia:<br \/>\nEl alumno de matem\u00e1tica como productor de conocimiento. Desaf\u00edos,<br \/>\ntensiones, dificultades \/<br \/>\nPatricia Sadovsky<br \/>\n(24 de febrero de 2007)Conferencia:<br \/>\nFormaci\u00f3n docente y ruralidad en Entre R\u00edos \/<br \/>\nMar\u00eda del Rosario Badano<br \/>\n(21 de septiembre de 2007)<\/td>\n<td><a href=\"https:\/\/drive.google.com\/file\/d\/1E1VjT564H6b2His0WeHYrDxYfPUk7gGT\/view?usp=sharing\" target=\"_blank\" rel=\"noopener\"><span style=\"color: #333333;\"><span style=\"color: #333333;\"><span style=\"color: #333333;\"><span style=\"color: #333333;\"><img decoding=\"async\" loading=\"lazy\" class=\"size-full wp-image-2900 aligncenter\" src=\"https:\/\/ifdbolson-rng.infd.edu.ar\/sitio\/wp-content\/uploads\/2020\/09\/Contexto6-1.jpg\" alt=\"\" width=\"213\" height=\"283\" \/><\/span><\/span><\/span><\/span><\/a><\/td>\n<\/tr>\n<\/tbody>\n<\/table>\n","protected":false},"excerpt":{"rendered":"<p>Revista HEA &#8211; Historia de la Educaci\u00f3n Argentina Colecci\u00f3n de revistas que re\u00fane las producciones de art\u00edculos realizados por estudiantes de los profesorados de Historia y Artes Visuales del IFDC de El Bols\u00f3n. Para descargar los n\u00fameros en pdf, clike\u00e1 en las tapas: Volumen N\u00b01 Volumen N\u00b02 Volumen N\u00b03 Revista digital Remolino de Historias Para &#8230; <a title=\"Revistas\" class=\"read-more\" href=\"https:\/\/ifdbolson-rng.infd.edu.ar\/sitio\/revistas\/\" aria-label=\"More on Revistas\">[+]<\/a><\/p>\n","protected":false},"author":2483,"featured_media":0,"parent":0,"menu_order":0,"comment_status":"closed","ping_status":"closed","template":"","meta":[],"acf":[],"_links":{"self":[{"href":"https:\/\/ifdbolson-rng.infd.edu.ar\/sitio\/wp-json\/wp\/v2\/pages\/2827"}],"collection":[{"href":"https:\/\/ifdbolson-rng.infd.edu.ar\/sitio\/wp-json\/wp\/v2\/pages"}],"about":[{"href":"https:\/\/ifdbolson-rng.infd.edu.ar\/sitio\/wp-json\/wp\/v2\/types\/page"}],"author":[{"embeddable":true,"href":"https:\/\/ifdbolson-rng.infd.edu.ar\/sitio\/wp-json\/wp\/v2\/users\/2483"}],"replies":[{"embeddable":true,"href":"https:\/\/ifdbolson-rng.infd.edu.ar\/sitio\/wp-json\/wp\/v2\/comments?post=2827"}],"version-history":[{"count":49,"href":"https:\/\/ifdbolson-rng.infd.edu.ar\/sitio\/wp-json\/wp\/v2\/pages\/2827\/revisions"}],"predecessor-version":[{"id":5564,"href":"https:\/\/ifdbolson-rng.infd.edu.ar\/sitio\/wp-json\/wp\/v2\/pages\/2827\/revisions\/5564"}],"wp:attachment":[{"href":"https:\/\/ifdbolson-rng.infd.edu.ar\/sitio\/wp-json\/wp\/v2\/media?parent=2827"}],"curies":[{"name":"wp","href":"https:\/\/api.w.org\/{rel}","templated":true}]}}