{"id":286,"date":"2016-10-31T13:17:59","date_gmt":"2016-10-31T16:17:59","guid":{"rendered":"https:\/\/ifdbolson-rng.infd.edu.ar\/sitio\/?page_id=286"},"modified":"2026-03-19T16:06:39","modified_gmt":"2026-03-19T19:06:39","slug":"inicio","status":"publish","type":"page","link":"https:\/\/ifdbolson-rng.infd.edu.ar\/sitio\/","title":{"rendered":"Inicio"},"content":{"rendered":"<div  class=\"lgc-column lgc-grid-parent lgc-grid-50 lgc-tablet-grid-50 lgc-mobile-grid-100 lgc-equal-heights \"><div  class=\"inside-grid-column\">\n<p><img decoding=\"async\" loading=\"lazy\" class=\"alignnone  wp-image-3920\" src=\"https:\/\/ifdbolson-rng.infd.edu.ar\/sitio\/wp-content\/uploads\/2021\/11\/fachada.jpg\" alt=\"\" width=\"463\" height=\"425\" \/><\/p>\n<p><em>Direcci\u00f3n<\/em>: Alberti y Liniers, El Bols\u00f3n, R\u00edo Negro\u00a0 \/ \/ \/<\/p>\n<p>Para consultas pod\u00e9s comunicarte al tel\u00e9fono: 4491305\u00a0 o mail: <a href=\"mailto:ifdceb@gmail.com\">ifdceb@gmail.com\u00a0<\/a><\/p>\n<p><\/p><\/div><\/div>\n<div  class=\"lgc-column lgc-grid-parent lgc-grid-50 lgc-tablet-grid-50 lgc-mobile-grid-100 lgc-equal-heights \"><div  class=\"inside-grid-column\">\n<h3><span style=\"color: #808080;\"><strong>Informaci\u00f3n General<\/strong><\/span><\/h3>\n<p><em>Directora<\/em>: Carla Anah\u00ed Rozas<\/p>\n<p><em>Horario de atenci\u00f3n de Secretar\u00eda:<\/em><br \/>Lunes a viernes 9:00 a 21:00 hs.<\/p>\n<p><em>Horarios de Biblioteca:<br \/><\/em>&#8211; <em>Ma\u00f1ana<\/em>: Lunes a viernes de 8.30 a 14 hs.<br \/>&#8211; <em>Tarde<\/em>: Lunes, martes, mi\u00e9rcoles y viernes de 15 a 20.30 hs.<\/p>\n<p style=\"text-align: left;\">Para consultas espec\u00edficas de cada Profesorado deber\u00e1n comunicarse con el\/la coordinador\/a de carrera:<br \/>Profesorado de Educaci\u00f3n Inicial:\u00a0<a href=\"mailto:n.inicialbolson@gmail.com\">n.inicialbolson@gmail.com<\/a><br \/>Profesorado de Artes Visuales: <a href=\"mailto:prof.artesvisuales.ifdceb@gmail.com\">prof.artesvisuales.ifdceb@gmail.com<\/a><br \/>Profesorado de Historia: <a href=\"mailto:historiaifdc@gmail.com\">historiaifdc@gmail.com<\/a><br \/>Profesorado de Educaci\u00f3n Primaria:\u00a0<br \/><a href=\"mailto:secretariaprimariaifdcelbolson@gmail.com\">secretariaprimariaifdcelbolson@gmail.com<\/a><\/p>\n<p><\/p><\/div><\/div><div class=\"lgc-clear\"><\/div>\n<hr \/>\n<div  class=\"lgc-column lgc-grid-parent lgc-grid-33 lgc-tablet-grid-50 lgc-mobile-grid-100 lgc-equal-heights \"><div  class=\"inside-grid-column\"><a href=\"https:\/\/www.youtube.com\/channel\/UC6B_dIGlqK4WT0CW59zLYjQ\/featured\" target=\"_blank\" rel=\"noopener\"><img decoding=\"async\" loading=\"lazy\" class=\"wp-image-2863 alignright\" src=\"https:\/\/ifdbolson-rng.infd.edu.ar\/sitio\/wp-content\/uploads\/2020\/09\/Icono-canal-YouTube.piltri.png\" alt=\"\" width=\"147\" height=\"86\" \/><\/a>\n<p><\/p><\/div><\/div>\n<div  class=\"lgc-column lgc-grid-parent lgc-grid-33 lgc-tablet-grid-50 lgc-mobile-grid-100 lgc-equal-heights \"><div  class=\"inside-grid-column\"><a href=\"https:\/\/stream-153.zeno.fm\/0pxl7wu40xjtv?zt=eyJhbGciOiJIUzI1NiJ9.eyJzdHJlYW0iOiIwcHhsN3d1NDB4anR2IiwiaG9zdCI6InN0cmVhbS0xNTMuemVuby5mbSIsInJ0dGwiOjUsImp0aSI6IkRBNEFkTkNOUkQtTWI2aFdLUVpySEEiLCJpYXQiOjE3MTgyOTM0MDcsImV4cCI6MTcxODI5MzQ2N30.7f4N4cSej2clPFyYOEaEMgZ76uF4bHe7jUQyguZEqS4\" target=\"_blank\" rel=\"noopener\"><img decoding=\"async\" loading=\"lazy\" class=\"aligncenter\" src=\"https:\/\/myradiostream.com\/station\/uploads\/logo\/92b89acc6a926f06ee85b4b6f04e69173a427409.jpg\" alt=\"\" width=\"134\" height=\"144\" border=\"0\" \/><\/a>\n<p style=\"text-align: center;\"><a href=\"https:\/\/stream-170.zeno.fm\/0pxl7wu40xjtv?zs=9QaH1FgVTPq_XQ6kVKx22A\" target=\"_blank\" rel=\"noopener\"><strong><span style=\"color: #008080;\">Esc\u00fachanos online<br \/>Fm 88.3 La Radio del Instituto<\/span><\/strong><\/a><\/p>\n<p style=\"text-align: center;\"><\/p><\/div><\/div>\n<div  class=\"lgc-column lgc-grid-parent lgc-grid-33 lgc-tablet-grid-50 lgc-mobile-grid-100 lgc-equal-heights \"><div  class=\"inside-grid-column\">\n<p><a href=\"https:\/\/ifdbolson-rng.infd.edu.ar\/sitio\/boletin-institucional\/\" target=\"_blank\" rel=\"noopener\"><img decoding=\"async\" loading=\"lazy\" class=\"size-full wp-image-5999 alignleft\" src=\"https:\/\/ifdbolson-rng.infd.edu.ar\/sitio\/wp-content\/uploads\/2023\/04\/boletin-boton.png\" alt=\"\" width=\"175\" height=\"64\" \/><\/a><\/p>\n<p>&nbsp;<\/p>\n<p>&nbsp;<\/p>\n<p><a href=\"https:\/\/ifdbolson-rng.infd.edu.ar\/sitio\/wp-content\/uploads\/2020\/10\/protocolo-violencia-sexista.pdf\" target=\"_blank\" rel=\"noopener\"><img decoding=\"async\" loading=\"lazy\" class=\"alignnone  wp-image-6628\" src=\"https:\/\/ifdbolson-rng.infd.edu.ar\/sitio\/wp-content\/uploads\/2023\/12\/protocolo.png\" alt=\"\" width=\"228\" height=\"92\" \/><\/a><\/p><\/div><\/div>\n<p>&nbsp;<\/p>\n<hr \/>\n<div  class=\"lgc-column lgc-grid-parent lgc-grid-33 lgc-tablet-grid-50 lgc-mobile-grid-100 lgc-equal-heights \"><div  class=\"inside-grid-column\">\n<p><a href=\"https:\/\/ifdbolson-rng.infd.edu.ar\/sitio\/preguntas-frecuentes\/\" target=\"_blank\" rel=\"noopener\"><img decoding=\"async\" loading=\"lazy\" class=\"alignnone wp-image-5291 size-full aligncenter\" src=\"https:\/\/ifdbolson-rng.infd.edu.ar\/sitio\/wp-content\/uploads\/2022\/10\/info-estudiantes.png\" alt=\"\" width=\"219\" height=\"166\" \/><\/a><\/p>\n<p><\/p><\/div><\/div>\n<div  class=\"lgc-column lgc-grid-parent lgc-grid-33 lgc-tablet-grid-50 lgc-mobile-grid-100 lgc-equal-heights \"><div  class=\"inside-grid-column\">\n<p><a href=\"https:\/\/ifdbolson-rng.infd.edu.ar\/sitio\/planillas-y-formularios-para-profesores-as\/\" target=\"_blank\" rel=\"noopener\"><img decoding=\"async\" loading=\"lazy\" class=\"size-full wp-image-4084 aligncenter\" src=\"https:\/\/ifdbolson-rng.infd.edu.ar\/sitio\/wp-content\/uploads\/2022\/02\/docum.png\" alt=\"\" width=\"219\" height=\"166\" \/><\/a><\/p>\n<p><\/p><\/div><\/div>\n<div  class=\"lgc-column lgc-grid-parent lgc-grid-33 lgc-tablet-grid-50 lgc-mobile-grid-100 lgc-equal-heights \"><div  class=\"inside-grid-column\">\n<p><a href=\"https:\/\/ifdbolson-rng.infd.edu.ar\/sitio\/concursos-docentes\/\" target=\"_blank\" rel=\"noopener\"><img decoding=\"async\" loading=\"lazy\" class=\"size-full wp-image-4085 aligncenter\" src=\"https:\/\/ifdbolson-rng.infd.edu.ar\/sitio\/wp-content\/uploads\/2022\/02\/concursos.png\" alt=\"\" width=\"219\" height=\"166\" \/><\/a><\/p>\n<p><\/p><\/div><\/div>\n<div  class=\"lgc-column lgc-grid-parent lgc-grid-33 lgc-tablet-grid-50 lgc-mobile-grid-100 lgc-equal-heights \"><div  class=\"inside-grid-column\">\n<p><a href=\"https:\/\/ifdbolson-rng.infd.edu.ar\/sitio\/formacion-permanente\/\" target=\"_blank\" rel=\"noopener\"><img decoding=\"async\" loading=\"lazy\" class=\"size-full wp-image-4701 aligncenter\" src=\"https:\/\/ifdbolson-rng.infd.edu.ar\/sitio\/wp-content\/uploads\/2022\/06\/FP.png\" alt=\"\" width=\"219\" height=\"166\" \/><\/a><\/p>\n<p><\/p><\/div><\/div>\n<div  class=\"lgc-column lgc-grid-parent lgc-grid-33 lgc-tablet-grid-50 lgc-mobile-grid-100 lgc-equal-heights \"><div  class=\"inside-grid-column\">\n<p><a href=\"https:\/\/ifdbolson-rng.infd.edu.ar\/sitio\/investigacion-y-extension\/\" target=\"_blank\" rel=\"noopener\"><img decoding=\"async\" loading=\"lazy\" class=\"size-full wp-image-4702 aligncenter\" src=\"https:\/\/ifdbolson-rng.infd.edu.ar\/sitio\/wp-content\/uploads\/2022\/06\/IyE.png\" alt=\"\" width=\"219\" height=\"166\" \/><\/a><\/p>\n<p><\/p><\/div><\/div>\n<div  class=\"lgc-column lgc-grid-parent lgc-grid-33 lgc-tablet-grid-50 lgc-mobile-grid-100 lgc-equal-heights \"><div  class=\"inside-grid-column\">\n<p><a href=\"https:\/\/ifdbolson-rng.infd.edu.ar\/sitio\/cooperadora\/\"><img decoding=\"async\" loading=\"lazy\" class=\"size-full wp-image-4758 aligncenter\" src=\"https:\/\/ifdbolson-rng.infd.edu.ar\/sitio\/wp-content\/uploads\/2022\/06\/cooperadora.png\" alt=\"\" width=\"219\" height=\"166\" \/><\/a><\/p>\n<p><\/p><\/div><\/div>\n<hr \/>\n<h2 style=\"text-align: center;\"><a href=\"https:\/\/ifdbolson-rng.infd.edu.ar\/sitio\/wp-content\/uploads\/2026\/03\/2026_Calendario-Academico-Institucional-IFDC-El-Bolson.docx-1.pdf\" target=\"_blank\" rel=\"noopener\">Calendario Acad\u00e9mico Institucional _2026<\/a><\/h2>\n<h2 style=\"text-align: center;\"><strong>Padrones 2026<\/strong><\/h2>\n<p style=\"text-align: center;\">Por favor, revisar que sus datos sean correctos.<\/p>\n<p style=\"text-align: center;\">Estudiantes: <a href=\"https:\/\/ifdbolson-rng.infd.edu.ar\/sitio\/wp-content\/uploads\/2026\/03\/padron-estudiantes-2026_16-3.pdf\" target=\"_blank\" rel=\"noopener\">Clic aqu\u00ed , <\/a>Graduadxs: <a href=\"https:\/\/docs.google.com\/document\/d\/1yXzP0LErgy1G_aeo-zCqn9Xz5JSuq_Og\/edit?usp=sharing&amp;ouid=107664091528489434409&amp;rtpof=true&amp;sd=true\">Click aqu\u00ed, <\/a>Docentes: <a href=\"https:\/\/ifdbolson-rng.infd.edu.ar\/sitio\/wp-content\/uploads\/2026\/03\/Padron-docentes-2026.docx\" target=\"_blank\" rel=\"noopener\">Click aqu\u00ed<\/a><\/p>\n<p style=\"text-align: center;\">\u00a0<\/p>\n<p>&nbsp;<\/p>\n<p style=\"text-align: center;\">\u00a0<\/p>\n","protected":false},"excerpt":{"rendered":"<p>&nbsp; Calendario Acad\u00e9mico Institucional _2026 Padrones 2026 Por favor, revisar que sus datos sean correctos. Estudiantes: Clic aqu\u00ed , Graduadxs: Click aqu\u00ed, Docentes: Click aqu\u00ed \u00a0 &nbsp; \u00a0<\/p>\n","protected":false},"author":4,"featured_media":0,"parent":0,"menu_order":0,"comment_status":"closed","ping_status":"closed","template":"","meta":[],"acf":[],"_links":{"self":[{"href":"https:\/\/ifdbolson-rng.infd.edu.ar\/sitio\/wp-json\/wp\/v2\/pages\/286"}],"collection":[{"href":"https:\/\/ifdbolson-rng.infd.edu.ar\/sitio\/wp-json\/wp\/v2\/pages"}],"about":[{"href":"https:\/\/ifdbolson-rng.infd.edu.ar\/sitio\/wp-json\/wp\/v2\/types\/page"}],"author":[{"embeddable":true,"href":"https:\/\/ifdbolson-rng.infd.edu.ar\/sitio\/wp-json\/wp\/v2\/users\/4"}],"replies":[{"embeddable":true,"href":"https:\/\/ifdbolson-rng.infd.edu.ar\/sitio\/wp-json\/wp\/v2\/comments?post=286"}],"version-history":[{"count":1997,"href":"https:\/\/ifdbolson-rng.infd.edu.ar\/sitio\/wp-json\/wp\/v2\/pages\/286\/revisions"}],"predecessor-version":[{"id":8305,"href":"https:\/\/ifdbolson-rng.infd.edu.ar\/sitio\/wp-json\/wp\/v2\/pages\/286\/revisions\/8305"}],"wp:attachment":[{"href":"https:\/\/ifdbolson-rng.infd.edu.ar\/sitio\/wp-json\/wp\/v2\/media?parent=286"}],"curies":[{"name":"wp","href":"https:\/\/api.w.org\/{rel}","templated":true}]}}