{"id":3278,"date":"2021-04-27T15:43:31","date_gmt":"2021-04-27T18:43:31","guid":{"rendered":"https:\/\/ifdbolson-rng.infd.edu.ar\/sitio\/?page_id=3278"},"modified":"2021-12-07T19:32:35","modified_gmt":"2021-12-07T22:32:35","slug":"relatos-de-experiencias","status":"publish","type":"page","link":"https:\/\/ifdbolson-rng.infd.edu.ar\/sitio\/publicaciones\/relatos-de-experiencias\/","title":{"rendered":"Relatos de experiencias"},"content":{"rendered":"<h4 style=\"text-align: center;\"><span style=\"color: #008080;\">Narrativa de experiencia pedag\u00f3gica: <\/span><br \/>\n<span style=\"color: #008080;\">\u00abEl porqu\u00e9 de la ESI en las infancias\u00bb <\/span><\/h4>\n<p style=\"text-align: center;\"><em>Propuesta de articulaci\u00f3n entre Pr\u00e1cticas Docentes I y Taller de alfabetizaci\u00f3n acad\u00e9mica, 1er a\u00f1o, Profesorado de Educaci\u00f3n Primaria.<\/em><\/p>\n<p style=\"text-align: center;\"><strong>Estudiante: Wanda Alegr\u00eda<\/strong><br \/>\nDocentes: Prof. Luciana Mosca (Pr\u00e1cticas Docentes 1) &#8211; Lic. Silvana Calo (Alfabetizaci\u00f3n Acad\u00e9mica)<\/p>\n<p style=\"text-align: center;\"><em>\u00abNarrar lo que aconteci\u00f3, detenerse en los pliegues de las escenas evocadas, hurgar en sus sentidos, interrogarse sobre el c\u00f3mo y el para qu\u00e9 de este recorrido que comienza\u2026mientras se escribe\u00bb.<\/em><\/p>\n<p><a href=\"https:\/\/drive.google.com\/file\/d\/1rNfFn-Fj8fD0TFGAdbCVgi3Bm2Xpikm1\/view?usp=sharing\" target=\"_blank\" rel=\"noopener\"><img decoding=\"async\" loading=\"lazy\" class=\"wp-image-4034 aligncenter\" style=\"border: 1px solid #e1e1e1;\" src=\"https:\/\/ifdbolson-rng.infd.edu.ar\/sitio\/wp-content\/uploads\/2021\/12\/caratula-alegria-1-617x1000.jpg\" alt=\"\" width=\"262\" height=\"428\" \/><\/a><\/p>\n<hr \/>\n<h4 style=\"text-align: center;\"><span style=\"color: #008080;\">Narrativa de experiencia art\u00edstica<br \/>\nObservar para crear. Lola Mora<\/span><\/h4>\n<p style=\"text-align: center;\"><em>Propuesta de articulaci\u00f3n entre Escultura I y Taller de alfabetizaci\u00f3n acad\u00e9mica, 1er a\u00f1o, profesorado de Artes Visuales.<\/em><\/p>\n<p style=\"text-align: center;\"><strong>Estudiante: Karina John<\/strong><br \/>\nDocentes: Prof. Jerem\u00edas Salgado (Escultura) Lic. Silvana Calo (Alfabetizaci\u00f3n Acad\u00e9mica)<\/p>\n<p style=\"text-align: center;\"><em>Desarrollar pr\u00e1cticas en las disciplinas espec\u00edficas (grabado, dibujo, pintura, escultura, lenguaje visual) implica no s\u00f3lo un \u201chacer\u201d<br \/>\nde producciones art\u00edsticas sino tambi\u00e9n un \u201cdecir\u201d particular sobre esas pr\u00e1cticas. De esta manera, la propuesta de articulaci\u00f3n<br \/>\nentre ambos espacios curriculares se orienta hacia la inclusi\u00f3n de les estudiantes en una comunidad discursiva especializada<br \/>\ndesde sus inicios en la formaci\u00f3n.<\/em><\/p>\n<h2><a href=\"https:\/\/drive.google.com\/file\/d\/1WfEmowXIFSMOYEc6YEGWXFsJJ24RcAns\/view?usp=sharing\" target=\"_blank\" rel=\"noopener\"><img decoding=\"async\" loading=\"lazy\" class=\"aligncenter wp-image-4037\" style=\"border: 1px solid #e1e1e1;\" src=\"https:\/\/ifdbolson-rng.infd.edu.ar\/sitio\/wp-content\/uploads\/2021\/12\/caratula-john-1-590x1000.jpg\" alt=\"\" width=\"242\" height=\"431\" \/><\/a><\/h2>\n<hr \/>\n<h2 style=\"text-align: center;\"><span style=\"color: #008080;\">\u201cLa \u00e9tica del arte en la educaci\u00f3n actual\u201d<\/span><\/h2>\n<h4 style=\"text-align: center;\"><span style=\"color: #008080;\">Ponencia Virtual presentada en el IV Congreso de Trabajo docente<br \/>\nen el IFDC Fray Luis Beltr\u00e1n<\/span><\/h4>\n<p style=\"text-align: center;\"><strong>Juliana Guerezta<\/strong><\/p>\n<h2 style=\"text-align: center;\"><a href=\"https:\/\/drive.google.com\/file\/d\/1p2YL3XOGe53vE_qp4l-01pQRH-EL2kQv\/view?usp=sharing\" target=\"_blank\" rel=\"noopener\"><img decoding=\"async\" loading=\"lazy\" class=\"alignnone  wp-image-3773\" style=\"border: 1px solid #e1e1e1;\" src=\"https:\/\/ifdbolson-rng.infd.edu.ar\/sitio\/wp-content\/uploads\/2021\/10\/caratula-gueretza-707x1000.jpg\" alt=\"\" width=\"250\" height=\"365\" \/><\/a><\/h2>\n<hr \/>\n<h2 style=\"text-align: center;\"><span style=\"color: #008080;\">Relato de una pr\u00e1ctica en el Jard\u00edn Maternal<br \/>\n<\/span><span style=\"color: #008080;\">\u201cDescubriendo un mundo de objetos\u201d<br \/>\n<\/span><\/h2>\n<p style=\"text-align: center;\">Profesorado de Educaci\u00f3n Inicial<br \/>\n<strong>Daniela Soria<\/strong><\/p>\n<p><a href=\"https:\/\/drive.google.com\/file\/d\/1q_903qIy8Mb80WqOooMqbXE3dOhRKbIh\/view?usp=sharing\" target=\"_blank\" rel=\"noopener\"><img decoding=\"async\" loading=\"lazy\" class=\"wp-image-3110 aligncenter\" style=\"border: 1px solid #e1e1e1;\" src=\"https:\/\/ifdbolson-rng.infd.edu.ar\/sitio\/wp-content\/uploads\/2020\/12\/car\u00e1tula-soria-707x1000.jpg\" alt=\"\" width=\"227\" height=\"319\" \/><\/a><\/p>\n<hr \/>\n","protected":false},"excerpt":{"rendered":"<p>Narrativa de experiencia pedag\u00f3gica: \u00abEl porqu\u00e9 de la ESI en las infancias\u00bb Propuesta de articulaci\u00f3n entre Pr\u00e1cticas Docentes I y Taller de alfabetizaci\u00f3n acad\u00e9mica, 1er a\u00f1o, Profesorado de Educaci\u00f3n Primaria. Estudiante: Wanda Alegr\u00eda Docentes: Prof. Luciana Mosca (Pr\u00e1cticas Docentes 1) &#8211; Lic. Silvana Calo (Alfabetizaci\u00f3n Acad\u00e9mica) \u00abNarrar lo que aconteci\u00f3, detenerse en los pliegues de &#8230; <a title=\"Relatos de experiencias\" class=\"read-more\" href=\"https:\/\/ifdbolson-rng.infd.edu.ar\/sitio\/publicaciones\/relatos-de-experiencias\/\" aria-label=\"More on Relatos de experiencias\">[+]<\/a><\/p>\n","protected":false},"author":2483,"featured_media":0,"parent":2746,"menu_order":0,"comment_status":"closed","ping_status":"closed","template":"","meta":[],"acf":[],"_links":{"self":[{"href":"https:\/\/ifdbolson-rng.infd.edu.ar\/sitio\/wp-json\/wp\/v2\/pages\/3278"}],"collection":[{"href":"https:\/\/ifdbolson-rng.infd.edu.ar\/sitio\/wp-json\/wp\/v2\/pages"}],"about":[{"href":"https:\/\/ifdbolson-rng.infd.edu.ar\/sitio\/wp-json\/wp\/v2\/types\/page"}],"author":[{"embeddable":true,"href":"https:\/\/ifdbolson-rng.infd.edu.ar\/sitio\/wp-json\/wp\/v2\/users\/2483"}],"replies":[{"embeddable":true,"href":"https:\/\/ifdbolson-rng.infd.edu.ar\/sitio\/wp-json\/wp\/v2\/comments?post=3278"}],"version-history":[{"count":7,"href":"https:\/\/ifdbolson-rng.infd.edu.ar\/sitio\/wp-json\/wp\/v2\/pages\/3278\/revisions"}],"predecessor-version":[{"id":4039,"href":"https:\/\/ifdbolson-rng.infd.edu.ar\/sitio\/wp-json\/wp\/v2\/pages\/3278\/revisions\/4039"}],"up":[{"embeddable":true,"href":"https:\/\/ifdbolson-rng.infd.edu.ar\/sitio\/wp-json\/wp\/v2\/pages\/2746"}],"wp:attachment":[{"href":"https:\/\/ifdbolson-rng.infd.edu.ar\/sitio\/wp-json\/wp\/v2\/media?parent=3278"}],"curies":[{"name":"wp","href":"https:\/\/api.w.org\/{rel}","templated":true}]}}