{"id":3280,"date":"2021-04-27T15:43:56","date_gmt":"2021-04-27T18:43:56","guid":{"rendered":"https:\/\/ifdbolson-rng.infd.edu.ar\/sitio\/?page_id=3280"},"modified":"2024-12-09T16:45:20","modified_gmt":"2024-12-09T19:45:20","slug":"propuestas-de-ensenanza","status":"publish","type":"page","link":"https:\/\/ifdbolson-rng.infd.edu.ar\/sitio\/publicaciones\/propuestas-de-ensenanza\/","title":{"rendered":"Propuestas de ense\u00f1anza"},"content":{"rendered":"\n<h4 class=\"wp-block-heading has-text-align-center\"><mark style=\"background-color:rgba(0, 0, 0, 0);color:#f4355c\" class=\"has-inline-color\">Secuencias did\u00e1cticas &#8211; Serie estudiantes &#8211; IFDC El Bols\u00f3n<br>Navegar las palabras<\/mark><\/h4>\n\n\n\n<p class=\"has-text-align-center\"><strong>Colecci\u00f3n \u00abAndamios para la Alfabetizaci\u00f3n Inicial\u00bb<br><\/strong>Autora: <em>Sof\u00eda Mar\u00edn<\/em><br>Cuadernillo elaborado por el Equipo de Alfabetizaci\u00f3n del IFDC El Bols\u00f3n:<br><em>Laura Wallovits, Cecilia Bordoli, Mar\u00eda Eugenia Rubio y Silvana Calo<\/em>. Dise\u00f1o y diagramaci\u00f3n: <em>Liliana Heymann, Georgina Colombo<\/em>.<\/p>\n\n\n<div class=\"wp-block-image\">\n<figure class=\"aligncenter size-full is-resized\"><img decoding=\"async\" loading=\"lazy\" src=\"https:\/\/ifdbolson-rng.infd.edu.ar\/sitio\/wp-content\/uploads\/2024\/12\/tapa-viajes.jpg\" alt=\"\" class=\"wp-image-7509\" width=\"291\" height=\"410\"\/><figcaption class=\"wp-element-caption\"><a href=\"https:\/\/drive.google.com\/file\/d\/1lgtCn8a2zl7dYIWZQe4UsWMs-NSAeUSY\/view?usp=drive_link\" target=\"_blank\" rel=\"noreferrer noopener\">Disponible en pdf<\/a><\/figcaption><\/figure><\/div>\n\n\n<hr class=\"wp-block-separator has-alpha-channel-opacity\"\/>\n\n\n\n<h4 class=\"wp-block-heading has-text-align-center\"><mark style=\"background-color:rgba(0, 0, 0, 0);color:#7b85a6\" class=\"has-inline-color\">Secuencias did\u00e1cticas &#8211; Serie docentes &#8211; IFDC El Bols\u00f3n<br>Alfabetizaci\u00f3n inicial y Ciencias Sociales. <\/mark><br><mark style=\"background-color:rgba(0, 0, 0, 0);color:#7b85a6\" class=\"has-inline-color\">Un abordaje a trav\u00e9s de lugares con historia local<\/mark><\/h4>\n\n\n\n<p class=\"has-text-align-center\"><strong>Colecci\u00f3n \u00abAndamios para la Alfabetizaci\u00f3n Inicial\u00bb<br><\/strong>Autores: <em>Ricardo Ramos, Mar\u00eda Eugenia Rubio, Soledad Segovia Iglesias, Laura Wallovits, Mar\u00eda Cecilia Bordoli<\/em><br>Dise\u00f1o y diagramaci\u00f3n: <em>Liliana Heymann, Georgina Colombo<\/em>.<\/p>\n\n\n<div class=\"wp-block-image\">\n<figure class=\"aligncenter size-full is-resized\"><img decoding=\"async\" loading=\"lazy\" src=\"https:\/\/ifdbolson-rng.infd.edu.ar\/sitio\/wp-content\/uploads\/2024\/12\/tapa-sociales.jpg\" alt=\"\" class=\"wp-image-7503\" width=\"302\" height=\"426\"\/><figcaption class=\"wp-element-caption\"><a href=\"https:\/\/drive.google.com\/file\/d\/1xLbGNg03ifnpwP0OJgpYh7fF-x8ePWzD\/view?usp=sharing\" target=\"_blank\" rel=\"noreferrer noopener\">Disponible en pdf<\/a><\/figcaption><\/figure><\/div>\n\n\n<hr class=\"wp-block-separator has-alpha-channel-opacity\"\/>\n\n\n\n<p><\/p>\n\n\n\n<h4 class=\"wp-block-heading has-text-align-center\"><mark style=\"background-color:rgba(0, 0, 0, 0);color:#f4355c\" class=\"has-inline-color\">Secuencias did\u00e1cticas &#8211; Serie estudiantes &#8211; IFDC El Bols\u00f3n<br>Monstrucci\u00f3n<\/mark><\/h4>\n\n\n\n<p class=\"has-text-align-center\"><strong>Colecci\u00f3n \u00abAndamios para la Alfabetizaci\u00f3n Inicial\u00bb<br><\/strong>Autora: <em>Micaela Acosta<\/em><br>Cuadernillo elaborado por el Equipo de Alfabetizaci\u00f3n del IFDC El Bols\u00f3n:<br><em>Laura Wallovits, Cecilia Bordoli, Mar\u00eda Eugenia Rubio y Silvana Calo<\/em>. Dise\u00f1o y diagramaci\u00f3n: <em>Liliana Heymann, Georgina Colombo<\/em>.<\/p>\n\n\n<div class=\"wp-block-image\">\n<figure class=\"aligncenter size-full is-resized\"><img decoding=\"async\" loading=\"lazy\" src=\"https:\/\/ifdbolson-rng.infd.edu.ar\/sitio\/wp-content\/uploads\/2024\/07\/tapa-acosta.jpg\" alt=\"\" class=\"wp-image-7189\" width=\"302\" height=\"426\" srcset=\"https:\/\/ifdbolson-rng.infd.edu.ar\/sitio\/wp-content\/uploads\/2024\/07\/tapa-acosta.jpg 1240w, https:\/\/ifdbolson-rng.infd.edu.ar\/sitio\/wp-content\/uploads\/2024\/07\/tapa-acosta-707x1000.jpg 707w, https:\/\/ifdbolson-rng.infd.edu.ar\/sitio\/wp-content\/uploads\/2024\/07\/tapa-acosta-768x1086.jpg 768w, https:\/\/ifdbolson-rng.infd.edu.ar\/sitio\/wp-content\/uploads\/2024\/07\/tapa-acosta-1086x1536.jpg 1086w\" sizes=\"(max-width: 302px) 100vw, 302px\" \/><figcaption class=\"wp-element-caption\"><a href=\"https:\/\/drive.google.com\/file\/d\/1-RQ8QT4ooLLSqpUL6MKzp7OLaPezpHWq\/view?usp=sharing\" target=\"_blank\" rel=\"noreferrer noopener\">Disponible en pdf<\/a><\/figcaption><\/figure><\/div>\n\n\n<hr class=\"wp-block-separator has-alpha-channel-opacity\"\/>\n\n\n\n<h4 class=\"wp-block-heading has-text-align-center\" style=\"text-transform:capitalize\"><mark style=\"background-color:rgba(0, 0, 0, 0);color:#f4355c\" class=\"has-inline-color\">Secuencias did\u00e1cticas &#8211; Serie estudiantes &#8211; IFDC El Bols\u00f3n<br>Lobo \u00bfEst\u00e1s?<\/mark><\/h4>\n\n\n\n<p class=\"has-text-align-center\"><strong>Colecci\u00f3n \u00abAndamios para la Alfabetizaci\u00f3n Inicial\u00bb<br><\/strong>Autora: <em>Karol Y\u00e1\u00f1ez<\/em><br>Cuadernillo elaborado por el Equipo de Alfabetizaci\u00f3n del IFDC El Bols\u00f3n:<br><em>Laura Wallovits, Cecilia Bordoli, Mar\u00eda Eugenia Rubio y Silvana Calo<\/em>. Dise\u00f1o y diagramaci\u00f3n: <em>Liliana Heymann, Georgina Colombo<\/em>.<\/p>\n\n\n<div class=\"wp-block-image\">\n<figure class=\"aligncenter size-full is-resized\"><img decoding=\"async\" loading=\"lazy\" src=\"https:\/\/ifdbolson-rng.infd.edu.ar\/sitio\/wp-content\/uploads\/2024\/06\/tapa-karol.jpg\" alt=\"\" class=\"wp-image-7040\" width=\"297\" height=\"420\"\/><figcaption class=\"wp-element-caption\"><a href=\"https:\/\/drive.google.com\/file\/d\/1afTgX56ijsoswL3OpVjsd6G-w2HZ04qi\/view?usp=drive_link\" target=\"_blank\" rel=\"noreferrer noopener\">Disponible en pdf<\/a><\/figcaption><\/figure><\/div>\n\n\n<hr class=\"wp-block-separator has-alpha-channel-opacity\"\/>\n\n\n\n<h2 class=\"wp-block-heading has-text-align-center\"><mark style=\"background-color:rgba(0, 0, 0, 0)\" class=\"has-inline-color has-vivid-cyan-blue-color\">RePensar Malvinas.<br>Desde la educaci\u00f3n para la paz<\/mark><\/h2>\n\n\n\n<p class=\"has-text-align-center\">Cuadernillo did\u00e1ctico confeccionado por el \u00c1rea de Ciencias Sociales del Profesorado de Educaci\u00f3n Primaria del Instituto de Formaci\u00f3n Docente Continua de El Bols\u00f3n y las C\u00e1tedras Sociedad y Espacio, Historia Regional de la Patagonia y Did\u00e1ctica General, del Profesorado de Historia.<br><em>Prof. Adri\u00e1n Monteleone (Orientaci\u00f3n Geograf\u00eda); Prof. Ricardo Ramos (Orientaci\u00f3n Historia); Prof. Soledad Segovia Iglesias (Orientaci\u00f3n Sociolog\u00eda)&nbsp;y Eugenia B\u00f3ccoli (C\u00e1tedra Did\u00e1ctica General &#8211; Profesorado de Historia)<\/em><\/p>\n\n\n<div class=\"wp-block-image\">\n<figure class=\"aligncenter size-large is-resized\"><img decoding=\"async\" loading=\"lazy\" src=\"https:\/\/ifdbolson-rng.infd.edu.ar\/sitio\/wp-content\/uploads\/2022\/09\/tapa-malvinas.jpg\" alt=\"\" class=\"wp-image-5240\" width=\"318\" height=\"450\"\/><figcaption class=\"wp-element-caption\"><a rel=\"noreferrer noopener\" href=\"https:\/\/drive.google.com\/file\/d\/1ERCt-qJXUvjTUsuXKWKhnBzT-ZpTV6Af\/view?usp=sharing\" target=\"_blank\">Disponible en pd<\/a><a href=\"https:\/\/drive.google.com\/file\/d\/1ERCt-qJXUvjTUsuXKWKhnBzT-ZpTV6Af\/view?usp=sharing\" target=\"_blank\" rel=\"noreferrer noopener\">f<\/a><\/figcaption><\/figure><\/div>\n\n\n<hr class=\"wp-block-separator has-css-opacity\"\/>\n\n\n\n<h2 class=\"wp-block-heading has-text-align-center\"><mark style=\"background-color:rgba(0, 0, 0, 0)\" class=\"has-inline-color has-vivid-purple-color\">La ESI en la Educaci\u00f3n Inicial<\/mark><\/h2>\n\n\n\n<h5 class=\"wp-block-heading has-text-align-center\"><mark style=\"background-color:rgba(0, 0, 0, 0)\" class=\"has-inline-color has-vivid-purple-color\">Planificaciones dise\u00f1adas por estudiantes para la ense\u00f1anza de la ESI en jardines de infantes<\/mark><\/h5>\n\n\n\n<p class=\"has-text-align-center\">Propuestas elaboradas por estudiantes del espacio ESI y su ense\u00f1anza del Profesorado de <br>Educaci\u00f3n Inicial del IFDC El Bols\u00f3n durante el a\u00f1o 2021<br><em>\u00c1ngela Sol\u00eds, Dana Gonz\u00e1lez, Evelyn Medrano<br>Docentes: Irene Aragona y Natalia Bobbio. Dise\u00f1o y edici\u00f3n: Georgina Colombo<\/em><\/p>\n\n\n\n<p class=\"has-text-align-center\"><em>Disponible en pdf: <\/em><\/p>\n\n\n<div class=\"wp-block-image\">\n<figure class=\"aligncenter size-large is-resized\"><a href=\"https:\/\/drive.google.com\/file\/d\/12sAO3sMy3l3jOgkN1iExLndbt3M3YES3\/view?usp=sharing\" target=\"_blank\" rel=\"noopener\"><img decoding=\"async\" loading=\"lazy\" src=\"https:\/\/ifdbolson-rng.infd.edu.ar\/sitio\/wp-content\/uploads\/2022\/03\/ESI-en-la-Educacion-Inicial-tapa.jpg\" alt=\"\" class=\"wp-image-4345\" width=\"395\" height=\"558\"\/><\/a><\/figure><\/div>\n\n\n<p><\/p>\n\n\n\n<iframe loading=\"lazy\" width=\"100%\" height=\"166\" scrolling=\"no\" frameborder=\"no\" allow=\"autoplay\" src=\"https:\/\/w.soundcloud.com\/player\/?url=https%3A\/\/api.soundcloud.com\/tracks\/1257036865&amp;color=%23ff5500&amp;auto_play=false&amp;hide_related=false&amp;show_comments=true&amp;show_user=true&amp;show_reposts=false&amp;show_teaser=true\"><\/iframe><div style=\"font-size: 10px; color: #cccccc;line-break: anywhere;word-break: normal;overflow: hidden;white-space: nowrap;text-overflow: ellipsis; font-family: Interstate,Lucida Grande,Lucida Sans Unicode,Lucida Sans,Garuda,Verdana,Tahoma,sans-serif;font-weight: 100;\"><a href=\"https:\/\/soundcloud.com\/anibal-fernandez-650528072\" title=\"Anibal Fernandez\" target=\"_blank\" style=\"color: #cccccc; text-decoration: none;\" rel=\"noopener\">Anibal Fernandez<\/a> \u00b7 <a href=\"https:\/\/soundcloud.com\/anibal-fernandez-650528072\/presentacion-publicacion-esi-bobbio-aragona-y-estudiantes-con-musica\" title=\"Presentaci\u00f3n Publicaci\u00f3n ESI - Palabras de estudiantes\" target=\"_blank\" style=\"color: #cccccc; text-decoration: none;\" rel=\"noopener\">Presentaci\u00f3n Publicaci\u00f3n ESI &#8211; Palabras de estudiantes<\/a><\/div>\n\n\n\n<iframe loading=\"lazy\" width=\"100%\" height=\"166\" scrolling=\"no\" frameborder=\"no\" allow=\"autoplay\" src=\"https:\/\/w.soundcloud.com\/player\/?url=https%3A\/\/api.soundcloud.com\/tracks\/1257036499&amp;color=%23ff5500&amp;auto_play=false&amp;hide_related=false&amp;show_comments=true&amp;show_user=true&amp;show_reposts=false&amp;show_teaser=true\"><\/iframe><div style=\"font-size: 10px; color: #cccccc;line-break: anywhere;word-break: normal;overflow: hidden;white-space: nowrap;text-overflow: ellipsis; font-family: Interstate,Lucida Grande,Lucida Sans Unicode,Lucida Sans,Garuda,Verdana,Tahoma,sans-serif;font-weight: 100;\"><a href=\"https:\/\/soundcloud.com\/anibal-fernandez-650528072\" title=\"Anibal Fernandez\" target=\"_blank\" style=\"color: #cccccc; text-decoration: none;\" rel=\"noopener\">Anibal Fernandez<\/a> \u00b7 <a href=\"https:\/\/soundcloud.com\/anibal-fernandez-650528072\/presentacion-publicacion-esi-bobbio-aragona-con-musica\" title=\"Presentaci\u00f3n Publicaci\u00f3n ESI de las docentes\" target=\"_blank\" style=\"color: #cccccc; text-decoration: none;\" rel=\"noopener\">Presentaci\u00f3n Publicaci\u00f3n ESI de las docentes<\/a><\/div>\n\n\n\n<hr class=\"wp-block-separator has-css-opacity\"\/>\n\n\n\n<h2 class=\"wp-block-heading has-text-align-center\"><mark style=\"background-color:rgba(0, 0, 0, 0)\" class=\"has-inline-color has-vivid-cyan-blue-color\">Cuadernos de trabajo Econom\u00eda e Historia<\/mark><\/h2>\n\n\n\n<p class=\"has-text-align-center\">Profesorado de Historia &#8211; IFDC El Bols\u00f3n. <br>Coordinaci\u00f3n: Prof. Rodrigo Avenda\u00f1o y Prof. Pablo Salom\u00f3n<br><em>Disponibles en pdf:<\/em><\/p>\n\n\n\n<div class=\"wp-block-columns is-layout-flex wp-container-4\">\n<div class=\"wp-block-column is-layout-flow\">\n<figure class=\"wp-block-image size-large\"><a href=\"https:\/\/drive.google.com\/file\/d\/1pFleH-f3IVBN_QG_DKKEivA09sOQ5zdF\/view?usp=sharing\" target=\"_blank\" rel=\"noopener\"><img decoding=\"async\" loading=\"lazy\" width=\"334\" height=\"472\" src=\"https:\/\/ifdbolson-rng.infd.edu.ar\/sitio\/wp-content\/uploads\/2021\/11\/EconomiaHistoria-Nro-1-1.jpg\" alt=\"\" class=\"wp-image-4001\"\/><\/a><\/figure>\n<\/div>\n\n\n\n<div class=\"wp-block-column is-layout-flow\">\n<figure class=\"wp-block-image size-large\"><a href=\"https:\/\/drive.google.com\/file\/d\/1p6rmrT0tgkEB2oTCfMVQRX1mUe4uQM8U\/view?usp=sharing\" target=\"_blank\" rel=\"noopener\"><img decoding=\"async\" loading=\"lazy\" width=\"334\" height=\"472\" src=\"https:\/\/ifdbolson-rng.infd.edu.ar\/sitio\/wp-content\/uploads\/2021\/11\/EconomiaHistoria-Nro-2-1.jpg\" alt=\"\" class=\"wp-image-4002\"\/><\/a><\/figure>\n<\/div>\n\n\n\n<div class=\"wp-block-column is-layout-flow\">\n<figure class=\"wp-block-image size-large\"><a href=\"https:\/\/drive.google.com\/file\/d\/1rXd8Kb5PGY5KBCuJQgmeEJQNAJ6RGeWt\/view?usp=sharing\" target=\"_blank\" rel=\"noopener\"><img decoding=\"async\" loading=\"lazy\" width=\"334\" height=\"472\" src=\"https:\/\/ifdbolson-rng.infd.edu.ar\/sitio\/wp-content\/uploads\/2021\/11\/Anexo-Orientaciones-para-el-Trabajo-Docente-en-la-ESRN-2-1.jpg\" alt=\"\" class=\"wp-image-4003\"\/><\/a><\/figure>\n<\/div>\n<\/div>\n\n\n<h2 style=\"text-align: center;\"><span style=\"color: #003300;\">D\u00eda de la diversidad cultural<\/span><\/h2>\n<h4 style=\"text-align: center;\"><span style=\"color: #003300;\">Algunas propuestas did\u00e1cticas desde la ense\u00f1anza <br>de las Ciencias Sociales en el Nivel Primario<\/span><\/h4>\n<p style=\"text-align: center;\">Material did\u00e1ctico confeccionado por el \u00c1rea de Ciencias Sociales del Profesorado de Educaci\u00f3n Primaria del Instituto de Formaci\u00f3n Docente Continua de El Bols\u00f3n. Prof. Adri\u00e1n Monteleone (Orientaci\u00f3n Geograf\u00eda); Prof. Ricardo Ramos (Orientaci\u00f3n Historia); Prof. Soledad Segovia Iglesias (Orientaci\u00f3n Sociolog\u00eda)&nbsp;<\/p>\n<p style=\"text-align: center;\"><em>Disponible en pdf:<\/em><\/p>\n<h2><a href=\"https:\/\/drive.google.com\/file\/d\/161hb3qwMI-MUJpa6qreAOCN2Uy7uOadr\/view?usp=sharing\" target=\"_blank\" rel=\"noopener\"><img decoding=\"async\" loading=\"lazy\" class=\"wp-image-3777 aligncenter\" src=\"https:\/\/ifdbolson-rng.infd.edu.ar\/sitio\/wp-content\/uploads\/2021\/10\/Dia-de-la-diversidad-cultural-caratula_Pagina_01-707x1000.jpg\" alt=\"\" width=\"227\" height=\"333\"><\/a><\/h2>\n<hr>\n<h2 style=\"text-align: center;\"><span style=\"color: #008000;\">PROPUESTA DE ENSE\u00d1ANZA: \u00bfC\u00f3mo pensamos la familia en \u00e9pocas de pandemia?<\/span><\/h2>\n<p style=\"text-align: center;\">Material did\u00e1ctico elaborado por el \u00c1rea de Ciencias Sociales del Profesorado de Educaci\u00f3n Primaria<br>del Instituto de Formaci\u00f3n Docente Continua El Bols\u00f3n<\/p>\n<p style=\"text-align: center;\">Disponible en pdf:<\/p>\n<p><a href=\"https:\/\/drive.google.com\/file\/d\/1mkLINt_vFVKegLHkOzXH6K0lB8aQjdCI\/view?usp=sharing\" target=\"_blank\" rel=\"noopener\"><img decoding=\"async\" loading=\"lazy\" class=\"aligncenter wp-image-3023\" src=\"https:\/\/ifdbolson-rng.infd.edu.ar\/sitio\/wp-content\/uploads\/2020\/11\/Como-pensamos-la-familia-en-tiempos-de-pandemia-Propuesta-IFDC-El-Bolson_P\u00e1gina_01-711x1000.jpg\" alt=\"\" width=\"180\" height=\"296\"><\/a><\/p>\n<div>\n<hr><\/div>\n<h2 style=\"text-align: center;\"><span style=\"color: #99cc00;\">Una propuesta de ense\u00f1anza de contenidos geom\u00e9tricos para la educaci\u00f3n inicial que promueve la alfabetizaci\u00f3n cultural y&nbsp; el desarrollo integral de ni\u00f1as y ni\u00f1os<\/span><\/h2>\n<p style=\"text-align: center;\"><span style=\"color: #ff9900;\"><span style=\"color: #000000;\">DESARROLLO CURRICULAR ED. INICIAL 2020<\/span><br><\/span><\/p>\n<h2><a href=\"https:\/\/drive.google.com\/file\/d\/1SlGEjt3Roc_uIMexCgMbzv19-Xe6P1Hc\/view?usp=sharing\" target=\"_blank\" rel=\"noopener\"><img decoding=\"async\" loading=\"lazy\" class=\"wp-image-3072 aligncenter\" src=\"https:\/\/ifdbolson-rng.infd.edu.ar\/sitio\/wp-content\/uploads\/2020\/11\/DESARROLLO-CURRICULAR-ED.-INICIAL-vf_P\u00e1gina_01-707x1000.jpg\" alt=\"\" width=\"223\" height=\"301\"><\/a><\/h2>\n<hr>\n<h2 style=\"text-align: center;\"><span style=\"color: #008000;\">Trabajar con efem\u00e9rides<\/span><br><span style=\"color: #008000;\">desde una mirada cr\u00edtica<\/span><\/h2>\n<p style=\"text-align: center;\">Material did\u00e1ctico elaborado por el \u00c1rea de Ciencias Sociales del Profesorado de Educaci\u00f3n Primaria<br>del Instituto de Formaci\u00f3n Docente Continua El Bols\u00f3n<\/p>\n<p style=\"text-align: center;\">Disponible en pdf:<\/p>\n<p><a href=\"https:\/\/drive.google.com\/file\/d\/1f9dVqnsW01AhJktNnPquf1vGml_0yXB0\/view?usp=sharing\" target=\"_blank\" rel=\"noopener\"><img decoding=\"async\" loading=\"lazy\" class=\"wp-image-3025 aligncenter\" src=\"https:\/\/ifdbolson-rng.infd.edu.ar\/sitio\/wp-content\/uploads\/2020\/11\/Trabajar-con-efemerides-desde-una-mirada-critica-Propuesta-IFDC-El-Bolson_P\u00e1gina_01-707x1000.jpg\" alt=\"\" width=\"163\" height=\"229\" srcset=\"https:\/\/ifdbolson-rng.infd.edu.ar\/sitio\/wp-content\/uploads\/2020\/11\/Trabajar-con-efemerides-desde-una-mirada-critica-Propuesta-IFDC-El-Bolson_P\u00e1gina_01-768x1086.jpg 768w, https:\/\/ifdbolson-rng.infd.edu.ar\/sitio\/wp-content\/uploads\/2020\/11\/Trabajar-con-efemerides-desde-una-mirada-critica-Propuesta-IFDC-El-Bolson_P\u00e1gina_01.jpg 1289w\" sizes=\"(max-width: 163px) 100vw, 163px\" \/><\/a><\/p>\n\n\n<p><\/p>\n\n\n\n<hr class=\"wp-block-separator has-alpha-channel-opacity\"\/>\n\n\n\n<hr class=\"wp-block-separator has-alpha-channel-opacity\"\/>\n\n\n\n<p><\/p>\n","protected":false},"excerpt":{"rendered":"<p>Secuencias did\u00e1cticas &#8211; Serie estudiantes &#8211; IFDC El Bols\u00f3nNavegar las palabras Colecci\u00f3n \u00abAndamios para la Alfabetizaci\u00f3n Inicial\u00bbAutora: Sof\u00eda Mar\u00ednCuadernillo elaborado por el Equipo de Alfabetizaci\u00f3n del IFDC El Bols\u00f3n:Laura Wallovits, Cecilia Bordoli, Mar\u00eda Eugenia Rubio y Silvana Calo. Dise\u00f1o y diagramaci\u00f3n: Liliana Heymann, Georgina Colombo. Secuencias did\u00e1cticas &#8211; Serie docentes &#8211; IFDC El Bols\u00f3nAlfabetizaci\u00f3n inicial &#8230; <a title=\"Propuestas de ense\u00f1anza\" class=\"read-more\" href=\"https:\/\/ifdbolson-rng.infd.edu.ar\/sitio\/publicaciones\/propuestas-de-ensenanza\/\" aria-label=\"More on Propuestas de ense\u00f1anza\">[+]<\/a><\/p>\n","protected":false},"author":2483,"featured_media":0,"parent":2746,"menu_order":0,"comment_status":"closed","ping_status":"closed","template":"","meta":[],"acf":[],"_links":{"self":[{"href":"https:\/\/ifdbolson-rng.infd.edu.ar\/sitio\/wp-json\/wp\/v2\/pages\/3280"}],"collection":[{"href":"https:\/\/ifdbolson-rng.infd.edu.ar\/sitio\/wp-json\/wp\/v2\/pages"}],"about":[{"href":"https:\/\/ifdbolson-rng.infd.edu.ar\/sitio\/wp-json\/wp\/v2\/types\/page"}],"author":[{"embeddable":true,"href":"https:\/\/ifdbolson-rng.infd.edu.ar\/sitio\/wp-json\/wp\/v2\/users\/2483"}],"replies":[{"embeddable":true,"href":"https:\/\/ifdbolson-rng.infd.edu.ar\/sitio\/wp-json\/wp\/v2\/comments?post=3280"}],"version-history":[{"count":34,"href":"https:\/\/ifdbolson-rng.infd.edu.ar\/sitio\/wp-json\/wp\/v2\/pages\/3280\/revisions"}],"predecessor-version":[{"id":7510,"href":"https:\/\/ifdbolson-rng.infd.edu.ar\/sitio\/wp-json\/wp\/v2\/pages\/3280\/revisions\/7510"}],"up":[{"embeddable":true,"href":"https:\/\/ifdbolson-rng.infd.edu.ar\/sitio\/wp-json\/wp\/v2\/pages\/2746"}],"wp:attachment":[{"href":"https:\/\/ifdbolson-rng.infd.edu.ar\/sitio\/wp-json\/wp\/v2\/media?parent=3280"}],"curies":[{"name":"wp","href":"https:\/\/api.w.org\/{rel}","templated":true}]}}