{"id":3282,"date":"2021-04-27T15:44:14","date_gmt":"2021-04-27T18:44:14","guid":{"rendered":"https:\/\/ifdbolson-rng.infd.edu.ar\/sitio\/?page_id=3282"},"modified":"2021-08-18T18:45:54","modified_gmt":"2021-08-18T21:45:54","slug":"ensayos","status":"publish","type":"page","link":"https:\/\/ifdbolson-rng.infd.edu.ar\/sitio\/publicaciones\/ensayos\/","title":{"rendered":"Ensayos"},"content":{"rendered":"\n<h2 class=\"has-text-align-center wp-block-heading\"><span class=\"has-inline-color has-luminous-vivid-amber-color\">Propuesta de escritura de un ensayo<br>\u201cMujer y docente: un doble desaf\u00edo y un mundo de etiquetas\u201d<\/span><\/h2>\n\n\n\n<p class=\"has-text-align-center\">Trabajo final de articulaci\u00f3n entre Pr\u00e1cticas Docentes 1 y Alfabetizaci\u00f3n Acad\u00e9mica de 1er a\u00f1o del Prof. de Educaci\u00f3n Primaria &#8211; Docentes: Prof. Luciana Mosca y Lic. Silvana Calo<\/p>\n\n\n\n<p class=\"has-text-align-center\"><strong>Estudiante: Micaela Acosta<\/strong><\/p>\n\n\n<p><!-- \/wp:paragraph --><\/p>\n<p><a href=\"https:\/\/drive.google.com\/file\/d\/1NwdYDoQ5JqKSSgJeefplVgxQ07tijKF3\/view?usp=sharing\" target=\"_blank\" rel=\"noopener\"><img decoding=\"async\" loading=\"lazy\" class=\"wp-image-3108 aligncenter\" src=\"https:\/\/ifdbolson-rng.infd.edu.ar\/sitio\/wp-content\/uploads\/2020\/12\/car\u00e1tula-acosta.jpg\" alt=\"\" width=\"250\" height=\"369\" \/><\/a><\/p>\n<hr \/>\n<h2 style=\"text-align: center;\"><span style=\"color: #993366;\">Ensayo fotogr\u00e1fico \u00abPropiedad Compartida.<\/span><br \/><span style=\"color: #993366;\">Proyectos comunitarios rurales en tiempos de capitalismo\u00bb<\/span><\/h2>\n<div style=\"text-align: center;\">Elaborado por la estudiante Agostina Maglio, del Profesorado de Artes Visuales, en el espacio de Historia Social General.<\/div>\n<div>\u00a0<\/div>\n<div><a href=\"https:\/\/ifdbolson-rng.infd.edu.ar\/sitio\/wp-content\/uploads\/2020\/08\/propiedad-compartida-maglio.pdf\" target=\"_blank\" rel=\"noopener\"><img decoding=\"async\" loading=\"lazy\" class=\"aligncenter wp-image-2794\" src=\"https:\/\/ifdbolson-rng.infd.edu.ar\/sitio\/wp-content\/uploads\/2020\/08\/propiedad-compartida-maglio-1.jpg\" alt=\"\" width=\"188\" height=\"242\" \/><\/a><\/div>","protected":false},"excerpt":{"rendered":"<p>Propuesta de escritura de un ensayo\u201cMujer y docente: un doble desaf\u00edo y un mundo de etiquetas\u201d Trabajo final de articulaci\u00f3n entre Pr\u00e1cticas Docentes 1 y Alfabetizaci\u00f3n Acad\u00e9mica de 1er a\u00f1o del Prof. de Educaci\u00f3n Primaria &#8211; Docentes: Prof. Luciana Mosca y Lic. Silvana Calo Estudiante: Micaela Acosta Ensayo fotogr\u00e1fico \u00abPropiedad Compartida.Proyectos comunitarios rurales en tiempos &#8230; <a title=\"Ensayos\" class=\"read-more\" href=\"https:\/\/ifdbolson-rng.infd.edu.ar\/sitio\/publicaciones\/ensayos\/\" aria-label=\"More on Ensayos\">[+]<\/a><\/p>\n","protected":false},"author":2483,"featured_media":0,"parent":2746,"menu_order":0,"comment_status":"closed","ping_status":"closed","template":"","meta":[],"acf":[],"_links":{"self":[{"href":"https:\/\/ifdbolson-rng.infd.edu.ar\/sitio\/wp-json\/wp\/v2\/pages\/3282"}],"collection":[{"href":"https:\/\/ifdbolson-rng.infd.edu.ar\/sitio\/wp-json\/wp\/v2\/pages"}],"about":[{"href":"https:\/\/ifdbolson-rng.infd.edu.ar\/sitio\/wp-json\/wp\/v2\/types\/page"}],"author":[{"embeddable":true,"href":"https:\/\/ifdbolson-rng.infd.edu.ar\/sitio\/wp-json\/wp\/v2\/users\/2483"}],"replies":[{"embeddable":true,"href":"https:\/\/ifdbolson-rng.infd.edu.ar\/sitio\/wp-json\/wp\/v2\/comments?post=3282"}],"version-history":[{"count":8,"href":"https:\/\/ifdbolson-rng.infd.edu.ar\/sitio\/wp-json\/wp\/v2\/pages\/3282\/revisions"}],"predecessor-version":[{"id":3606,"href":"https:\/\/ifdbolson-rng.infd.edu.ar\/sitio\/wp-json\/wp\/v2\/pages\/3282\/revisions\/3606"}],"up":[{"embeddable":true,"href":"https:\/\/ifdbolson-rng.infd.edu.ar\/sitio\/wp-json\/wp\/v2\/pages\/2746"}],"wp:attachment":[{"href":"https:\/\/ifdbolson-rng.infd.edu.ar\/sitio\/wp-json\/wp\/v2\/media?parent=3282"}],"curies":[{"name":"wp","href":"https:\/\/api.w.org\/{rel}","templated":true}]}}