{"id":3329,"date":"2021-05-11T13:24:34","date_gmt":"2021-05-11T16:24:34","guid":{"rendered":"https:\/\/ifdbolson-rng.infd.edu.ar\/sitio\/?page_id=3329"},"modified":"2023-08-11T12:16:39","modified_gmt":"2023-08-11T15:16:39","slug":"grupo-osiris","status":"publish","type":"page","link":"https:\/\/ifdbolson-rng.infd.edu.ar\/sitio\/publicaciones\/grupo-osiris\/","title":{"rendered":"Grupo Osiris"},"content":{"rendered":"<h2>Publicaciones y producciones del Grupo Osiris<\/h2>\n<p><iframe loading=\"lazy\" title=\"Las estaciones del a\u00f1o - Explicaci\u00f3n del Grupo Osiris a partir de lo que se observa en el cielo\" width=\"1200\" height=\"900\" src=\"https:\/\/www.youtube.com\/embed\/-CeRIlb3B-s?feature=oembed\" frameborder=\"0\" allow=\"accelerometer; autoplay; clipboard-write; encrypted-media; gyroscope; picture-in-picture; web-share\" allowfullscreen><\/iframe><\/p>\n<p><iframe loading=\"lazy\" title=\"Qu\u00e9 causa las estaciones del a\u00f1o?\" width=\"1200\" height=\"675\" src=\"https:\/\/www.youtube.com\/embed\/dhGNgHvDZXU?feature=oembed\" frameborder=\"0\" allow=\"accelerometer; autoplay; clipboard-write; encrypted-media; gyroscope; picture-in-picture; web-share\" allowfullscreen><\/iframe><\/p>\n<h2><\/h2>\n<h2><\/h2>\n<h2 style=\"text-align: center;\"><span style=\"color: #993300;\">Miradas al cielo: el viaje de un a\u00f1o al eclipse solar 2020<\/span><\/h2>\n<p style=\"text-align: center;\"><em>Video realizado por el Grupo Astron\u00f3mico Osiris en pandemia\u00a0<\/em><\/p>\n<p><iframe loading=\"lazy\" title=\"Miradas al cielo: el viaje de un a\u00f1o al eclipse solar 2020\" width=\"1200\" height=\"675\" src=\"https:\/\/www.youtube.com\/embed\/ZM-6N1_ksWk?feature=oembed\" frameborder=\"0\" allow=\"accelerometer; autoplay; clipboard-write; encrypted-media; gyroscope; picture-in-picture; web-share\" allowfullscreen><\/iframe><\/p>\n<p><strong>Revista de Ense\u00f1anza de la F\u00edsica<\/strong><\/p>\n<p><a href=\"https:\/\/drive.google.com\/file\/d\/1R0fmKLS2-3kD_HsbT_lLgJgT59oBSV4s\/view?usp=sharing\" target=\"_blank\" rel=\"noopener\">An\u00e1lisis de im\u00e1genes presentes en textos de ense\u00f1anza primaria: d\u00eda y noche y movimiento diario del Sol. <\/a><br \/>\n<em>por Diego Galperin, Andr\u00e9s Raviolo, Liliana Prieto y Luciano Se\u00f1orans<\/em><\/p>\n<p><a href=\"https:\/\/drive.google.com\/file\/d\/169msbrR0kE1WTPRbR39yrlu8KQqx7Id_\/view?usp=sharing\" target=\"_blank\" rel=\"noopener\">An\u00e1lisis de videos educativos y de divulgaci\u00f3n sobre d\u00eda\/noche, estaciones y fases lunares\u00a0<\/a><br \/>\n<em>por\u00a0Diego Galperin, Marcelo Alvarez, Leonardo Heredia y Javier Haramina<\/em><\/p>\n<p><a href=\"https:\/\/drive.google.com\/file\/d\/1fpS9UTzQ1CQGEvm3Q2SnuwqECAk2b1YK\/view?usp=sharing\" target=\"_blank\" rel=\"noopener\">Comparaci\u00f3n de modelos mentales de estudiantes y docentes sobre las causas del d\u00eda y la noche, las estaciones y las fases lunares: un an\u00e1lisis a partir de los sistemas de referencia astron\u00f3micos<\/a><br \/>\n<em>por\u00a0Diego Galperin, Marcelo Alvarez, Leonardo Heredia, Ray\u00e9n Sa\u00e9z y Anabel Milner<\/em><\/p>\n<p><a href=\"https:\/\/revistanuevasperspectivas.aduba.org.ar\/ojs\/index.php\/nuevasperspectivas\/article\/view\/26\" target=\"_blank\" rel=\"noopener\">Unidos bajo una misma estrella: comparaci\u00f3n del movimiento diario del Sol observado desde distintas localidades. <\/a><\/p>\n<p><em>por<\/em> Diego Galperin, Josu\u00e9 Dionofrio, Josu\u00e9 Dionofrio,\u00a0Marcelo Alvarez, Leonardo Heredia y Eduardo Arias Navarro.<\/p>\n<hr \/>\n<p><strong>Programa \u201cMiradas al cielo\u201d<\/strong><\/p>\n<p><a href=\"https:\/\/drive.google.com\/file\/d\/1UVMFwtZPCnGEWOqCvjnnrtZ_3z1WQRZI\/view?usp=sharing\" target=\"_blank\" rel=\"noopener\">Propuestas did\u00e1cticas para la ense\u00f1anza de la astronom\u00eda<\/a><br \/>\n<em>por\u00a0Diego Galperin<\/em><\/p>\n<hr \/>\n<p><a href=\"https:\/\/drive.google.com\/file\/d\/1UX-tK11qo3cZJenr3yqMFkBiDFj0Ce5y\/view?usp=sharing\" target=\"_blank\" rel=\"noopener\">Indagaci\u00f3n de las concepciones de estudiantes primarios y secundarios sobre los fen\u00f3menos astron\u00f3micos cotidianos<\/a><br \/>\n<em>por\u00a0Marcelo Alvarez, Diego Galperin y Cynthia Quinteros<\/em><\/p>\n<p><a href=\"https:\/\/drive.google.com\/file\/d\/1nzYPkiMwbuYvTlNw993Fn63pWAzUj59c\/view?usp=sharing\" target=\"_blank\" rel=\"noopener\">Concepciones de docentes sobre las causas de los fen\u00f3menos astron\u00f3micos cotidianos<\/a><br \/>\n<em>por\u00a0Diego Galperin, Liliana Prieto y Leonardo Heredia<\/em><\/p>\n<p><a href=\"https:\/\/drive.google.com\/file\/d\/1OVJEutSly_ueqmjN7sMY-GtjD0hj0C6J\/view?usp=sharing\" target=\"_blank\" rel=\"noopener\">El abordaje topoc\u00e9ntrico de los fen\u00f3menos astron\u00f3micos cotidianos. Resultados de una propuesta did\u00e1ctica con docentes<\/a><br \/>\n<em>por\u00a0Diego Galperin, Marcelo \u00c1lvarez y Liliana Prieto\u00a0<\/em><\/p>\n","protected":false},"excerpt":{"rendered":"<p>Publicaciones y producciones del Grupo Osiris Miradas al cielo: el viaje de un a\u00f1o al eclipse solar 2020 Video realizado por el Grupo Astron\u00f3mico Osiris en pandemia\u00a0 Revista de Ense\u00f1anza de la F\u00edsica An\u00e1lisis de im\u00e1genes presentes en textos de ense\u00f1anza primaria: d\u00eda y noche y movimiento diario del Sol. por Diego Galperin, Andr\u00e9s Raviolo, &#8230; <a title=\"Grupo Osiris\" class=\"read-more\" href=\"https:\/\/ifdbolson-rng.infd.edu.ar\/sitio\/publicaciones\/grupo-osiris\/\" aria-label=\"More on Grupo Osiris\">[+]<\/a><\/p>\n","protected":false},"author":2483,"featured_media":0,"parent":2746,"menu_order":0,"comment_status":"closed","ping_status":"closed","template":"","meta":[],"acf":[],"_links":{"self":[{"href":"https:\/\/ifdbolson-rng.infd.edu.ar\/sitio\/wp-json\/wp\/v2\/pages\/3329"}],"collection":[{"href":"https:\/\/ifdbolson-rng.infd.edu.ar\/sitio\/wp-json\/wp\/v2\/pages"}],"about":[{"href":"https:\/\/ifdbolson-rng.infd.edu.ar\/sitio\/wp-json\/wp\/v2\/types\/page"}],"author":[{"embeddable":true,"href":"https:\/\/ifdbolson-rng.infd.edu.ar\/sitio\/wp-json\/wp\/v2\/users\/2483"}],"replies":[{"embeddable":true,"href":"https:\/\/ifdbolson-rng.infd.edu.ar\/sitio\/wp-json\/wp\/v2\/comments?post=3329"}],"version-history":[{"count":9,"href":"https:\/\/ifdbolson-rng.infd.edu.ar\/sitio\/wp-json\/wp\/v2\/pages\/3329\/revisions"}],"predecessor-version":[{"id":6288,"href":"https:\/\/ifdbolson-rng.infd.edu.ar\/sitio\/wp-json\/wp\/v2\/pages\/3329\/revisions\/6288"}],"up":[{"embeddable":true,"href":"https:\/\/ifdbolson-rng.infd.edu.ar\/sitio\/wp-json\/wp\/v2\/pages\/2746"}],"wp:attachment":[{"href":"https:\/\/ifdbolson-rng.infd.edu.ar\/sitio\/wp-json\/wp\/v2\/media?parent=3329"}],"curies":[{"name":"wp","href":"https:\/\/api.w.org\/{rel}","templated":true}]}}