{"id":3423,"date":"2021-06-15T19:42:49","date_gmt":"2021-06-15T22:42:49","guid":{"rendered":"https:\/\/ifdbolson-rng.infd.edu.ar\/sitio\/?page_id=3423"},"modified":"2023-04-04T11:14:13","modified_gmt":"2023-04-04T14:14:13","slug":"trabajos-de-investigacion","status":"publish","type":"page","link":"https:\/\/ifdbolson-rng.infd.edu.ar\/sitio\/publicaciones\/trabajos-de-investigacion\/","title":{"rendered":"Trabajos de investigaci\u00f3n"},"content":{"rendered":"<h4 style=\"text-align: center;\"><span style=\"color: #003366;\">Trabajo de investigaci\u00f3n\u00a0<\/span><\/h4>\n<h4 style=\"text-align: center;\"><span style=\"color: #003366;\"><span lang=\"es\">\u201cEstar sentado ac\u00e1 no te genera ning\u00fan conocimiento\u201d\u00a0<\/span><span lang=\"es\">Reflexiones sobre la ESRN a trav\u00e9s de la mirada de estudiantes y docentes.<\/span><\/span><\/h4>\n<p style=\"text-align: center;\">autores\/as: Flavia Lecomte y An\u00edbal Fern\u00e1ndez<\/p>\n<p style=\"text-align: center;\"><a href=\"https:\/\/ifdbolson-rng.infd.edu.ar\/sitio\/wp-content\/uploads\/2023\/04\/articulo_lecomte_fernandez_PIEB02.pdf\" target=\"_blank\" rel=\"noopener\">Disponible en pdf<\/a><\/p>\n<h4><img decoding=\"async\" loading=\"lazy\" class=\" wp-image-5941 aligncenter\" src=\"https:\/\/ifdbolson-rng.infd.edu.ar\/sitio\/wp-content\/uploads\/2023\/04\/Estar-sentado-no-te-genera-ningun-conocimiento-Investigacion..jpg\" alt=\"\" width=\"170\" height=\"258\" \/><\/h4>\n<h4 style=\"text-align: center;\"><span style=\"color: #003366;\">Trabajo de investigaci\u00f3n<\/span><\/h4>\n<h2 style=\"text-align: center;\"><span style=\"color: #003366;\">\u201cEpuy\u00e9n: dos que van&#8230; Haciendo teatro al andar\u201d.<\/span><br \/>\n<span style=\"color: #003366;\">El desarrollo de la actividad teatral en Epuy\u00e9n: algunas experiencias, reflexiones y desaf\u00edos actuales<\/span><\/h2>\n<p style=\"text-align: center;\">Autor: Eusebio Benegas<\/p>\n<p style=\"text-align: center;\"><em>Disponible en pdf:<\/em><\/p>\n<p><a href=\"https:\/\/drive.google.com\/file\/d\/1bGqYTWaJF1-xF-MmiPUSHNG1C4QBwYRO\/view?usp=sharing\" target=\"_blank\" rel=\"noopener\"><img decoding=\"async\" loading=\"lazy\" class=\"wp-image-3629 aligncenter\" style=\"border: 1px solid #e1e1e1;\" src=\"https:\/\/ifdbolson-rng.infd.edu.ar\/sitio\/wp-content\/uploads\/2021\/08\/caratula-eusebio-707x1000.jpg\" alt=\"\" width=\"253\" height=\"361\" \/><\/a><\/p>\n<hr \/>\n<h4 style=\"text-align: center;\"><span style=\"color: #003366;\"><strong>Trabajos de investigaci\u00f3n con maestros y maestras<br \/>\nde escuelas primarias de El Bols\u00f3n<\/strong><\/span><\/h4>\n<p style=\"text-align: center;\"><iframe loading=\"lazy\" title=\"YouTube video player\" src=\"https:\/\/www.youtube.com\/embed\/_I_JBnwnGLc\" width=\"560\" height=\"315\" frameborder=\"0\" allowfullscreen=\"allowfullscreen\"><\/iframe><\/p>\n<h2 style=\"text-align: center;\"><span style=\"color: #003366;\">La ense\u00f1anza y el aprendizaje de la geometr\u00eda:<br \/>\nuna propuesta did\u00e1ctica<\/span><\/h2>\n<p style=\"text-align: center;\">Equipo de investigaci\u00f3n: Ana Mar\u00eda Ferrero, Manuel Ignacio Reyna, Graciela Tscherig, Silvina Fern\u00e1ndez,<br \/>\nPatricia Mon Avalle, Fabi\u00e1n Smara<\/p>\n<p style=\"text-align: center;\"><em>Disponible en pdf<\/em><\/p>\n<p style=\"text-align: center;\"><a href=\"https:\/\/drive.google.com\/file\/d\/1APXv4pU_UQ-XGw5j5ukEnh3DzfVs42Cd\/view?usp=sharing\" target=\"_blank\" rel=\"noopener\"><img decoding=\"async\" loading=\"lazy\" class=\" wp-image-3429 aligncenter\" style=\"border: 1px solid #e1e1e1;\" src=\"https:\/\/ifdbolson-rng.infd.edu.ar\/sitio\/wp-content\/uploads\/2021\/06\/carat-geometria-1.jpg\" alt=\"\" width=\"205\" height=\"401\" \/><\/a><\/p>\n<h2 style=\"text-align: center;\"><span style=\"color: #003366;\">La ense\u00f1anza y el aprendizaje de la proporcionalidad:<br \/>\nuna propuesta did\u00e1ctica<\/span><\/h2>\n<p style=\"text-align: center;\">Equipo de investigaci\u00f3n: Ana Mar\u00eda Ferrero, Manuel Ignacio Reyna, Carlos Mar\u00eda Marpeg\u00e1n,<br \/>\nGraciela Tscherig, Silvina Fern\u00e1ndez, Patricia Mon Avalle, Fabi\u00e1n Smara<\/p>\n<p style=\"text-align: center;\"><em>Disponible en pdf<\/em><\/p>\n<p><a href=\"https:\/\/drive.google.com\/file\/d\/1DLapj5OmkfYnj34Z6FmgOrDFRpcAQf0E\/view?usp=sharing\" target=\"_blank\" rel=\"noopener\"><img decoding=\"async\" loading=\"lazy\" class=\"wp-image-3434 aligncenter\" style=\"border: 1px solid #e1e1e1;\" src=\"https:\/\/ifdbolson-rng.infd.edu.ar\/sitio\/wp-content\/uploads\/2021\/06\/carat-proporcionalidad-1.jpg\" alt=\"\" width=\"208\" height=\"320\" \/><\/a><\/p>\n<hr \/>\n<h2 style=\"text-align: center;\"><span style=\"color: #003366;\">Actividades de c\u00e1lculo mental pensado<\/span><\/h2>\n<p style=\"text-align: center;\">Recopilaci\u00f3n y sistematizaci\u00f3n: Prof. Silvia Ingrid Berntz<\/p>\n<p style=\"text-align: center;\"><em>Disponible en pdf<\/em><\/p>\n<p><a href=\"https:\/\/drive.google.com\/file\/d\/1flzIj1vV-6Y8E4dUovLhdUhcHE5BaDsH\/view?usp=sharing\" target=\"_blank\" rel=\"noopener\"><img decoding=\"async\" loading=\"lazy\" class=\" wp-image-3436 aligncenter\" style=\"border: 1px solid #e1e1e1;\" src=\"https:\/\/ifdbolson-rng.infd.edu.ar\/sitio\/wp-content\/uploads\/2021\/06\/Silvia-Berntz-carat-1.jpg\" alt=\"\" width=\"213\" height=\"326\" \/><\/a><\/p>\n<hr \/>\n<h2 style=\"text-align: center;\"><span style=\"color: #003366;\">Las im\u00e1genes y las pr\u00e1cticas docentes en las escuelas primarias de El Bols\u00f3n.\u00a0Nuevas miradas sobre viejos problemas<\/span><\/h2>\n<p style=\"text-align: center;\">Directora:\u00a0 Silvina Laura Fern\u00e1ndez<br \/>\nIntegrantes: Natalia Soledad Bobbio, Laura Adriana D\u00b4Atri, Andrea Gabriela Marchetti, Georgina Julia Colombo, Mar\u00eda Paula Tuculet, Jimena Dana Jacqueline Montero<\/p>\n<p style=\"text-align: center;\"><iframe loading=\"lazy\" src=\"https:\/\/www.youtube.com\/embed\/F1jS5yJI08w\" width=\"560\" height=\"315\" frameborder=\"0\" allowfullscreen=\"allowfullscreen\" data-mce-fragment=\"1\"><\/iframe><\/p>\n<p>Con esta investigaci\u00f3n intentamos aportar reflexiones para pensar la presencia y el trabajo con las im\u00e1genes en las escuelas primarias de nuestra zona. En general, percibimos que existe una gran cantidad de im\u00e1genes en las paredes de las aulas, en los pasillos y las galer\u00edas. Nos interes\u00f3 conocer los modos en que son utilizadas en la construcci\u00f3n del conocimiento, como as\u00ed tambi\u00e9n las maneras en que conforman la est\u00e9tica de lo escolar.<br \/>\nHemos definido como objeto de estudio: Las pr\u00e1cticas docentes de maestras\/os de grado y de Pl\u00e1stica en cuanto al abordaje de las im\u00e1genes gr\u00e1ficas en las escuelas primarias de El Bols\u00f3n.<br \/>\nNos propusimos como objetivo brindar algunas explicaciones acerca del modo en que docentes seleccionan, incluyen, abordan, elaboran y generan la producci\u00f3n de las im\u00e1genes en sus pr\u00e1cticas pedag\u00f3gicas.<br \/>\nNos encontramos con escuelas en las que circulan m\u00faltiples formatos y soportes de im\u00e1genes producidas, con un inter\u00e9s m\u00e1s bien puesto en el hacer, en las t\u00e9cnicas y procedimientos m\u00e1s que en el car\u00e1cter discursivo. Al relacionarlas con fechas alusivas o conmemoraciones percibimos la repetici\u00f3n de algunas im\u00e1genes, pero tambi\u00e9n la presencia de otras que eran diferentes, que quer\u00edan \u00abdecir\u00bb otras cosas.<br \/>\nTambi\u00e9n nos encontramos con pr\u00e1cticas docentes que, en un contexto de condiciones que dificultan el trabajo, buscan peque\u00f1os espacios para los cambios, para generar propuestas diferentes.<\/p>\n<p style=\"text-align: center;\"><em>Disponible en pdf<\/em><\/p>\n<p><a href=\"https:\/\/drive.google.com\/file\/d\/1zXQl88O1xbWVRA8dwkctnHELt9jhSDvR\/view?usp=sharing\" target=\"_blank\" rel=\"noopener\"><img decoding=\"async\" loading=\"lazy\" class=\"wp-image-3121 aligncenter\" style=\"border: 1px solid #e1e1e1;\" src=\"https:\/\/ifdbolson-rng.infd.edu.ar\/sitio\/wp-content\/uploads\/2020\/12\/car\u00e1tula-inv-707x1000.jpg\" alt=\"\" width=\"194\" height=\"301\" \/><\/a><\/p>\n","protected":false},"excerpt":{"rendered":"<p>Trabajo de investigaci\u00f3n\u00a0 \u201cEstar sentado ac\u00e1 no te genera ning\u00fan conocimiento\u201d\u00a0Reflexiones sobre la ESRN a trav\u00e9s de la mirada de estudiantes y docentes. autores\/as: Flavia Lecomte y An\u00edbal Fern\u00e1ndez Disponible en pdf Trabajo de investigaci\u00f3n \u201cEpuy\u00e9n: dos que van&#8230; Haciendo teatro al andar\u201d. El desarrollo de la actividad teatral en Epuy\u00e9n: algunas experiencias, reflexiones y &#8230; <a title=\"Trabajos de investigaci\u00f3n\" class=\"read-more\" href=\"https:\/\/ifdbolson-rng.infd.edu.ar\/sitio\/publicaciones\/trabajos-de-investigacion\/\" aria-label=\"More on Trabajos de investigaci\u00f3n\">[+]<\/a><\/p>\n","protected":false},"author":2483,"featured_media":0,"parent":2746,"menu_order":0,"comment_status":"closed","ping_status":"closed","template":"","meta":[],"acf":[],"_links":{"self":[{"href":"https:\/\/ifdbolson-rng.infd.edu.ar\/sitio\/wp-json\/wp\/v2\/pages\/3423"}],"collection":[{"href":"https:\/\/ifdbolson-rng.infd.edu.ar\/sitio\/wp-json\/wp\/v2\/pages"}],"about":[{"href":"https:\/\/ifdbolson-rng.infd.edu.ar\/sitio\/wp-json\/wp\/v2\/types\/page"}],"author":[{"embeddable":true,"href":"https:\/\/ifdbolson-rng.infd.edu.ar\/sitio\/wp-json\/wp\/v2\/users\/2483"}],"replies":[{"embeddable":true,"href":"https:\/\/ifdbolson-rng.infd.edu.ar\/sitio\/wp-json\/wp\/v2\/comments?post=3423"}],"version-history":[{"count":12,"href":"https:\/\/ifdbolson-rng.infd.edu.ar\/sitio\/wp-json\/wp\/v2\/pages\/3423\/revisions"}],"predecessor-version":[{"id":5943,"href":"https:\/\/ifdbolson-rng.infd.edu.ar\/sitio\/wp-json\/wp\/v2\/pages\/3423\/revisions\/5943"}],"up":[{"embeddable":true,"href":"https:\/\/ifdbolson-rng.infd.edu.ar\/sitio\/wp-json\/wp\/v2\/pages\/2746"}],"wp:attachment":[{"href":"https:\/\/ifdbolson-rng.infd.edu.ar\/sitio\/wp-json\/wp\/v2\/media?parent=3423"}],"curies":[{"name":"wp","href":"https:\/\/api.w.org\/{rel}","templated":true}]}}