{"id":3966,"date":"2022-02-10T11:54:11","date_gmt":"2022-02-10T14:54:11","guid":{"rendered":"https:\/\/ifdbolson-rng.infd.edu.ar\/sitio\/?page_id=3966"},"modified":"2025-03-27T09:59:33","modified_gmt":"2025-03-27T12:59:33","slug":"preguntas-frecuentes","status":"publish","type":"page","link":"https:\/\/ifdbolson-rng.infd.edu.ar\/sitio\/preguntas-frecuentes\/","title":{"rendered":"Informaci\u00f3n para Ingresantes."},"content":{"rendered":"\n<ul type=\"1\">\n<li><strong>\u00bfQu\u00e9 carreras se dictan en el Ifdc?<\/strong><\/li>\n<\/ul>\n\n\n\n<p>El IFDC El Bols\u00f3n ofrece cuatro profesorados:&nbsp;<\/p>\n\n\n\n<p><a href=\"https:\/\/ifdbolson-rng.infd.edu.ar\/sitio\/profesorado-de-nivel-inicial-2\/\" target=\"_blank\" rel=\"noreferrer noopener\">Profesorado de Educaci\u00f3n inicial<\/a> (Turno Ma\u00f1ana)<\/p>\n\n\n\n<p><a href=\"https:\/\/ifdbolson-rng.infd.edu.ar\/sitio\/profesorado-de-artes-visuales\/\" target=\"_blank\" rel=\"noreferrer noopener\">Profesorado de Artes Visuales<\/a> (Turno Ma\u00f1ana)<\/p>\n\n\n\n<p><a href=\"https:\/\/ifdbolson-rng.infd.edu.ar\/sitio\/profesorado-de-historia\/\" target=\"_blank\" rel=\"noreferrer noopener\">Profesorado de Historia<\/a> (Turno Vespertino)<\/p>\n\n\n\n<p><a href=\"https:\/\/ifdbolson-rng.infd.edu.ar\/sitio\/profesorado-de-nivel-primario\/\" target=\"_blank\" rel=\"noreferrer noopener\">Profesorado de Educaci\u00f3n Primaria<\/a> (Turno Vespertino)<\/p>\n\n\n\n<ul>\n<li><strong>\u00bfCu\u00e1ndo me puedo inscribir a las carreras?<\/strong><\/li>\n<\/ul>\n\n\n\n<p>Se llevan a cabo en dos momentos del a\u00f1o: desde diciembre hasta principios de febrero se realiza la preinscripci\u00f3n, y en febrero se presenta la documentaci\u00f3n necesaria para completar la inscripci\u00f3n, lo que habilita el ingreso en el nuevo ciclo lectivo. Tambi\u00e9n hay un per\u00edodo en julio para inscribirse en el segundo cuatrimestre del a\u00f1o en curso.<\/p>\n\n\n\n<ul>\n<li><strong>\u00bfC\u00f3mo son las inscripciones a las carreras del ifdc?&nbsp;<\/strong><\/li>\n<\/ul>\n\n\n\n<p>Las inscripciones siempre son a trav\u00e9s de la P\u00e1g web del ifdc<\/p>\n\n\n\n<p><a href=\"https:\/\/ifdcbolson.vallemediodata.com.ar\/preinscripcion.aspx\">https:\/\/ifdcbolson.vallemediodata.com.ar\/preinscripcion.aspx<\/a><\/p>\n\n\n\n<ul>\n<li><strong>\u00bfQu\u00e9 documentaci\u00f3n debo presentar?<\/strong><\/li>\n<\/ul>\n\n\n\n<ul>\n<li>Fotocopia de DNI<\/li>\n\n\n\n<li>Fotocopia de Partida de Nacimiento<\/li>\n\n\n\n<li>Original y copia del t\u00edtulo secundario o certificado de t\u00edtulo en tr\u00e1mite o certificado de estudiante regular<\/li>\n\n\n\n<li>Constancia de CUIL<\/li>\n\n\n\n<li>Certificado de aptitud f\u00edsica<\/li>\n\n\n\n<li>2 fotos carnet<\/li>\n\n\n\n<li>1 folio oficio<\/li>\n\n\n\n<li>1 carpeta colgante oficio<\/li>\n\n\n\n<li>Aporte anual de cooperadora voluntario.<\/li>\n\n\n\n<li><strong>\u00bfCu\u00e1ndo y d\u00f3nde presento la documentaci\u00f3n?<\/strong><\/li>\n<\/ul>\n\n\n\n<p>La documentaci\u00f3n se debe presentar en la secretar\u00eda del IFDC luego de la preinscripci\u00f3n.<\/p>\n\n\n\n<ul>\n<li><strong>\u00bfCu\u00e1ntos a\u00f1os duran las carreras?&nbsp;<\/strong><\/li>\n<\/ul>\n\n\n\n<p>Todos los profesorados tienen una duraci\u00f3n de 4 a\u00f1os.&nbsp;<\/p>\n\n\n\n<ul>\n<li><strong>\u00bfTengo que abonar matr\u00edcula o cuota para estudiantes en el Ifdc?<\/strong><\/li>\n<\/ul>\n\n\n\n<p>No, el ifdc es estatal y gratuito. S\u00ed se solicita un aporte voluntario de cooperadora del instituto con un abono anual de $500<\/p>\n\n\n\n<ul>\n<li><strong>\u00bfHay l\u00edmite de edad para inscribirse y estudiar una carrera de formaci\u00f3n docente?<\/strong><\/li>\n<\/ul>\n\n\n\n<p>No existe l\u00edmite de edad para inscribirse.&nbsp;<\/p>\n\n\n\n<ul>\n<li><strong>\u00bfHay curso de ingreso?<\/strong><\/li>\n<\/ul>\n\n\n\n<p>Hay un m\u00f3dulo introductorio.<\/p>\n\n\n\n<ol type=\"1\">\n<li><strong>\u00bfMe puedo inscribir si adeudo materias del secundario?<\/strong><\/li>\n<\/ol>\n\n\n\n<p>Si, podes inscribirte y comenzar a cursar. Ten\u00e9s tiempo hasta el 31 de octubre de tu a\u00f1o de ingreso para regularizar tu situaci\u00f3n en el secundario y presentar en secretar\u00eda la documentaci\u00f3n que lo acredite.&nbsp;Esto est\u00e1 establecido en el <a href=\"https:\/\/ifdbolson-rng.infd.edu.ar\/sitio\/wp-content\/uploads\/2019\/06\/REGLAMENTO-ACADEMICO-MARCO-ANEXO-I-JUNIO-2016.pdf\" target=\"_blank\" rel=\"noreferrer noopener\">R.A.M<\/a> (reglamento acad\u00e9mico marco para los estudiantes de Nivel terciario de la provincia de R\u00edo Negro) en su Art 17.&nbsp;<\/p>\n\n\n\n<ol type=\"1\">\n<li><strong>Si ya curs\u00e9 otras carreras con materias afines, \u00bfme las reconocen? \u00bfQu\u00e9 tr\u00e1mite debo realizar<\/strong>?<\/li>\n<\/ol>\n\n\n\n<p>Se debe presentar un pedido de equivalencias. Este tr\u00e1mite se lleva a cabo a principios de a\u00f1o, presentando el rendimiento acad\u00e9mico y los programas de cada materia, debidamente firmados, sellados y foliados por la instituci\u00f3n que los otorga. Adem\u00e1s, es necesario incluir una nota dirigida a la coordinadora de la carrera en la que te inscribiste, solicitando dicho tr\u00e1mite.<\/p>\n\n\n\n<ol type=\"1\">\n<li><strong>\u00bfTengo que comenzar a cursar todas las materias juntas?<\/strong><\/li>\n<\/ol>\n\n\n\n<p>Lo ideal es cursar todas las materias, pero va a depender de la disponibilidad y posibilidad de cada uno\/a<\/p>\n\n\n\n<ol type=\"1\">\n<li><strong>\u00bfMe tengo que inscribir todos los a\u00f1os al Profesorado?<\/strong><\/li>\n<\/ol>\n\n\n\n<p>No, la inscripci\u00f3n a la carrera se hace una \u00fanica vez.<\/p>\n\n\n\n<ol type=\"1\">\n<li><strong>Si me quiero cambiar de carrera \u00bfC\u00f3mo hago?<\/strong><\/li>\n<\/ol>\n\n\n\n<p>Se solicita&nbsp; por nota al Consejo Directivo el cambio de carrera.&nbsp;<\/p>\n\n\n\n<ol type=\"1\">\n<li><strong>\u00bfCu\u00e1ndo pierdo la regularidad como estudiante?<\/strong><\/li>\n<\/ol>\n\n\n\n<p>Cuando se vence la \u00faltima cursada aprobada.<\/p>\n\n\n\n<ol type=\"1\">\n<li><strong>Si abandono y quiero retomar mis estudios \u00bfC\u00f3mo hago?&nbsp;<\/strong><\/li>\n<\/ol>\n\n\n\n<p>Se presenta una nota de pedido de reincorporaci\u00f3n a la carrera dirigida al Consejo Directivo.<\/p>\n\n\n\n<ol type=\"1\">\n<li><strong>\u00bfC\u00f3mo me inscribo a un Edi?<\/strong><\/li>\n<\/ol>\n\n\n\n<p>La oferta de Edi se da a conocer a trav\u00e9s de la P\u00e1gina Web y al interior de cada carrera. Las inscripciones son a trav\u00e9s de la P\u00e1g. Web.<\/p>\n\n\n\n<ol type=\"1\">\n<li><strong>\u00bfA qui\u00e9n me dirijo por dudas o temas de mi carrera?&nbsp;<\/strong><\/li>\n<\/ol>\n\n\n\n<p>A la coordinaci\u00f3n o secretar\u00eda espec\u00edfica de la carrera.<\/p>\n\n\n\n<ol type=\"1\">\n<li><strong>\u00bfC\u00f3mo ingreso al Sistema de Gesti\u00f3n de estudiantes?<\/strong><\/li>\n<\/ol>\n\n\n\n<p>Ingres\u00e1 a la pesta\u00f1a de <a href=\"https:\/\/ifdcbolson.vallemediodata.com.ar\/Login.aspx\">Sistema de estudiantes<\/a><\/p>\n\n\n\n<p>Ingres\u00e1 con tu DNI en Usuario y Contrase\u00f1a<\/p>\n\n\n\n<ul>\n<li><strong>\u00bfC\u00f3mo ingresar al campus?<\/strong><\/li>\n<\/ul>\n\n\n\n<p>Vas a Campus virtual<\/p>\n\n\n\n<p><a href=\"https:\/\/ifdbolson-rng.infd.edu.ar\/aula\/acceso.cgi\">https:\/\/ifdbolson-rng.infd.edu.ar\/aula\/acceso.cgi<\/a><\/p>\n\n\n\n<p>Ingres\u00e1 con tu DNI y contrase\u00f1a.<\/p>\n\n\n\n<p><strong><a href=\"https:\/\/ifdbolson-rng.infd.edu.ar\/sitio\/difusion-de-carreras\/\" target=\"_blank\" rel=\"noreferrer noopener\">Difusi\u00f3n de Carreras<\/a><\/strong><\/p>\n\n\n\n<p><\/p>\n","protected":false},"excerpt":{"rendered":"<p>El IFDC El Bols\u00f3n ofrece cuatro profesorados:&nbsp; Profesorado de Educaci\u00f3n inicial (Turno Ma\u00f1ana) Profesorado de Artes Visuales (Turno Ma\u00f1ana) Profesorado de Historia (Turno Vespertino) Profesorado de Educaci\u00f3n Primaria (Turno Vespertino) Se llevan a cabo en dos momentos del a\u00f1o: desde diciembre hasta principios de febrero se realiza la preinscripci\u00f3n, y en febrero se presenta la &#8230; <a title=\"Informaci\u00f3n para Ingresantes.\" class=\"read-more\" href=\"https:\/\/ifdbolson-rng.infd.edu.ar\/sitio\/preguntas-frecuentes\/\" aria-label=\"More on Informaci\u00f3n para Ingresantes.\">[+]<\/a><\/p>\n","protected":false},"author":3048,"featured_media":0,"parent":0,"menu_order":0,"comment_status":"closed","ping_status":"closed","template":"","meta":[],"acf":[],"_links":{"self":[{"href":"https:\/\/ifdbolson-rng.infd.edu.ar\/sitio\/wp-json\/wp\/v2\/pages\/3966"}],"collection":[{"href":"https:\/\/ifdbolson-rng.infd.edu.ar\/sitio\/wp-json\/wp\/v2\/pages"}],"about":[{"href":"https:\/\/ifdbolson-rng.infd.edu.ar\/sitio\/wp-json\/wp\/v2\/types\/page"}],"author":[{"embeddable":true,"href":"https:\/\/ifdbolson-rng.infd.edu.ar\/sitio\/wp-json\/wp\/v2\/users\/3048"}],"replies":[{"embeddable":true,"href":"https:\/\/ifdbolson-rng.infd.edu.ar\/sitio\/wp-json\/wp\/v2\/comments?post=3966"}],"version-history":[{"count":17,"href":"https:\/\/ifdbolson-rng.infd.edu.ar\/sitio\/wp-json\/wp\/v2\/pages\/3966\/revisions"}],"predecessor-version":[{"id":7618,"href":"https:\/\/ifdbolson-rng.infd.edu.ar\/sitio\/wp-json\/wp\/v2\/pages\/3966\/revisions\/7618"}],"wp:attachment":[{"href":"https:\/\/ifdbolson-rng.infd.edu.ar\/sitio\/wp-json\/wp\/v2\/media?parent=3966"}],"curies":[{"name":"wp","href":"https:\/\/api.w.org\/{rel}","templated":true}]}}