{"id":4526,"date":"2022-04-25T11:58:18","date_gmt":"2022-04-25T14:58:18","guid":{"rendered":"https:\/\/ifdbolson-rng.infd.edu.ar\/sitio\/?page_id=4526"},"modified":"2025-12-12T10:58:07","modified_gmt":"2025-12-12T13:58:07","slug":"el-pasillo-espacio-cultural","status":"publish","type":"page","link":"https:\/\/ifdbolson-rng.infd.edu.ar\/sitio\/el-pasillo-espacio-cultural\/","title":{"rendered":"El Pasillo Espacio Cultural"},"content":{"rendered":"<p><img decoding=\"async\" loading=\"lazy\" class=\"alignnone  wp-image-4524\" src=\"https:\/\/ifdbolson-rng.infd.edu.ar\/sitio\/wp-content\/uploads\/2022\/04\/logo300rojo.jpg\" alt=\"\" width=\"121\" height=\"116\" \/><\/p>\n<p><a href=\"https:\/\/drive.google.com\/file\/d\/1v-80dfAdQ7tVw1lrkZBf-_DFENlRU6sE\/view?usp=drive_link\" target=\"_blank\" rel=\"noopener\"><img decoding=\"async\" loading=\"lazy\" class=\" wp-image-8071 aligncenter\" src=\"https:\/\/ifdbolson-rng.infd.edu.ar\/sitio\/wp-content\/uploads\/2025\/12\/image.png\" alt=\"\" width=\"574\" height=\"325\" srcset=\"https:\/\/ifdbolson-rng.infd.edu.ar\/sitio\/wp-content\/uploads\/2025\/12\/image.png 959w, https:\/\/ifdbolson-rng.infd.edu.ar\/sitio\/wp-content\/uploads\/2025\/12\/image-768x435.png 768w\" sizes=\"(max-width: 574px) 100vw, 574px\" \/><\/a><\/p>\n<h5><\/h5>\n<h5><span style=\"color: #ff6600;\">\u00bfQui\u00e9nes somos?<\/span><\/h5>\n<p>Somos un espacio cultural p\u00fablico creado por la comunidad educativa del IDFC El Bols\u00f3n, para la difusi\u00f3n de pr\u00e1cticas art\u00edsticas en la Comarca Andina del Paralelo 42.<\/p>\n<h5><span style=\"color: #ff6600;\">\u00a0\u00bfQu\u00e9 buscamos?<\/span><\/h5>\n<p>A partir de este proyecto buscamos \u201c\u2026poner en juego el espacio f\u00edsico, desarrollando herramientas pedag\u00f3gicas y conocimientos de campos espec\u00edficos del saber en arte y cultura, generando la circulaci\u00f3n de distintas muestras, conversatorios, seminarios que puedan estimular el acceso de los diferentes niveles educativos y de la comunidad en general, propiciando la apertura a la reconstrucci\u00f3n de otras miradas y realidades.\u201d<\/p>\n<h5><span style=\"color: #ff6600;\">\u00bfCu\u00e1les son nuestros prop\u00f3sitos?<\/span><\/h5>\n<ul>\n<li>Generar instancias para el desarrollo de propuestas art\u00edsticas y culturales abiertas a toda la comunidad, propiciando la apreciaci\u00f3n art\u00edstica y el goce est\u00e9tico, as\u00ed como tambi\u00e9n la formaci\u00f3n de una mirada cr\u00edtica y reflexiva.<\/li>\n<li>Propiciar la formaci\u00f3n de actores sociales comprometidos con el hacer art\u00edstico, como forma de representaci\u00f3n, reflexi\u00f3n y manifestaci\u00f3n de las culturas, involucrando en ellas sus costumbres, ideolog\u00edas, creencias y formas particulares de expresi\u00f3n.<\/li>\n<li>Generar muestras, visitadas guiadas y actividades culturales a partir de ejes de inter\u00e9s cultural y pedag\u00f3gico, a fin de fortalecer la construcci\u00f3n de saberes.<\/li>\n<li>Promover la participaci\u00f3n de otras instituciones socioeducativas, facilitando el acceso de ni\u00f1es y j\u00f3venes a distintas formas de manifestaci\u00f3n art\u00edsticas como puente entre el conocimiento y las emociones.<\/li>\n<li>Plantear recorridos art\u00edsticos que propicien la reflexi\u00f3n, an\u00e1lisis y la generaci\u00f3n d interrogantes acerca de diferentes temas y emergentes.<\/li>\n<\/ul>\n<h5><span style=\"color: #ff6600;\">\u00bfD\u00f3nde est\u00e1?<\/span><\/h5>\n<p>El pasillo se encuentra en la planta baja del IFDC El Bols\u00f3n y contamos con espacios para exposiciones art\u00edsticas y actividades culturales. Si quer\u00e9s contactarte con nosotres podes escribir a <a href=\"mailto:convocatoriaselpasillo@gmail.com\">convocatoriaselpasillo@gmail.com<\/a><\/p>\n<p>Adem\u00e1s, podes seguirnos en redes sociales:<br \/>\nFB: <a href=\"https:\/\/www.facebook.com\/elpasillobolson\">https:\/\/www.facebook.com\/elpasillobolson<\/a><br \/>\nIG: <a href=\"https:\/\/www.instagram.com\/el_pasillo_espacio\/\">https:\/\/www.instagram.com\/el_pasillo_espacio\/<\/a><\/p>\n<div dir=\"ltr\"><strong>Muestra de estudiantes de Escultura y Pintura II (Prof: Jerem\u00edas Salgado y Ana Monjeau)<\/strong><\/div>\n<div dir=\"ltr\" style=\"text-align: center;\"><\/div>\n<div dir=\"ltr\" style=\"text-align: center;\"><div  class=\"lgc-column lgc-grid-parent lgc-grid-50 lgc-tablet-grid-50 lgc-mobile-grid-100 lgc-equal-heights \"><div  class=\"inside-grid-column\"><\/div>\n<div dir=\"ltr\" style=\"text-align: center;\"><img decoding=\"async\" loading=\"lazy\" class=\"alignnone size-full wp-image-4529\" src=\"https:\/\/ifdbolson-rng.infd.edu.ar\/sitio\/wp-content\/uploads\/2022\/04\/estudiantes-de-escultypint-2.jpg\" alt=\"\" width=\"500\" height=\"333\" \/><\/div>\n<div dir=\"ltr\" style=\"text-align: center;\"><\/div><\/div><\/div>\n<div dir=\"ltr\">\n<div dir=\"ltr\" style=\"text-align: center;\"><div  class=\"lgc-column lgc-grid-parent lgc-grid-50 lgc-tablet-grid-50 lgc-mobile-grid-100 lgc-equal-heights \"><div  class=\"inside-grid-column\"><\/div>\n<div dir=\"ltr\" style=\"text-align: center;\"><img decoding=\"async\" loading=\"lazy\" class=\"alignnone size-full wp-image-4528\" src=\"https:\/\/ifdbolson-rng.infd.edu.ar\/sitio\/wp-content\/uploads\/2022\/04\/estudiantes-de-escultypint-1-1.jpg\" alt=\"\" width=\"500\" height=\"334\" \/><\/div>\n<div dir=\"ltr\" style=\"text-align: center;\"><\/div><\/div><\/div>\n<\/div>\n<div dir=\"ltr\"><\/div>\n<div dir=\"ltr\"><\/div>\n<div dir=\"ltr\"><strong>Muestra Puntadas Insurrectas de Rosana Andrea Linari<\/strong><\/div>\n<div dir=\"ltr\" style=\"text-align: center;\"><\/div>\n<div dir=\"ltr\" style=\"text-align: center;\"><div  class=\"lgc-column lgc-grid-parent lgc-grid-50 lgc-tablet-grid-50 lgc-mobile-grid-100 lgc-equal-heights \"><div  class=\"inside-grid-column\"><\/div>\n<div dir=\"ltr\" style=\"text-align: center;\"><img decoding=\"async\" loading=\"lazy\" class=\"alignnone size-full wp-image-4535\" src=\"https:\/\/ifdbolson-rng.infd.edu.ar\/sitio\/wp-content\/uploads\/2022\/04\/puntadas-insurrectas-1.jpg\" alt=\"\" width=\"500\" height=\"333\" \/><\/div>\n<div dir=\"ltr\" style=\"text-align: center;\"><\/div><\/div><\/div>\n<div dir=\"ltr\">\n<div dir=\"ltr\" style=\"text-align: center;\"><div  class=\"lgc-column lgc-grid-parent lgc-grid-50 lgc-tablet-grid-50 lgc-mobile-grid-100 lgc-equal-heights \"><div  class=\"inside-grid-column\"><\/div>\n<div dir=\"ltr\" style=\"text-align: center;\"><img decoding=\"async\" loading=\"lazy\" class=\"alignnone size-full wp-image-4537\" src=\"https:\/\/ifdbolson-rng.infd.edu.ar\/sitio\/wp-content\/uploads\/2022\/04\/puntadas-insurrectas-2.jpg\" alt=\"\" width=\"500\" height=\"333\" \/><\/div>\n<div dir=\"ltr\" style=\"text-align: center;\"><\/div><\/div><\/div>\n<div dir=\"ltr\"><img decoding=\"async\" loading=\"lazy\" class=\"alignnone size-medium wp-image-4538\" src=\"https:\/\/ifdbolson-rng.infd.edu.ar\/sitio\/wp-content\/uploads\/2022\/04\/puntadas-insurrectas-3-1000x328.jpg\" alt=\"\" width=\"1000\" height=\"328\" srcset=\"https:\/\/ifdbolson-rng.infd.edu.ar\/sitio\/wp-content\/uploads\/2022\/04\/puntadas-insurrectas-3-1000x328.jpg 1000w, https:\/\/ifdbolson-rng.infd.edu.ar\/sitio\/wp-content\/uploads\/2022\/04\/puntadas-insurrectas-3-768x252.jpg 768w, https:\/\/ifdbolson-rng.infd.edu.ar\/sitio\/wp-content\/uploads\/2022\/04\/puntadas-insurrectas-3.jpg 1016w\" sizes=\"(max-width: 1000px) 100vw, 1000px\" \/><\/div>\n<\/div>\n<div dir=\"ltr\"><\/div>\n<div dir=\"ltr\"><\/div>\n<div dir=\"ltr\"><strong>Muestra Hibridadas<\/strong><\/div>\n<div dir=\"ltr\"><\/div>\n<div dir=\"ltr\" style=\"text-align: center;\"><div  class=\"lgc-column lgc-grid-parent lgc-grid-50 lgc-tablet-grid-50 lgc-mobile-grid-100 lgc-equal-heights \"><div  class=\"inside-grid-column\"><\/div>\n<div dir=\"ltr\" style=\"text-align: center;\"><img decoding=\"async\" loading=\"lazy\" class=\"alignnone size-full wp-image-4542\" src=\"https:\/\/ifdbolson-rng.infd.edu.ar\/sitio\/wp-content\/uploads\/2022\/04\/hibridadas-1.jpg\" alt=\"\" width=\"500\" height=\"333\" \/><\/div>\n<div dir=\"ltr\" style=\"text-align: center;\"><\/div><\/div><\/div>\n<div dir=\"ltr\">\n<div dir=\"ltr\" style=\"text-align: center;\"><div  class=\"lgc-column lgc-grid-parent lgc-grid-50 lgc-tablet-grid-50 lgc-mobile-grid-100 lgc-equal-heights \"><div  class=\"inside-grid-column\"><\/div>\n<div dir=\"ltr\" style=\"text-align: center;\"><img decoding=\"async\" loading=\"lazy\" class=\"alignnone size-full wp-image-4543\" src=\"https:\/\/ifdbolson-rng.infd.edu.ar\/sitio\/wp-content\/uploads\/2022\/04\/hibridadas-2.jpg\" alt=\"\" width=\"500\" height=\"333\" \/><\/div>\n<div dir=\"ltr\" style=\"text-align: center;\"><\/div><\/div><\/div>\n<div dir=\"ltr\">\n<div dir=\"ltr\" style=\"text-align: center;\"><div  class=\"lgc-column lgc-grid-parent lgc-grid-50 lgc-tablet-grid-50 lgc-mobile-grid-100 lgc-equal-heights \"><div  class=\"inside-grid-column\"><\/div>\n<div dir=\"ltr\" style=\"text-align: center;\"><img decoding=\"async\" loading=\"lazy\" class=\"alignnone size-full wp-image-4544\" src=\"https:\/\/ifdbolson-rng.infd.edu.ar\/sitio\/wp-content\/uploads\/2022\/04\/hibridadas-3.jpg\" alt=\"\" width=\"500\" height=\"333\" \/><\/div>\n<div dir=\"ltr\" style=\"text-align: center;\"><\/div><\/div><\/div>\n<div dir=\"ltr\">\n<div dir=\"ltr\" style=\"text-align: center;\"><div  class=\"lgc-column lgc-grid-parent lgc-grid-50 lgc-tablet-grid-50 lgc-mobile-grid-100 lgc-equal-heights \"><div  class=\"inside-grid-column\"><\/div>\n<div dir=\"ltr\" style=\"text-align: center;\"><img decoding=\"async\" loading=\"lazy\" class=\"alignnone size-full wp-image-4545\" src=\"https:\/\/ifdbolson-rng.infd.edu.ar\/sitio\/wp-content\/uploads\/2022\/04\/hibridadas-4.jpg\" alt=\"\" width=\"500\" height=\"333\" \/><\/div>\n<div dir=\"ltr\" style=\"text-align: center;\"><\/div><\/div><\/div>\n<div dir=\"ltr\">\n<div dir=\"ltr\" style=\"text-align: center;\"><div  class=\"lgc-column lgc-grid-parent lgc-grid-50 lgc-tablet-grid-50 lgc-mobile-grid-100 lgc-equal-heights \"><div  class=\"inside-grid-column\"><\/div>\n<div dir=\"ltr\" style=\"text-align: center;\"><img decoding=\"async\" loading=\"lazy\" class=\"alignnone size-full wp-image-4546\" src=\"https:\/\/ifdbolson-rng.infd.edu.ar\/sitio\/wp-content\/uploads\/2022\/04\/hibridadas-5.jpg\" alt=\"\" width=\"500\" height=\"333\" \/><\/div>\n<div dir=\"ltr\" style=\"text-align: center;\"><\/div><\/div><\/div>\n<\/div>\n<\/div>\n<\/div>\n<\/div>\n","protected":false},"excerpt":{"rendered":"<p>\u00bfQui\u00e9nes somos? Somos un espacio cultural p\u00fablico creado por la comunidad educativa del IDFC El Bols\u00f3n, para la difusi\u00f3n de pr\u00e1cticas art\u00edsticas en la Comarca Andina del Paralelo 42. \u00a0\u00bfQu\u00e9 buscamos? A partir de este proyecto buscamos \u201c\u2026poner en juego el espacio f\u00edsico, desarrollando herramientas pedag\u00f3gicas y conocimientos de campos espec\u00edficos del saber en arte &#8230; <a title=\"El Pasillo Espacio Cultural\" class=\"read-more\" href=\"https:\/\/ifdbolson-rng.infd.edu.ar\/sitio\/el-pasillo-espacio-cultural\/\" aria-label=\"More on El Pasillo Espacio Cultural\">[+]<\/a><\/p>\n","protected":false},"author":2483,"featured_media":0,"parent":0,"menu_order":0,"comment_status":"closed","ping_status":"closed","template":"","meta":[],"acf":[],"_links":{"self":[{"href":"https:\/\/ifdbolson-rng.infd.edu.ar\/sitio\/wp-json\/wp\/v2\/pages\/4526"}],"collection":[{"href":"https:\/\/ifdbolson-rng.infd.edu.ar\/sitio\/wp-json\/wp\/v2\/pages"}],"about":[{"href":"https:\/\/ifdbolson-rng.infd.edu.ar\/sitio\/wp-json\/wp\/v2\/types\/page"}],"author":[{"embeddable":true,"href":"https:\/\/ifdbolson-rng.infd.edu.ar\/sitio\/wp-json\/wp\/v2\/users\/2483"}],"replies":[{"embeddable":true,"href":"https:\/\/ifdbolson-rng.infd.edu.ar\/sitio\/wp-json\/wp\/v2\/comments?post=4526"}],"version-history":[{"count":14,"href":"https:\/\/ifdbolson-rng.infd.edu.ar\/sitio\/wp-json\/wp\/v2\/pages\/4526\/revisions"}],"predecessor-version":[{"id":8076,"href":"https:\/\/ifdbolson-rng.infd.edu.ar\/sitio\/wp-json\/wp\/v2\/pages\/4526\/revisions\/8076"}],"wp:attachment":[{"href":"https:\/\/ifdbolson-rng.infd.edu.ar\/sitio\/wp-json\/wp\/v2\/media?parent=4526"}],"curies":[{"name":"wp","href":"https:\/\/api.w.org\/{rel}","templated":true}]}}