{"id":8446,"date":"2026-05-06T20:14:52","date_gmt":"2026-05-06T23:14:52","guid":{"rendered":"https:\/\/ifdbolson-rng.infd.edu.ar\/sitio\/?page_id=8446"},"modified":"2026-05-07T11:24:53","modified_gmt":"2026-05-07T14:24:53","slug":"informacion-general","status":"publish","type":"page","link":"https:\/\/ifdbolson-rng.infd.edu.ar\/sitio\/informacion-general\/","title":{"rendered":"Informaci\u00f3n general"},"content":{"rendered":"\n<p><em>Directora<\/em>: Carla Anah\u00ed Rozas<\/p>\n\n\n\n<figure class=\"wp-block-image size-full\"><a href=\"https:\/\/ifdbolson-rng.infd.edu.ar\/sitio\/wp-content\/uploads\/2026\/05\/Disposicion-268-CALENDARIO-IFDC-Bolson_firmado.pdf\"><img decoding=\"async\" loading=\"lazy\" width=\"267\" height=\"233\" src=\"https:\/\/ifdbolson-rng.infd.edu.ar\/sitio\/wp-content\/uploads\/2026\/05\/PEP.png\" alt=\"\" class=\"wp-image-8466\"\/><\/a><\/figure>\n\n\n\n<p>Para consultas espec\u00edficas de cada Profesorado deber\u00e1n comunicarse con el\/la coordinador\/a de carrera:<br>Profesorado de Educaci\u00f3n Inicial:\u00a0<a href=\"mailto:n.inicialbolson@gmail.com\">n.inicialbolson@gmail.com<\/a><br>Profesorado de Artes Visuales: <a href=\"mailto:prof.artesvisuales.ifdceb@gmail.com\">prof.artesvisuales.ifdceb@gmail.com<\/a><br>Profesorado de Historia: <a href=\"mailto:historiaifdc@gmail.com\">historiaifdc@gmail.com<\/a><br>Profesorado de Educaci\u00f3n Primaria:\u00a0<br><a href=\"mailto:secretariaprimariaifdcelbolson@gmail.com\">secretariaprimariaifdcelbolson@gmail.com<\/a><\/p>\n","protected":false},"excerpt":{"rendered":"<p>Directora: Carla Anah\u00ed Rozas Para consultas espec\u00edficas de cada Profesorado deber\u00e1n comunicarse con el\/la coordinador\/a de carrera:Profesorado de Educaci\u00f3n Inicial:\u00a0n.inicialbolson@gmail.comProfesorado de Artes Visuales: prof.artesvisuales.ifdceb@gmail.comProfesorado de Historia: historiaifdc@gmail.comProfesorado de Educaci\u00f3n Primaria:\u00a0secretariaprimariaifdcelbolson@gmail.com<\/p>\n","protected":false},"author":2483,"featured_media":0,"parent":0,"menu_order":0,"comment_status":"closed","ping_status":"closed","template":"","meta":[],"acf":[],"_links":{"self":[{"href":"https:\/\/ifdbolson-rng.infd.edu.ar\/sitio\/wp-json\/wp\/v2\/pages\/8446"}],"collection":[{"href":"https:\/\/ifdbolson-rng.infd.edu.ar\/sitio\/wp-json\/wp\/v2\/pages"}],"about":[{"href":"https:\/\/ifdbolson-rng.infd.edu.ar\/sitio\/wp-json\/wp\/v2\/types\/page"}],"author":[{"embeddable":true,"href":"https:\/\/ifdbolson-rng.infd.edu.ar\/sitio\/wp-json\/wp\/v2\/users\/2483"}],"replies":[{"embeddable":true,"href":"https:\/\/ifdbolson-rng.infd.edu.ar\/sitio\/wp-json\/wp\/v2\/comments?post=8446"}],"version-history":[{"count":4,"href":"https:\/\/ifdbolson-rng.infd.edu.ar\/sitio\/wp-json\/wp\/v2\/pages\/8446\/revisions"}],"predecessor-version":[{"id":8467,"href":"https:\/\/ifdbolson-rng.infd.edu.ar\/sitio\/wp-json\/wp\/v2\/pages\/8446\/revisions\/8467"}],"wp:attachment":[{"href":"https:\/\/ifdbolson-rng.infd.edu.ar\/sitio\/wp-json\/wp\/v2\/media?parent=8446"}],"curies":[{"name":"wp","href":"https:\/\/api.w.org\/{rel}","templated":true}]}}