{"id":8470,"date":"2026-05-08T10:11:44","date_gmt":"2026-05-08T13:11:44","guid":{"rendered":"https:\/\/ifdbolson-rng.infd.edu.ar\/sitio\/?page_id=8470"},"modified":"2026-05-08T13:05:48","modified_gmt":"2026-05-08T16:05:48","slug":"biblioteca","status":"publish","type":"page","link":"https:\/\/ifdbolson-rng.infd.edu.ar\/sitio\/biblioteca\/","title":{"rendered":"Biblioteca"},"content":{"rendered":"\n<p><em>Biblioteca Libe N. de Larraz\u00e1bal<\/em><\/p>\n\n\n\n<p><strong>Horarios:<br><\/strong>Lunes a viernes de 8.00 a 13.30 hs. y de 14.30 a 20.30 hs.<br>Contacto: <a href=\"mailto:bibliotecaifdcelbolson@gmail.com\" target=\"_blank\" rel=\"noreferrer noopener\">bibliotecaifdcelbolson@gmail.com<\/a><\/p>\n\n\n\n<p><strong>Los servicios de la Biblioteca son:<\/strong><\/p>\n\n\n\n<ul>\n<li>Atenci\u00f3n de consultas de usuarios remotos v\u00eda email y\/o tel\u00e9fon<\/li>\n\n\n\n<li>Consulta en sala: acceso a un fondo general al alcance de los usuarios de libros, revistas, Dvd, CD-ROM, l\u00e1minas, juegos, entre otros<\/li>\n\n\n\n<li>Pr\u00e9stamos interbibliotecarios<\/li>\n\n\n\n<li>Acompa\u00f1amiento a estudiantes en b\u00fasquedas bibliogr\u00e1fica<\/li>\n\n\n\n<li>Formaci\u00f3n de usuarios en el uso de la biblioteca<\/li>\n\n\n\n<li>Proyectos de promoci\u00f3n de la lectura<\/li>\n\n\n\n<li>Impulsar el desarrollo de toda actividad cultural, acorde con los objetivos de la instituci\u00f3n<\/li>\n\n\n\n<li>Espacio para la realizaci\u00f3n de pasant\u00edas de estudiantes de Bibliotecolog\u00eda<\/li>\n\n\n\n<li>Proyectos de extensi\u00f3n<\/li>\n\n\n\n<li>Blog de la biblioteca<\/li>\n<\/ul>\n\n\n\n<hr class=\"wp-block-separator has-alpha-channel-opacity\"\/>\n\n\n\n<h4 class=\"wp-block-heading\"><strong>Convocatoria muestra \u201cCuerpos en disputa. <em>Territorios, restos y futuros\u201d<\/em><\/strong><\/h4>\n\n\n<div class=\"wp-block-image\">\n<figure class=\"aligncenter size-full is-resized\"><img decoding=\"async\" loading=\"lazy\" src=\"https:\/\/ifdbolson-rng.infd.edu.ar\/sitio\/wp-content\/uploads\/2026\/05\/convocatoria-cuerpos.png\" alt=\"\" class=\"wp-image-8476\" width=\"243\" height=\"304\" srcset=\"https:\/\/ifdbolson-rng.infd.edu.ar\/sitio\/wp-content\/uploads\/2026\/05\/convocatoria-cuerpos.png 1080w, https:\/\/ifdbolson-rng.infd.edu.ar\/sitio\/wp-content\/uploads\/2026\/05\/convocatoria-cuerpos-800x1000.png 800w, https:\/\/ifdbolson-rng.infd.edu.ar\/sitio\/wp-content\/uploads\/2026\/05\/convocatoria-cuerpos-768x960.png 768w\" sizes=\"(max-width: 243px) 100vw, 243px\" \/><\/figure><\/div>\n\n\n<p>La biblioteca del IFDC de El Bols\u00f3n y la coordinaci\u00f3n de Investigaci\u00f3n y Extensi\u00f3n convocan a artistas visuales a participar de una muestra colectiva de ilustraci\u00f3n.<\/p>\n\n\n\n<p>La tem\u00e1tica de esta edici\u00f3n propone explorar el cuerpo en su experiencia situada, en di\u00e1logo con los atravesamientos contempor\u00e1neos de la crisis ambiental, los incendios y las transformaciones del entorno y, no podemos dejar de traerlo: el avance sobre los cuerpos, las imposiciones pol\u00edticas y econ\u00f3micas que nos alejan del bien vivir.<\/p>\n\n\n\n<p>Se recibir\u00e1n obras que aborden estas problem\u00e1ticas desde perspectivas diversas, tanto en clave po\u00e9tica como cr\u00edtica, simb\u00f3lica o narrativa.<\/p>\n\n\n\n<p>El armado de la muestra estar\u00e1 a cargo de la biblioteca. La inauguraci\u00f3n se realizar\u00e1 el 31 de agosto y se podr\u00e1 visitar durante todo el mes de septiembre.<\/p>\n\n\n\n<p><strong>Recepci\u00f3n de trabajos:<\/strong> hasta el 21 de agosto, en la biblioteca del IFDC de El Bols\u00f3n.<br>Para m\u00e1s informaci\u00f3n: <a href=\"mailto:bibliotecaifdcelbolson@gmail.com\">bibliotecaifdcelbolson@gmail.com<\/a><\/p>\n\n\n\n<p><strong>Ejes tem\u00e1ticos<br><\/strong>Las producciones podr\u00e1n abordar, entre otros, los siguientes ejes:<strong><br><\/strong>\u2022 El cuerpo en relaci\u00f3n con el territorio.<br>\u2022 Memoria, p\u00e9rdida y regeneraci\u00f3n.<br>\u2022 V\u00ednculos entre lo humano y lo no humano.<strong><\/strong><\/p>\n\n\n\n<p><strong>T\u00e9cnicas<br><\/strong>La t\u00e9cnica es libre. Se sugieren, entre otras: l\u00e1piz, tinta, grabado, acuarela, acr\u00edlico, textil, collage, t\u00e9cnicas mixtas y digitales.<strong><\/strong><\/p>\n","protected":false},"excerpt":{"rendered":"<p>Biblioteca Libe N. de Larraz\u00e1bal Horarios:Lunes a viernes de 8.00 a 13.30 hs. y de 14.30 a 20.30 hs.Contacto: bibliotecaifdcelbolson@gmail.com Los servicios de la Biblioteca son: Convocatoria muestra \u201cCuerpos en disputa. Territorios, restos y futuros\u201d La biblioteca del IFDC de El Bols\u00f3n y la coordinaci\u00f3n de Investigaci\u00f3n y Extensi\u00f3n convocan a artistas visuales a participar &#8230; <a title=\"Biblioteca\" class=\"read-more\" href=\"https:\/\/ifdbolson-rng.infd.edu.ar\/sitio\/biblioteca\/\" aria-label=\"More on Biblioteca\">[+]<\/a><\/p>\n","protected":false},"author":2483,"featured_media":0,"parent":0,"menu_order":0,"comment_status":"closed","ping_status":"closed","template":"","meta":[],"acf":[],"_links":{"self":[{"href":"https:\/\/ifdbolson-rng.infd.edu.ar\/sitio\/wp-json\/wp\/v2\/pages\/8470"}],"collection":[{"href":"https:\/\/ifdbolson-rng.infd.edu.ar\/sitio\/wp-json\/wp\/v2\/pages"}],"about":[{"href":"https:\/\/ifdbolson-rng.infd.edu.ar\/sitio\/wp-json\/wp\/v2\/types\/page"}],"author":[{"embeddable":true,"href":"https:\/\/ifdbolson-rng.infd.edu.ar\/sitio\/wp-json\/wp\/v2\/users\/2483"}],"replies":[{"embeddable":true,"href":"https:\/\/ifdbolson-rng.infd.edu.ar\/sitio\/wp-json\/wp\/v2\/comments?post=8470"}],"version-history":[{"count":5,"href":"https:\/\/ifdbolson-rng.infd.edu.ar\/sitio\/wp-json\/wp\/v2\/pages\/8470\/revisions"}],"predecessor-version":[{"id":8485,"href":"https:\/\/ifdbolson-rng.infd.edu.ar\/sitio\/wp-json\/wp\/v2\/pages\/8470\/revisions\/8485"}],"wp:attachment":[{"href":"https:\/\/ifdbolson-rng.infd.edu.ar\/sitio\/wp-json\/wp\/v2\/media?parent=8470"}],"curies":[{"name":"wp","href":"https:\/\/api.w.org\/{rel}","templated":true}]}}